{"id":1161,"date":"2025-06-04T14:45:24","date_gmt":"2025-06-04T14:45:24","guid":{"rendered":"https:\/\/stralskyddsprodukter.com\/?post_type=product&#038;p=1161"},"modified":"2026-04-07T21:29:47","modified_gmt":"2026-04-07T19:29:47","slug":"ra631-skirt-only","status":"publish","type":"product","link":"https:\/\/stralskyddsprodukter.com\/da\/vare\/ra631-skirt-only\/","title":{"rendered":"RA631 Sk\u00f8rt til beskyttelse af fronten"},"content":{"rendered":"<section id=\"section--text\" class=\"section section--text\">\n<div class=\"container\">\n<div class=\"row\">\n<div class=\"col-xl-8 offset-xl-2 col-lg-10 offset-lg-1\">\n<div class=\"text__wrapper\">\n<h2 class=\"text__heading\">Sk\u00f8rt til allround r\u00f8ntgenbeskyttelse: BALANCE RA631<\/h2>\n<div class=\"text__text\">\n<p>Optimal beskyttelse hele vejen rundt! Den patenterede Balance RA631-serie hj\u00e6lper dig gennem en sikker og behagelig dag. Dens s\u00e6rlige egenskaber adskiller denne model markant fra andre todelte modeller.<\/p>\n<p>Nederdelen har en bred b\u00e6ltestrop ud over krog- og burrelukningen af h\u00f8j kvalitet. En elastisk indsats i den bageste del giver brugeren mulighed for at holde sin holdning og kan let udskiftes, hvis det er n\u00f8dvendigt, takket v\u00e6re en lynl\u00e5s. Nederdelens \u00f8vre bredde kan varieres ved at \u00e6ndre st\u00f8rrelsen p\u00e5 indsatsen.<\/p>\n<\/div>\n<\/div>\n<\/div>\n<\/div>\n<\/div>\n<\/section>\n<section id=\"section--picture-description\" class=\"section section--picture-description picture-description\">\n<div class=\"container\">\n<div class=\"row\">\n<div class=\"col-xl-8 offset-xl-2 col-lg-10 offset-lg-1\">\n<div class=\"picture-description__wrapper\">\n<div class=\"row align-items-center\">\n<div class=\"col-xl-3\"><a class=\"zoom-image\" href=\"https:\/\/mavig.com\/wp-content\/uploads\/2022\/06\/mavig-levio-lighter-x-ray-aprons.png\" data-fancybox=\"images-page_sections_1_picture\"><img decoding=\"async\" class=\"lazy picture-description__picture\" src=\"https:\/\/mavig.com\/wp-content\/uploads\/2022\/06\/mavig-levio-lighter-x-ray-aprons-300x300.png\" alt=\"\" \/><\/a><\/div>\n<div class=\"offset-xl-1 col-xl-8\">\n<div class=\"picture-description__description\">\n<h3><strong>Nu ogs\u00e5 tilg\u00e6ngelig som Levio\u00ae Edition!<\/strong><\/h3>\n<p>&nbsp;<\/p>\n<ul>\n<li>Lettere r\u00f8ntgenbeskyttelsest\u00f8j<\/li>\n<li>Optimeret beskyttelse<\/li>\n<li><strong>NYT:<\/strong>\u00a0Standardm\u00e5l for Levio-panelet<br \/>\n<a href=\"https:\/\/mavig.com\/blog\/levio\/\">Mere information p\u00e5 MAVIGs hjemmeside<\/a> (\u00e5bner i ny fane).<\/li>\n<\/ul>\n<\/div>\n<\/div>\n<\/div>\n<\/div>\n<\/div>\n<\/div>\n<\/div>\n<\/section>\n<section id=\"section--text\" class=\"section section--text\">\n<div class=\"container\">\n<div class=\"row\">\n<div class=\"col-xl-8 offset-xl-2 col-lg-10 offset-lg-1\">\n<div class=\"text__wrapper\">\n<h2 class=\"text__heading\"><\/h2>\n<div class=\"text__text\">\n<p>Det todelte design modvirker optimalt enhver belastning af kroppen for\u00e5rsaget af varme eller v\u00e6gt.<\/p>\n<p>Standardudstyret omfatter skulderpuder og forberedelse til justerbart broderi. Som ekstraudstyr kan vesten udstyres med et str\u00e6kb\u00e6lte med knap. Det giver endnu mere v\u00e6gtaflastning for skuldrene.<\/p>\n<p><em>For yderligere aflastning af v\u00e6gten p\u00e5 skulderomr\u00e5det kan denne model kombineres med\u00a0<a href=\"https:\/\/stralskyddsprodukter.com\/da\/vare\/shoulder-bridge-brygga\/\">RA Brygga\u00ae<\/a>\u00a0skulderbro.<\/em><\/p>\n<p>&nbsp;<\/p>\n<h3><strong>Til standardkollektionen:<\/strong><\/h3>\n<p>&nbsp;<\/p>\n<div class=\"text__text-table\">\n<table width=\"0\">\n<tbody>\n<tr>\n<td width=\"200\"><strong>Beskyttende materiale:<\/strong><\/td>\n<td width=\"118\"><\/td>\n<td width=\"412\">NovaLite\u00ae Plus<\/td>\n<\/tr>\n<tr>\n<td width=\"200\">(valgfrit)<\/td>\n<td width=\"118\"><\/td>\n<td width=\"412\">Blyfri 2.0<\/td>\n<\/tr>\n<tr>\n<td width=\"200\">.<\/td>\n<td width=\"118\"><\/td>\n<td width=\"412\"><\/td>\n<\/tr>\n<tr>\n<td width=\"200\"><strong>P\u00e5 forsiden<br \/>\nBly\u00e6kvivalent:<br \/>\n<\/strong>(valgfrit)<\/td>\n<td width=\"118\"><\/td>\n<td width=\"412\">Pb 0,25 mm<\/p>\n<p>Pb 0,35 mm<\/p>\n<p>Pb 0,50 mm<\/td>\n<\/tr>\n<tr>\n<td width=\"200\"><\/td>\n<td width=\"118\"><\/td>\n<td width=\"412\"><\/td>\n<\/tr>\n<tr>\n<td width=\"200\">.<\/td>\n<td width=\"118\"><\/td>\n<td width=\"412\"><\/td>\n<\/tr>\n<tr>\n<td width=\"200\"><strong>Tilbage<br \/>\nBly\u00e6kvivalent:<\/strong><\/td>\n<td width=\"118\"><\/td>\n<td width=\"412\">Pb 0,25 mm<\/td>\n<\/tr>\n<\/tbody>\n<\/table>\n<\/div>\n<p>&nbsp;<\/p>\n<h3><strong>Levio Edition:<\/strong><\/h3>\n<p>&nbsp;<\/p>\n<div class=\"text__text-table\">\n<table width=\"621\">\n<tbody>\n<tr>\n<td width=\"150\"><strong>Beskyttende materiale:<\/strong><\/td>\n<td width=\"100\"><\/td>\n<td width=\"350\">NovaLite\u00ae Plus<\/td>\n<\/tr>\n<tr>\n<td width=\"150\">(valgfrit)<\/td>\n<td width=\"100\"><\/td>\n<td width=\"350\">Blyfri 2.0<\/td>\n<\/tr>\n<tr>\n<td width=\"150\">.<\/td>\n<td width=\"100\"><\/td>\n<td width=\"350\"><\/td>\n<\/tr>\n<tr>\n<td width=\"150\"><strong>P\u00e5 forsiden<br \/>\nBly\u00e6kvivalent:<br \/>\n<\/strong>(valgfrit)<\/td>\n<td width=\"100\"><\/td>\n<td width=\"350\">0,25 mm Pb \/ 0,42 mm Pb<\/p>\n<p>0,25 mm Pb \/ 0,50 mm Pb<\/td>\n<\/tr>\n<tr>\n<td width=\"150\"><\/td>\n<td width=\"100\"><\/td>\n<td width=\"350\"><\/td>\n<\/tr>\n<tr>\n<td width=\"150\"><\/td>\n<td width=\"100\"><\/td>\n<td width=\"350\"><\/td>\n<\/tr>\n<tr>\n<td width=\"150\"><strong>Tilbage<br \/>\nBly\u00e6kvivalent:<\/strong><\/td>\n<td width=\"100\"><\/td>\n<td width=\"350\">&nbsp;<\/p>\n<p>0,25 mm Pb<\/td>\n<\/tr>\n<\/tbody>\n<\/table>\n<\/div>\n<p>&nbsp;<\/p>\n<h3><strong>Opfylder alle relevante regler og krav<\/strong><\/h3>\n<p>Typeafpr\u00f8vning og certificering i overensstemmelse med (EU) 2016\/425, IEC 61331-1:2014 \/ DIN EN 61331-1:2016 og IEC 61331-3:2014 \/ DIN EN 61331-3:2016 og (EU) 2017\/745 for medicinsk udstyr.<\/p>\n<\/div>\n<\/div>\n<\/div>\n<\/div>\n<\/div>\n<\/section>","protected":false},"excerpt":{"rendered":"<h1 class=\"product-page__short-description\">Sk\u00f8rt til frontbeskyttelse RA631<\/h1>\n<p>Allround optimal r\u00f8ntgenbeskyttelse! Den patenterede Balance RA631-serie hj\u00e6lper dig gennem en sikker og behagelig dag med sin gode v\u00e6gtfordeling og en h\u00f8j grad af bev\u00e6gelse og fleksibilitet.<\/p>\n<ul>\n<li><strong>Betydeligt reduceret v\u00e6gtbelastning p\u00e5 rygs\u00f8jlen<\/strong><\/li>\n<li><strong>F\u00e5s i en todelt model, som giver bedre ventilation af kropsvarmen<\/strong><\/li>\n<li><strong>Skulderpuder som standardudstyr<\/strong><\/li>\n<li><strong>Opfylder alle relevante regler og krav<\/strong><\/li>\n<li><strong>Opfylder specifikationerne i DIN EN ISO 13795-1 for kirurgiske tekstiler<\/strong><\/li>\n<li><strong>PFC-frit ydermateriale i henhold til Oeko-Tex\u00ae 100-standarden<\/strong><\/li>\n<li><strong>Biokompatible, ftalatfrie materialer til str\u00e5lingsbeskyttelse (blykomponenter kan genbruges)<\/strong><\/li>\n<\/ul>\n<blockquote><p>Dette produkt leveres som standard med ComforTex HPMF Hybrid ydermateriale.<br data-start=\"256\" data-end=\"259\" \/>Hvis du \u00f8nsker at bestille den i et andet materiale, bedes du <a href=\"https:\/\/visitek.se\/kontakt\/\">kontakt os<\/a>.<\/p><\/blockquote>","protected":false},"featured_media":891,"template":"","meta":{"content-type":""},"product_brand":[33],"product_cat":[53,15,47],"product_tag":[60,68],"class_list":{"0":"post-1161","1":"product","2":"type-product","3":"status-publish","4":"has-post-thumbnail","6":"product_brand-mavig","7":"product_cat-protection-for-medical-personnel","8":"product_cat-okategoriserad","9":"product_cat-x-ray-protection","10":"product_tag-protection-for-medical-personnel","11":"product_tag-skirt","12":"product_shipping_class-shipping-clothes","14":"first","15":"instock","16":"taxable","17":"shipping-taxable","18":"purchasable","19":"product-type-variable"},"jetpack_sharing_enabled":true,"_links":{"self":[{"href":"https:\/\/stralskyddsprodukter.com\/da\/wp-json\/wp\/v2\/product\/1161","targetHints":{"allow":["GET"]}}],"collection":[{"href":"https:\/\/stralskyddsprodukter.com\/da\/wp-json\/wp\/v2\/product"}],"about":[{"href":"https:\/\/stralskyddsprodukter.com\/da\/wp-json\/wp\/v2\/types\/product"}],"wp:featuredmedia":[{"embeddable":true,"href":"https:\/\/stralskyddsprodukter.com\/da\/wp-json\/wp\/v2\/media\/891"}],"wp:attachment":[{"href":"https:\/\/stralskyddsprodukter.com\/da\/wp-json\/wp\/v2\/media?parent=1161"}],"wp:term":[{"taxonomy":"product_brand","embeddable":true,"href":"https:\/\/stralskyddsprodukter.com\/da\/wp-json\/wp\/v2\/product_brand?post=1161"},{"taxonomy":"product_cat","embeddable":true,"href":"https:\/\/stralskyddsprodukter.com\/da\/wp-json\/wp\/v2\/product_cat?post=1161"},{"taxonomy":"product_tag","embeddable":true,"href":"https:\/\/stralskyddsprodukter.com\/da\/wp-json\/wp\/v2\/product_tag?post=1161"}],"curies":[{"name":"wp","href":"https:\/\/api.w.org\/{rel}","templated":true}]}}