{"id":2998,"date":"2025-06-17T10:38:14","date_gmt":"2025-06-17T10:38:14","guid":{"rendered":"https:\/\/stralskyddsprodukter.com\/produkt\/femoral-protective-drape\/"},"modified":"2026-04-07T21:21:22","modified_gmt":"2026-04-07T19:21:22","slug":"femoral-protective-drape","status":"publish","type":"product","link":"https:\/\/stralskyddsprodukter.com\/da\/vare\/femoral-protective-drape\/","title":{"rendered":"Beskyttende l\u00e5rbensafd\u00e6kning"},"content":{"rendered":"<p>Vores genanvendelige afd\u00e6kninger er ergonomisk udformet til at give fremragende beskyttelse, samtidig med at de er s\u00e5 kompakte som muligt af hensyn til patientens komfort.<\/p>\n<p>Der er ogs\u00e5 lagt s\u00e6rlig v\u00e6gt p\u00e5 deres anvendelse, f.eks. den s\u00e6rlige udsk\u00e6ring i femurafd\u00e6kningen til femurporten og den svage h\u00e6ldning p\u00e5 h\u00f8jre side af begge afd\u00e6kninger for at sikre uhindret billeddannelse.<\/p>\n<p>Med den <a href=\"https:\/\/stralskyddsprodukter.com\/da\/vare\/sterile-covers-for-femoral-drape\/\">sterile d\u00e6ksler<\/a>, kan beskyttelsesafd\u00e6kningen placeres oven p\u00e5 patientafd\u00e6kningen, s\u00e5 den hurtigt kan s\u00e6ttes p\u00e5 eller tages af, og s\u00e5 man kan se, hvor den ligger.<\/p>","protected":false},"excerpt":{"rendered":"<h1>Beskyttende l\u00e5rbensafd\u00e6kning<\/h1>\n<p><strong>Farve:<\/strong><br \/>\nMandarin (brugersiden)<br \/>\nTitan (patientens side)<\/p>\n<p><strong>Beskyttende materiale (indl\u00e6g):<\/strong><br \/>\nStandard bly<\/p>\n<p><strong>Bly\u00e6kvivalent:<\/strong><br \/>\nStandard: 0,50 mm Pb<\/p>\n<p><strong>Ydermateriale - betr\u00e6k:<\/strong><br \/>\nComforTex HPMF<\/p>","protected":false},"featured_media":3003,"template":"","meta":{"content-type":""},"product_brand":[33],"product_cat":[58,50,47],"product_tag":[49,74,52],"class_list":{"0":"post-2998","1":"product","2":"type-product","3":"status-publish","4":"has-post-thumbnail","6":"product_brand-mavig","7":"product_cat-x-ray-protection-accessories","8":"product_cat-protection-for-the-patient","9":"product_cat-x-ray-protection","10":"product_tag-accessories","11":"product_tag-drapes","12":"product_tag-protection-for-the-patient","13":"product_shipping_class-shipping-clothes","15":"first","16":"instock","17":"taxable","18":"shipping-taxable","19":"purchasable","20":"product-type-simple"},"jetpack_sharing_enabled":true,"_links":{"self":[{"href":"https:\/\/stralskyddsprodukter.com\/da\/wp-json\/wp\/v2\/product\/2998","targetHints":{"allow":["GET"]}}],"collection":[{"href":"https:\/\/stralskyddsprodukter.com\/da\/wp-json\/wp\/v2\/product"}],"about":[{"href":"https:\/\/stralskyddsprodukter.com\/da\/wp-json\/wp\/v2\/types\/product"}],"wp:featuredmedia":[{"embeddable":true,"href":"https:\/\/stralskyddsprodukter.com\/da\/wp-json\/wp\/v2\/media\/3003"}],"wp:attachment":[{"href":"https:\/\/stralskyddsprodukter.com\/da\/wp-json\/wp\/v2\/media?parent=2998"}],"wp:term":[{"taxonomy":"product_brand","embeddable":true,"href":"https:\/\/stralskyddsprodukter.com\/da\/wp-json\/wp\/v2\/product_brand?post=2998"},{"taxonomy":"product_cat","embeddable":true,"href":"https:\/\/stralskyddsprodukter.com\/da\/wp-json\/wp\/v2\/product_cat?post=2998"},{"taxonomy":"product_tag","embeddable":true,"href":"https:\/\/stralskyddsprodukter.com\/da\/wp-json\/wp\/v2\/product_tag?post=2998"}],"curies":[{"name":"wp","href":"https:\/\/api.w.org\/{rel}","templated":true}]}}