{"id":2999,"date":"2025-06-17T10:38:15","date_gmt":"2025-06-17T10:38:15","guid":{"rendered":"https:\/\/stralskyddsprodukter.com\/produkt\/sterile-covers-for-femoral-drape\/"},"modified":"2026-04-07T21:20:59","modified_gmt":"2026-04-07T19:20:59","slug":"sterile-covers-for-femoral-drape","status":"publish","type":"product","link":"https:\/\/stralskyddsprodukter.com\/da\/vare\/sterile-covers-for-femoral-drape\/","title":{"rendered":"Sterile overtr\u00e6k til l\u00e5rbensafd\u00e6kning"},"content":{"rendered":"<p>Vores genanvendelige afd\u00e6kninger er ergonomisk udformet til at give fremragende beskyttelse, samtidig med at de er s\u00e5 kompakte som muligt af hensyn til patientens komfort.<\/p>\n<p>Der er ogs\u00e5 lagt s\u00e6rlig v\u00e6gt p\u00e5 deres anvendelse, f.eks. den s\u00e6rlige udsk\u00e6ring i femurafd\u00e6kningen til femurporten og den svage h\u00e6ldning p\u00e5 h\u00f8jre side af begge afd\u00e6kninger for at sikre uhindret billeddannelse.<\/p>\n<p>Med de sterile covers kan de beskyttende afd\u00e6kninger placeres oven p\u00e5 patientafd\u00e6kningen, s\u00e5 de hurtigt kan s\u00e6ttes p\u00e5 eller tages af, og s\u00e5 man kan se, hvor de ligger.<\/p>","protected":false},"excerpt":{"rendered":"<h1>Sterile overtr\u00e6k til l\u00e5rbensafd\u00e6kning<\/h1>\n<blockquote>\n<h3><strong>OBS!<\/strong><\/h3>\n<p><strong>Kun sterile omslag! Brug sammen med\u00a0<a href=\"https:\/\/stralskyddsprodukter.com\/da\/produkt\/femoral-protective-drape\/\">Beskyttende l\u00e5rbensafd\u00e6kning<\/a><\/strong><br \/>\n<strong>50 stykker.<\/strong><\/p><\/blockquote>","protected":false},"featured_media":3003,"template":"","meta":{"content-type":""},"product_brand":[33],"product_cat":[58,50,47],"product_tag":[49,74,52],"class_list":{"0":"post-2999","1":"product","2":"type-product","3":"status-publish","4":"has-post-thumbnail","6":"product_brand-mavig","7":"product_cat-x-ray-protection-accessories","8":"product_cat-protection-for-the-patient","9":"product_cat-x-ray-protection","10":"product_tag-accessories","11":"product_tag-drapes","12":"product_tag-protection-for-the-patient","13":"product_shipping_class-shipping-clothes","15":"first","16":"instock","17":"taxable","18":"shipping-taxable","19":"purchasable","20":"product-type-simple"},"jetpack_sharing_enabled":true,"_links":{"self":[{"href":"https:\/\/stralskyddsprodukter.com\/da\/wp-json\/wp\/v2\/product\/2999","targetHints":{"allow":["GET"]}}],"collection":[{"href":"https:\/\/stralskyddsprodukter.com\/da\/wp-json\/wp\/v2\/product"}],"about":[{"href":"https:\/\/stralskyddsprodukter.com\/da\/wp-json\/wp\/v2\/types\/product"}],"wp:featuredmedia":[{"embeddable":true,"href":"https:\/\/stralskyddsprodukter.com\/da\/wp-json\/wp\/v2\/media\/3003"}],"wp:attachment":[{"href":"https:\/\/stralskyddsprodukter.com\/da\/wp-json\/wp\/v2\/media?parent=2999"}],"wp:term":[{"taxonomy":"product_brand","embeddable":true,"href":"https:\/\/stralskyddsprodukter.com\/da\/wp-json\/wp\/v2\/product_brand?post=2999"},{"taxonomy":"product_cat","embeddable":true,"href":"https:\/\/stralskyddsprodukter.com\/da\/wp-json\/wp\/v2\/product_cat?post=2999"},{"taxonomy":"product_tag","embeddable":true,"href":"https:\/\/stralskyddsprodukter.com\/da\/wp-json\/wp\/v2\/product_tag?post=2999"}],"curies":[{"name":"wp","href":"https:\/\/api.w.org\/{rel}","templated":true}]}}