{"id":3216,"date":"2025-06-23T19:14:16","date_gmt":"2025-06-23T19:14:16","guid":{"rendered":"https:\/\/stralskyddsprodukter.com\/?post_type=product&#038;p=3216"},"modified":"2026-04-07T21:11:42","modified_gmt":"2026-04-07T19:11:42","slug":"rp270-mammary-gland-shield","status":"publish","type":"product","link":"https:\/\/stralskyddsprodukter.com\/da\/vare\/rp270-mammary-gland-shield\/","title":{"rendered":"RP270 Skjold til brystkirtel"},"content":{"rendered":"<h2 class=\"text__heading\">Optimeret beskyttelse af patienten<\/h2>\n<div class=\"text__text\">\n<p>Skjoldet best\u00e5r af to dele p\u00e5 hver 18 x 40 cm (B x H), der er forbundet med en l\u00e6ngdejusterbar velcrolukning, s\u00e5 det er behageligt at tage p\u00e5 og nemt at justere.<\/p>\n<p>&nbsp;<\/p>\n<ul>\n<li>Bly\u00e6kvivalent: 0,50 mm Pb - Standard blybeskyttende materiale<\/li>\n<li>St\u00f8rrelse: Universal st\u00f8rrelse<\/li>\n<li>Kantning: Alle kanter er d\u00e6kket af et seem-b\u00e5nd<\/li>\n<\/ul>\n<p>&nbsp;<\/p>\n<p><em>Vores patientbeskyttelsesprodukter overholder naturligvis forordning (EU) 2016\/425 for personlige v\u00e6rnemidler og (EU) 2017\/745 for medicinsk udstyr.<\/em><\/p>\n<\/div>","protected":false},"excerpt":{"rendered":"<h1 class=\"product-page__short-description\">Beskyttelse af brystkirtler for kvinder RP270<\/h1>\n<p>MAVIGs brystkirtelskjold er specielt designet til beskyttelse af patienternes brystkirtelomr\u00e5de under mammografiske str\u00e5leprocedurer. Som alle vores beskyttelser tilbyder RP270 solid beskyttelse og optimeret funktionalitet.<\/p>\n<ul>\n<li><strong>Let at bruge<\/strong><\/li>\n<li><strong>Fremragende egenskaber til beskyttelse mod str\u00e5ling<\/strong><\/li>\n<li><strong>Tilpasningsbar krog- og burrelukning giver en behagelig pasform og nem st\u00f8rrelsesjustering<\/strong><\/li>\n<li><strong>PFC-frit ydermateriale i henhold til Oeko-Tex\u00ae 100-standarden<\/strong><\/li>\n<\/ul>","protected":false},"featured_media":3218,"template":"","meta":{"content-type":""},"product_brand":[33],"product_cat":[50,47],"product_tag":[71,52],"class_list":{"0":"post-3216","1":"product","2":"type-product","3":"status-publish","4":"has-post-thumbnail","6":"product_brand-mavig","7":"product_cat-protection-for-the-patient","8":"product_cat-x-ray-protection","9":"product_tag-mammary-gland-shield","10":"product_tag-protection-for-the-patient","11":"product_shipping_class-shipping-clothes","13":"first","14":"instock","15":"taxable","16":"shipping-taxable","17":"purchasable","18":"product-type-variable"},"jetpack_sharing_enabled":true,"_links":{"self":[{"href":"https:\/\/stralskyddsprodukter.com\/da\/wp-json\/wp\/v2\/product\/3216","targetHints":{"allow":["GET"]}}],"collection":[{"href":"https:\/\/stralskyddsprodukter.com\/da\/wp-json\/wp\/v2\/product"}],"about":[{"href":"https:\/\/stralskyddsprodukter.com\/da\/wp-json\/wp\/v2\/types\/product"}],"wp:featuredmedia":[{"embeddable":true,"href":"https:\/\/stralskyddsprodukter.com\/da\/wp-json\/wp\/v2\/media\/3218"}],"wp:attachment":[{"href":"https:\/\/stralskyddsprodukter.com\/da\/wp-json\/wp\/v2\/media?parent=3216"}],"wp:term":[{"taxonomy":"product_brand","embeddable":true,"href":"https:\/\/stralskyddsprodukter.com\/da\/wp-json\/wp\/v2\/product_brand?post=3216"},{"taxonomy":"product_cat","embeddable":true,"href":"https:\/\/stralskyddsprodukter.com\/da\/wp-json\/wp\/v2\/product_cat?post=3216"},{"taxonomy":"product_tag","embeddable":true,"href":"https:\/\/stralskyddsprodukter.com\/da\/wp-json\/wp\/v2\/product_tag?post=3216"}],"curies":[{"name":"wp","href":"https:\/\/api.w.org\/{rel}","templated":true}]}}