{"id":3229,"date":"2025-06-23T19:32:06","date_gmt":"2025-06-23T19:32:06","guid":{"rendered":"https:\/\/stralskyddsprodukter.com\/?post_type=product&#038;p=3229"},"modified":"2026-04-07T21:11:09","modified_gmt":"2026-04-07T19:11:09","slug":"rp271-children-mammary-gland-shield","status":"publish","type":"product","link":"https:\/\/stralskyddsprodukter.com\/da\/vare\/rp271-children-mammary-gland-shield\/","title":{"rendered":"RP271 Brystkirtelskjold til b\u00f8rn"},"content":{"rendered":"<h2 class=\"text__heading\">Optimeret beskyttelse af patienten<\/h2>\n<div class=\"text__text\">\n<p>N\u00e5r RP271 er placeret korrekt p\u00e5 patienten, kan den reducere str\u00e5lingseksponeringen med op til 80 %. St\u00f8rrelsen p\u00e5 dette genanvendelige produkt kan nemt justeres med de behagelige, bl\u00f8de neoprenpropper foran og en praktisk snorprop bagp\u00e5.<\/p>\n<p>&nbsp;<\/p>\n<ul>\n<li>Blyfrit 2.0 r\u00f8ntgenbeskyttende materiale med en bly\u00e6kvivalent p\u00e5 0,50 mm Pb<\/li>\n<li>Perfekt hygiejnisk, hudfast yderbekl\u00e6dning<\/li>\n<li>Kan nemt justeres til forskellige st\u00f8rrelser<\/li>\n<li>Behagelige, ikke-irriterende neoprenpropper<\/li>\n<\/ul>\n<p>&nbsp;<\/p>\n<p><em>Vores patientbeskyttelsesprodukter overholder naturligvis forordning (EU) 2016\/425 for personlige v\u00e6rnemidler og (EU) 2017\/745 for medicinsk udstyr.<\/em><\/p>\n<\/div>","protected":false},"excerpt":{"rendered":"<h1 class=\"product-page__short-description\">Beskyttelse af brystkirtler til p\u00e6diatri RP271<\/h1>\n<p>Patientbeskyttelsesproduktet til p\u00e6diatri beskytter p\u00e5lideligt brystkirtlerne p\u00e5 dine sm\u00e5 patienter under r\u00f8ntgenbilleder i medicinsk diagnostik.<\/p>\n<ul>\n<li><strong>Reduktion af str\u00e5lingseksponering i omr\u00e5det omkring brystkirtlerne med ca. 80%<br \/>\n<\/strong><\/li>\n<li><strong>Let at bruge<\/strong><\/li>\n<li><strong>Hygiejnisk rent, hudvenligt yderbetr\u00e6k<br \/>\n<\/strong><\/li>\n<li><strong>Genanvendelig, ikke et engangsprodukt<br \/>\n<\/strong><\/li>\n<li><strong>Komfortable neoprenpropper, der ikke trykker<br \/>\n<\/strong><\/li>\n<li><strong>Praktisk justering<\/strong><\/li>\n<li><strong>Fremragende egenskaber til beskyttelse mod str\u00e5ling<\/strong><\/li>\n<li><strong>PFC-frit ydermateriale i henhold til Oeko-Tex\u00ae 100-standarden<\/strong><\/li>\n<\/ul>","protected":false},"featured_media":3233,"template":"","meta":{"content-type":""},"product_brand":[33],"product_cat":[51,50,47],"product_tag":[48,71,52],"class_list":{"0":"post-3229","1":"product","2":"type-product","3":"status-publish","4":"has-post-thumbnail","6":"product_brand-mavig","7":"product_cat-children-sizes-x-ray-protection","8":"product_cat-protection-for-the-patient","9":"product_cat-x-ray-protection","10":"product_tag-children-sizes","11":"product_tag-mammary-gland-shield","12":"product_tag-protection-for-the-patient","13":"product_shipping_class-shipping-clothes","15":"first","16":"instock","17":"taxable","18":"shipping-taxable","19":"purchasable","20":"product-type-variable"},"jetpack_sharing_enabled":true,"_links":{"self":[{"href":"https:\/\/stralskyddsprodukter.com\/da\/wp-json\/wp\/v2\/product\/3229","targetHints":{"allow":["GET"]}}],"collection":[{"href":"https:\/\/stralskyddsprodukter.com\/da\/wp-json\/wp\/v2\/product"}],"about":[{"href":"https:\/\/stralskyddsprodukter.com\/da\/wp-json\/wp\/v2\/types\/product"}],"wp:featuredmedia":[{"embeddable":true,"href":"https:\/\/stralskyddsprodukter.com\/da\/wp-json\/wp\/v2\/media\/3233"}],"wp:attachment":[{"href":"https:\/\/stralskyddsprodukter.com\/da\/wp-json\/wp\/v2\/media?parent=3229"}],"wp:term":[{"taxonomy":"product_brand","embeddable":true,"href":"https:\/\/stralskyddsprodukter.com\/da\/wp-json\/wp\/v2\/product_brand?post=3229"},{"taxonomy":"product_cat","embeddable":true,"href":"https:\/\/stralskyddsprodukter.com\/da\/wp-json\/wp\/v2\/product_cat?post=3229"},{"taxonomy":"product_tag","embeddable":true,"href":"https:\/\/stralskyddsprodukter.com\/da\/wp-json\/wp\/v2\/product_tag?post=3229"}],"curies":[{"name":"wp","href":"https:\/\/api.w.org\/{rel}","templated":true}]}}