{"id":3306,"date":"2025-06-24T10:15:22","date_gmt":"2025-06-24T08:15:22","guid":{"rendered":"https:\/\/stralskyddsprodukter.com\/?post_type=product&#038;p=3306"},"modified":"2026-04-07T21:08:14","modified_gmt":"2026-04-07T19:08:14","slug":"rd644-dental-patient-x-ray-protective-apron","status":"publish","type":"product","link":"https:\/\/stralskyddsprodukter.com\/da\/vare\/rd644-dental-patient-x-ray-protective-apron\/","title":{"rendered":"RD644 Beskyttelsesforkl\u00e6de til r\u00f8ntgenpatienter med skjoldbruskkirtelskjold"},"content":{"rendered":"<h2 class=\"text__heading\">Optimeret beskyttelse af patienten<\/h2>\n<div class=\"text__text\">\n<p>Forkl\u00e6det giver ikke kun omfattende beskyttelse op til gonaderne, men ogs\u00e5 til skjoldbruskkirtlen hos den siddende patient under tandr\u00f8ntgen. Den praktiske velcrolukning i nakken p\u00e5 thyroideabeskyttelseskraven sikrer en t\u00e6t, sikker og hurtig pasform.<\/p>\n<p>Sl\u00f8jfer p\u00e5 bagsiden af forkl\u00e6det g\u00f8r det muligt at fastg\u00f8re forkl\u00e6det til tandl\u00e6gestolen.<\/p>\n<p>Model RD644 er designet som et vendbart r\u00f8ntgenforkl\u00e6de til patienter. Designet giver dig mulighed for at v\u00e6lge mellem et ensfarvet eller tofarvet design.<\/p>\n<p>Kombinationer med to farver f\u00e5s i \u201cCuracao med Orchidee\u201d og \u201cBlue Admiral med Baccara\u201d.<\/p>\n<p>&nbsp;<\/p>\n<ul>\n<li><strong>Beskyttende materiale:\u00a0<\/strong>NovaLite\u00ae Plus eller Leadfree 2.0<\/li>\n<li><strong>Bly\u00e6kvivalent:<\/strong>\u00a00,50 mm Pb<\/li>\n<li><strong>Ydre materiale:<\/strong>\u00a0ComforTex\u00ae HPMF eller ComforTex\u00ae HPMF Hybrid<\/li>\n<li><strong>St\u00f8rrelser Voksne:\u00a0<\/strong>Front: 80,0 x 60,0 cm (L x B, uden krave)<\/li>\n<li><strong>St\u00f8rrelser B\u00f8rn<\/strong>: Front: 60,0 x 45,0 cm (L x B, uden krave)<\/li>\n<li><strong>Sl\u00f8jfer:<\/strong>\u00a0P\u00e5 bagsiden til at fastg\u00f8re RD644 til tandl\u00e6gestolen<\/li>\n<\/ul>\n<p>&nbsp;<\/p>\n<p>Vores patientbeskyttelsesprodukter overholder naturligvis forordning (EU) 2016\/425 for personlige v\u00e6rnemidler og (EU) 2017\/745 for medicinsk udstyr.<\/p>\n<\/div>","protected":false},"excerpt":{"rendered":"<h1 class=\"product-page__short-description\">Tandl\u00e6geforkl\u00e6de med krave<\/h1>\n<p>Tandl\u00e6geforkl\u00e6det model RD644 bruges til billeder, n\u00e5r man sidder ned, og giver h\u00f8j fleksibilitet og b\u00e6rekomfort. RD644 beskytter hele skulderomr\u00e5det ned til gonaderne.<\/p>\n<ul>\n<li><strong>Fremragende egenskaber til beskyttelse mod str\u00e5ling<\/strong><\/li>\n<li><strong>Kan tilpasses individuelt<\/strong><\/li>\n<li><strong>Hurtig og nem at s\u00e6tte p\u00e5<\/strong><\/li>\n<li><strong>PFC-frit ydermateriale i henhold til Oeko-Tex\u00ae 100-standarden<\/strong><\/li>\n<\/ul>","protected":false},"featured_media":3316,"template":"","meta":{"content-type":""},"product_brand":[33],"product_cat":[51,56,104,50,47],"product_tag":[65,48,61,52],"class_list":{"0":"post-3306","1":"product","2":"type-product","3":"status-publish","4":"has-post-thumbnail","6":"product_brand-mavig","7":"product_cat-children-sizes-x-ray-protection","8":"product_cat-protection-in-dental-medicine","9":"product_cat-lead-free-aprons","10":"product_cat-protection-for-the-patient","11":"product_cat-x-ray-protection","12":"product_tag-apron","13":"product_tag-children-sizes","14":"product_tag-protection-in-dental-medicine","15":"product_tag-protection-for-the-patient","16":"product_shipping_class-shipping-clothes","18":"first","19":"instock","20":"taxable","21":"shipping-taxable","22":"purchasable","23":"product-type-variable"},"jetpack_sharing_enabled":true,"_links":{"self":[{"href":"https:\/\/stralskyddsprodukter.com\/da\/wp-json\/wp\/v2\/product\/3306","targetHints":{"allow":["GET"]}}],"collection":[{"href":"https:\/\/stralskyddsprodukter.com\/da\/wp-json\/wp\/v2\/product"}],"about":[{"href":"https:\/\/stralskyddsprodukter.com\/da\/wp-json\/wp\/v2\/types\/product"}],"wp:featuredmedia":[{"embeddable":true,"href":"https:\/\/stralskyddsprodukter.com\/da\/wp-json\/wp\/v2\/media\/3316"}],"wp:attachment":[{"href":"https:\/\/stralskyddsprodukter.com\/da\/wp-json\/wp\/v2\/media?parent=3306"}],"wp:term":[{"taxonomy":"product_brand","embeddable":true,"href":"https:\/\/stralskyddsprodukter.com\/da\/wp-json\/wp\/v2\/product_brand?post=3306"},{"taxonomy":"product_cat","embeddable":true,"href":"https:\/\/stralskyddsprodukter.com\/da\/wp-json\/wp\/v2\/product_cat?post=3306"},{"taxonomy":"product_tag","embeddable":true,"href":"https:\/\/stralskyddsprodukter.com\/da\/wp-json\/wp\/v2\/product_tag?post=3306"}],"curies":[{"name":"wp","href":"https:\/\/api.w.org\/{rel}","templated":true}]}}