{"id":3327,"date":"2025-06-24T09:06:01","date_gmt":"2025-06-24T09:06:01","guid":{"rendered":"https:\/\/stralskyddsprodukter.com\/?post_type=product&#038;p=3327"},"modified":"2025-11-13T13:27:00","modified_gmt":"2025-11-13T11:27:00","slug":"rd614-patient-thyroid-shield","status":"publish","type":"product","link":"https:\/\/stralskyddsprodukter.com\/da\/vare\/rd614-patient-thyroid-shield\/","title":{"rendered":"RD614 Patient skjoldbruskkirtel skjold"},"content":{"rendered":"<h2 class=\"text__heading\">Optimeret beskyttelse af patienten<\/h2>\n<div class=\"text__text\">\n<p>Skjoldbruskkirtlen er et str\u00e5lingsf\u00f8lsomt organ i menneskekroppen og har derfor et s\u00e6rligt behov for beskyttelse. Vores thyroideabeskyttelse til patienter er optimalt sk\u00e5ret og har den bedste pasform, og den tager selvf\u00f8lgelig ogs\u00e5 h\u00f8jde for alle str\u00e5lingsbeskyttelsesaspekter. En ukompliceret magnet- eller velcrolukning, som ogs\u00e5 kan udskiftes som ekstraudstyr, giver tilstr\u00e6kkelig mulighed for justering.<\/p>\n<p>&nbsp;<\/p>\n<ul>\n<li><strong>Beskyttelse:\u00a0<\/strong>NovaLite\u00ae Plus eller Leadfree 2.0<\/li>\n<\/ul>\n<ul>\n<li><strong>Bly\u00e6kvivalent:<\/strong>\u00a00,50 mm<strong>\u00a0<\/strong>Pb<\/li>\n<\/ul>\n<ul>\n<li><strong>Ydre materiale:\u00a0<\/strong>ComforTex\u00ae HPMF, ComforTex\u00ae HPMF Hybrid eller ComforTex\u00ae HPMF Plus<strong>\u00a0<\/strong><\/li>\n<\/ul>\n<ul>\n<li><strong>Halsst\u00f8rrelser<\/strong>\u00a0(Magnetisk\/hook-and-loop-lukning)*: Voksne: 32 - 45 cm, B\u00f8rn: 28 - 36 cm<strong>\u00a0<\/strong><\/li>\n<\/ul>\n<ul>\n<li><strong>Halsst\u00f8rrelser<\/strong>\u00a0(Udskiftelig velcrolukning)*:  Voksne: 37 - 50 cm, B\u00f8rn: 28 - 36 cm<strong>\u00a0<\/strong><\/li>\n<\/ul>\n<ul>\n<li><strong>Hygiejnisk d\u00e6ksel<\/strong>: Vaskbart, hygiejnisk betr\u00e6k i det s\u00e6rlige ComforTex\u00ae MF-materiale i farven \u00abTitan\u00bb til voksne eller b\u00f8rn<\/li>\n<\/ul>\n<p>&nbsp;<\/p>\n<p>Vores patientbeskyttelsesprodukter overholder naturligvis forordning (EU) 2016\/425 for personlige v\u00e6rnemidler og (EU) 2017\/745 for medicinsk udstyr.<\/p>\n<p>&nbsp;<\/p>\n<p>*Standardst\u00f8rrelse passer til de fleste halsst\u00f8rrelser<\/p>\n<\/div>","protected":false},"excerpt":{"rendered":"<h1 class=\"product-page__short-description\">Beskyttelse af patientens skjoldbruskkirtel RD614<\/h1>\n<p>Vores skjoldbruskkirtel- og brystbensbeskytter er kendetegnet ved sit f\u00f8rsteklasses snit og den bedste pasform, der tager h\u00f8jde for alle aspekter af str\u00e5lingsbeskyttelse.<\/p>\n<ul>\n<li><strong>Fremragende egenskaber til beskyttelse mod str\u00e5ling<\/strong><\/li>\n<li><strong>Kan bruges flere gange, ikke et engangsprodukt<\/strong><\/li>\n<li><strong>Let at placere<\/strong><\/li>\n<li><strong>PFC-frit ydermateriale i henhold til Oeko-Tex\u00ae 100-standarden<\/strong><\/li>\n<\/ul>","protected":false},"featured_media":3354,"template":"","meta":{"content-type":""},"product_brand":[33],"product_cat":[51,56,50,47],"product_tag":[48,61,52],"class_list":{"0":"post-3327","1":"product","2":"type-product","3":"status-publish","4":"has-post-thumbnail","6":"product_brand-mavig","7":"product_cat-children-sizes-x-ray-protection","8":"product_cat-protection-in-dental-medicine","9":"product_cat-protection-for-the-patient","10":"product_cat-x-ray-protection","11":"product_tag-children-sizes","12":"product_tag-protection-in-dental-medicine","13":"product_tag-protection-for-the-patient","14":"product_shipping_class-shipping-clothes","16":"first","17":"instock","18":"taxable","19":"shipping-taxable","20":"purchasable","21":"product-type-variable"},"jetpack_sharing_enabled":true,"_links":{"self":[{"href":"https:\/\/stralskyddsprodukter.com\/da\/wp-json\/wp\/v2\/product\/3327","targetHints":{"allow":["GET"]}}],"collection":[{"href":"https:\/\/stralskyddsprodukter.com\/da\/wp-json\/wp\/v2\/product"}],"about":[{"href":"https:\/\/stralskyddsprodukter.com\/da\/wp-json\/wp\/v2\/types\/product"}],"wp:featuredmedia":[{"embeddable":true,"href":"https:\/\/stralskyddsprodukter.com\/da\/wp-json\/wp\/v2\/media\/3354"}],"wp:attachment":[{"href":"https:\/\/stralskyddsprodukter.com\/da\/wp-json\/wp\/v2\/media?parent=3327"}],"wp:term":[{"taxonomy":"product_brand","embeddable":true,"href":"https:\/\/stralskyddsprodukter.com\/da\/wp-json\/wp\/v2\/product_brand?post=3327"},{"taxonomy":"product_cat","embeddable":true,"href":"https:\/\/stralskyddsprodukter.com\/da\/wp-json\/wp\/v2\/product_cat?post=3327"},{"taxonomy":"product_tag","embeddable":true,"href":"https:\/\/stralskyddsprodukter.com\/da\/wp-json\/wp\/v2\/product_tag?post=3327"}],"curies":[{"name":"wp","href":"https:\/\/api.w.org\/{rel}","templated":true}]}}