{"id":3000,"date":"2025-06-17T10:38:16","date_gmt":"2025-06-17T10:38:16","guid":{"rendered":"https:\/\/stralskyddsprodukter.com\/produkt\/radial-protective-drape\/"},"modified":"2026-04-07T21:20:36","modified_gmt":"2026-04-07T19:20:36","slug":"radial-protective-drape","status":"publish","type":"product","link":"https:\/\/stralskyddsprodukter.com\/fi\/tuote\/radial-protective-drape\/","title":{"rendered":"Radiaalinen suojaverhoilu"},"content":{"rendered":"<p>Uudelleenk\u00e4ytett\u00e4v\u00e4t verhomme on muotoiltu ergonomisesti, jotta ne tarjoavat erinomaisen suojan ja ovat samalla mahdollisimman kompakteja potilaan mukavuuden vuoksi.<\/p>\n<p>Erityist\u00e4 huomiota on kiinnitetty my\u00f6s niiden soveltamiseen, kuten reisiluun suojuksen erityiseen leikkaukseen reisiluun porttia varten ja molempien verhojen oikean puolen loivaan kaltevuuteen esteet\u00f6nt\u00e4 kuvantamista varten.<\/p>\n<p>Kun <a href=\"https:\/\/stralskyddsprodukter.com\/fi\/tuote\/sterile-covers-for-radial-drape\/\">steriilit suojukset<\/a>, suojaverhot voidaan asettaa potilasverhon p\u00e4\u00e4lle, jolloin ne voidaan asettaa tai poistaa nopeasti ja niiden sijainti voidaan tarkistaa.<\/p>","protected":false},"excerpt":{"rendered":"<h1>Radiaalinen suojaverhoilu<\/h1>\n<p><strong>V\u00e4ri:<\/strong><br \/>\nMandariini (k\u00e4ytt\u00e4j\u00e4n puolella)<br \/>\nTitan (potilaan puolella)<\/p>\n<p><strong> Suojamateriaali (Inlay):<\/strong><br \/>\nVakiojohto<\/p>\n<p><strong>Lyijyekvivalentti:<\/strong><br \/>\nStandardi: 0,50 mm Pb<\/p>\n<p><strong>Ulkomateriaali - kansi:<\/strong><br \/>\nComforTex HPMF<\/p>","protected":false},"featured_media":3006,"template":"","meta":{"content-type":""},"product_brand":[33],"product_cat":[58,50,47],"product_tag":[49,74,52],"class_list":{"0":"post-3000","1":"product","2":"type-product","3":"status-publish","4":"has-post-thumbnail","6":"product_brand-mavig","7":"product_cat-x-ray-protection-accessories","8":"product_cat-protection-for-the-patient","9":"product_cat-x-ray-protection","10":"product_tag-accessories","11":"product_tag-drapes","12":"product_tag-protection-for-the-patient","13":"product_shipping_class-shipping-clothes","15":"first","16":"instock","17":"taxable","18":"shipping-taxable","19":"purchasable","20":"product-type-simple"},"jetpack_sharing_enabled":true,"_links":{"self":[{"href":"https:\/\/stralskyddsprodukter.com\/fi\/wp-json\/wp\/v2\/product\/3000","targetHints":{"allow":["GET"]}}],"collection":[{"href":"https:\/\/stralskyddsprodukter.com\/fi\/wp-json\/wp\/v2\/product"}],"about":[{"href":"https:\/\/stralskyddsprodukter.com\/fi\/wp-json\/wp\/v2\/types\/product"}],"wp:featuredmedia":[{"embeddable":true,"href":"https:\/\/stralskyddsprodukter.com\/fi\/wp-json\/wp\/v2\/media\/3006"}],"wp:attachment":[{"href":"https:\/\/stralskyddsprodukter.com\/fi\/wp-json\/wp\/v2\/media?parent=3000"}],"wp:term":[{"taxonomy":"product_brand","embeddable":true,"href":"https:\/\/stralskyddsprodukter.com\/fi\/wp-json\/wp\/v2\/product_brand?post=3000"},{"taxonomy":"product_cat","embeddable":true,"href":"https:\/\/stralskyddsprodukter.com\/fi\/wp-json\/wp\/v2\/product_cat?post=3000"},{"taxonomy":"product_tag","embeddable":true,"href":"https:\/\/stralskyddsprodukter.com\/fi\/wp-json\/wp\/v2\/product_tag?post=3000"}],"curies":[{"name":"wp","href":"https:\/\/api.w.org\/{rel}","templated":true}]}}