{"id":3023,"date":"2025-06-18T07:56:41","date_gmt":"2025-06-18T07:56:41","guid":{"rendered":"https:\/\/stralskyddsprodukter.com\/produkt\/patient-drape-for-ct-scans-rp648\/"},"modified":"2026-04-07T21:19:04","modified_gmt":"2026-04-07T19:19:04","slug":"patient-drape-for-ct-scans-rp648","status":"publish","type":"product","link":"https:\/\/stralskyddsprodukter.com\/fi\/tuote\/patient-drape-for-ct-scans-rp648\/","title":{"rendered":"Potilasverhoilu tietokonetomografiatutkimuksiin RP648"},"content":{"rendered":"<h2 class=\"text__heading\">Optimoitu suojaus potilaalle<\/h2>\n<div class=\"text__text\">\n<p>MAVIGin potilassuojaimet tietokonetomografiatutkimuksia varten tarjoavat ihanteellisen r\u00f6ntgens\u00e4teilylt\u00e4 suojaavan suojan. Liina voidaan pukea nopeasti ja se pysyy varmasti halutussa asennossa.<\/p>\n<p>Potilassuoja on helppo asentaa ja asettaa paikalleen ilman ylim\u00e4\u00e4r\u00e4isi\u00e4 apuv\u00e4lineit\u00e4 tai sulkemisj\u00e4rjestelmi\u00e4. S\u00e4teilyaltistuksen v\u00e4hennys kilpirauhasen osalta on noin 65 %, rintalastan osalta noin 80 % ja rinnan ja olkap\u00e4\u00e4n alueen osalta noin 90 %.<\/p>\n<p>Potilassuojatuotteemme ovat luonnollisesti henkil\u00f6suojaimia koskevan asetuksen (EU) 2016\/425 ja l\u00e4\u00e4kinn\u00e4llisi\u00e4 laitteita koskevan asetuksen (EU) 2017\/745 mukaisia.<\/p>\n<p>&nbsp;<\/p>\n<p><strong>Lis\u00e4\u00e4 yksityiskohtia<\/strong><\/p>\n<ul>\n<li>R\u00f6ntgensuojaus: Pb-arvo on 0,50 mm.<\/li>\n<li>Ulkomateriaali: ComforTex\u00ae HPMF<\/li>\n<li>Hygieeninen ja ihoyst\u00e4v\u00e4llinen ulkokuori<\/li>\n<li>Suunniteltu uudelleenk\u00e4ytt\u00f6\u00e4 ja pitk\u00e4\u00e4 k\u00e4ytt\u00f6ik\u00e4\u00e4 varten.<\/li>\n<li>Monipuolinen kilpirauhasen suojaus<\/li>\n<li>Yleiskoko<\/li>\n<\/ul>\n<\/div>","protected":false},"excerpt":{"rendered":"<h1 class=\"product-page__short-description\">Potilaan suojaaminen tietokonetomografiatutkimuksissa RP648<\/h1>\n<p>Potilaiden s\u00e4teilysuojelu kallon alueen tietokonetomografian aikana.<\/p>\n<ul>\n<li><strong>Erinomaiset s\u00e4teilysuojaominaisuudet<\/strong><\/li>\n<li><strong>Monik\u00e4ytt\u00f6inen, ei kertak\u00e4ytt\u00f6tuote<\/strong><\/li>\n<li><strong>Helppo sijoittaa<\/strong><\/li>\n<li><strong>PFC-vapaa pintamateriaali Oeko-Tex\u00ae 100 -standardin mukaisesti.<\/strong><\/li>\n<\/ul>","protected":false},"featured_media":3034,"template":"","meta":{"content-type":""},"product_brand":[33],"product_cat":[50,47],"product_tag":[74,52],"class_list":{"0":"post-3023","1":"product","2":"type-product","3":"status-publish","4":"has-post-thumbnail","6":"product_brand-mavig","7":"product_cat-protection-for-the-patient","8":"product_cat-x-ray-protection","9":"product_tag-drapes","10":"product_tag-protection-for-the-patient","11":"product_shipping_class-shipping-clothes","13":"first","14":"instock","15":"taxable","16":"shipping-taxable","17":"purchasable","18":"product-type-variable"},"jetpack_sharing_enabled":true,"_links":{"self":[{"href":"https:\/\/stralskyddsprodukter.com\/fi\/wp-json\/wp\/v2\/product\/3023","targetHints":{"allow":["GET"]}}],"collection":[{"href":"https:\/\/stralskyddsprodukter.com\/fi\/wp-json\/wp\/v2\/product"}],"about":[{"href":"https:\/\/stralskyddsprodukter.com\/fi\/wp-json\/wp\/v2\/types\/product"}],"wp:featuredmedia":[{"embeddable":true,"href":"https:\/\/stralskyddsprodukter.com\/fi\/wp-json\/wp\/v2\/media\/3034"}],"wp:attachment":[{"href":"https:\/\/stralskyddsprodukter.com\/fi\/wp-json\/wp\/v2\/media?parent=3023"}],"wp:term":[{"taxonomy":"product_brand","embeddable":true,"href":"https:\/\/stralskyddsprodukter.com\/fi\/wp-json\/wp\/v2\/product_brand?post=3023"},{"taxonomy":"product_cat","embeddable":true,"href":"https:\/\/stralskyddsprodukter.com\/fi\/wp-json\/wp\/v2\/product_cat?post=3023"},{"taxonomy":"product_tag","embeddable":true,"href":"https:\/\/stralskyddsprodukter.com\/fi\/wp-json\/wp\/v2\/product_tag?post=3023"}],"curies":[{"name":"wp","href":"https:\/\/api.w.org\/{rel}","templated":true}]}}