{"id":3043,"date":"2025-06-18T12:48:31","date_gmt":"2025-06-18T10:48:31","guid":{"rendered":"https:\/\/stralskyddsprodukter.com\/?post_type=product&#038;p=3043"},"modified":"2026-04-07T21:17:43","modified_gmt":"2026-04-07T19:17:43","slug":"reusable-x-ray-protective-cover-rp689","status":"publish","type":"product","link":"https:\/\/stralskyddsprodukter.com\/fi\/tuote\/reusable-x-ray-protective-cover-rp689\/","title":{"rendered":"RP689 Potilasverhoilu"},"content":{"rendered":"<h2 class=\"text__heading\">Potilaan r\u00f6ntgensuojaus<\/h2>\n<div class=\"text__text\">\n<p>Erityinen suojaus potilaillesi yhdistettyn\u00e4 helppok\u00e4ytt\u00f6isyyteen. Koko voidaan tilata k\u00e4ytt\u00f6tarkoituksen tai valinnan mukaan. Rajoja ei k\u00e4yt\u00e4nn\u00f6ss\u00e4 ole. Voit valita muodon k\u00e4ytt\u00f6tarkoituksen mukaan. Lis\u00e4varusteet, kuten koukkukiinnikkeet tai yksil\u00f6llinen leikkaus tarpeidesi mukaan, ovat my\u00f6s mahdollisia milloin tahansa.<\/p>\n<p>Potilaiden tehokas s\u00e4teilysuojelu koskee diagnostisen kent\u00e4n vieress\u00e4 olevia kehon alueita, joten useimmissa tapauksissa on hy\u00f6dyllist\u00e4 hankkia useita pienempi\u00e4 verhoja, joita voi k\u00e4ytt\u00e4\u00e4 yhdess\u00e4.<\/p>\n<p>MAVIG-potilaan suojapeite RP689 on valmistettu korkealaatuisesta, joustavasta monikerroksisesta lyijykumimateriaalista, jolla on parhaat s\u00e4teilysuojausominaisuudet.<\/p>\n<p>&nbsp;<\/p>\n<p><strong>Materiaalit<\/strong><\/p>\n<ul>\n<li>Vakio lyijy, jonka lyijyekvivalentti on 0,50 mm Pb tai 1,00 mm Pb.<\/li>\n<li>P\u00e4\u00e4llyste ComforTex<em>\u00ae<\/em>\u00a0HPMF tai ComforTex<em>\u00ae<\/em>\u00a0HPMF Plus, reunat peitetty saumanauhalla<\/li>\n<li><strong>UUSI:\u00a0<\/strong>Nyt helpompaa puhdistusta varten saatavilla my\u00f6s\u00a0<strong>ComforTex\u00ae HPMF Duplex<\/strong>\u00a0(P\u00e4\u00e4llismateriaali, jossa on erikoispinnoite (ComforTex).<strong>\u00ae<\/strong>\u00a0HPMF Hybrid) molemmin puolin)<\/li>\n<\/ul>\n<p><strong>\u00a0<\/strong><\/p>\n<p>Voidaan toimittaa tarranauhakiinnityksell\u00e4<\/p>\n<p>&nbsp;<\/p>\n<p><strong>Koot<\/strong><\/p>\n<ul>\n<li>Vakioleveydet ovat 60 cm ja 90 cm, pituus m\u00e4\u00e4ritet\u00e4\u00e4n itse.<\/li>\n<li>Muita mittoja on saatavana pyynn\u00f6st\u00e4.<\/li>\n<\/ul>\n<p>&nbsp;<\/p>\n<p><em>Potilassuojatuotteemme ovat luonnollisesti henkil\u00f6suojaimia koskevan asetuksen (EU) 2016\/425 ja l\u00e4\u00e4kinn\u00e4llisi\u00e4 laitteita koskevan asetuksen (EU) 2017\/745 mukaisia.<\/em><\/p>\n<\/div>","protected":false},"excerpt":{"rendered":"<h1 class=\"product-page__short-description\">Potilasverhoilu RP689<\/h1>\n<p>Jokaisen radiologian vastaanoton pakollinen tuote - monipuolinen MAVIG-r\u00f6ntgensuojaliina.<\/p>\n<ul>\n<li><strong>Sovellus ilman rajoja<\/strong><\/li>\n<li><strong>Yksinkertainen k\u00e4sittely<\/strong><\/li>\n<li><strong>M\u00e4\u00e4rit\u00e4t muodon<\/strong><\/li>\n<li><strong>Yksitt\u00e4iset leikkaukset mahdollisia<\/strong><\/li>\n<li><strong>UUTUUS: saatavana my\u00f6s ComforTex\u00ae HPMF Duplex -materiaalina.<\/strong><\/li>\n<li><strong>PFC-vapaa ulkomateriaali\u00a0<\/strong><strong>Oeko-Tex\u00ae 100 -standardin mukaisesti<\/strong><\/li>\n<\/ul>\n<p>&nbsp;<\/p>\n<blockquote><p><strong> Huom:<\/strong> Mainitut koot ovat vain esimerkkej\u00e4. MAVIG voi pyynn\u00f6st\u00e4 valmistaa<br \/>\nverhoilu yksil\u00f6llisten\/tavallisten mittojen mukaan (max. leveys 120 cm). Ota yhteytt\u00e4 VISITEKiin saadaksesi lis\u00e4tietoja.<\/p><\/blockquote>","protected":false},"featured_media":3075,"template":"","meta":{"content-type":""},"product_brand":[33],"product_cat":[50,47],"product_tag":[74,52,76],"class_list":{"0":"post-3043","1":"product","2":"type-product","3":"status-publish","4":"has-post-thumbnail","6":"product_brand-mavig","7":"product_cat-protection-for-the-patient","8":"product_cat-x-ray-protection","9":"product_tag-drapes","10":"product_tag-protection-for-the-patient","11":"product_tag-visitek-recommends","12":"product_shipping_class-shipping-clothes","14":"first","15":"instock","16":"taxable","17":"shipping-taxable","18":"purchasable","19":"product-type-variable"},"jetpack_sharing_enabled":true,"_links":{"self":[{"href":"https:\/\/stralskyddsprodukter.com\/fi\/wp-json\/wp\/v2\/product\/3043","targetHints":{"allow":["GET"]}}],"collection":[{"href":"https:\/\/stralskyddsprodukter.com\/fi\/wp-json\/wp\/v2\/product"}],"about":[{"href":"https:\/\/stralskyddsprodukter.com\/fi\/wp-json\/wp\/v2\/types\/product"}],"wp:featuredmedia":[{"embeddable":true,"href":"https:\/\/stralskyddsprodukter.com\/fi\/wp-json\/wp\/v2\/media\/3075"}],"wp:attachment":[{"href":"https:\/\/stralskyddsprodukter.com\/fi\/wp-json\/wp\/v2\/media?parent=3043"}],"wp:term":[{"taxonomy":"product_brand","embeddable":true,"href":"https:\/\/stralskyddsprodukter.com\/fi\/wp-json\/wp\/v2\/product_brand?post=3043"},{"taxonomy":"product_cat","embeddable":true,"href":"https:\/\/stralskyddsprodukter.com\/fi\/wp-json\/wp\/v2\/product_cat?post=3043"},{"taxonomy":"product_tag","embeddable":true,"href":"https:\/\/stralskyddsprodukter.com\/fi\/wp-json\/wp\/v2\/product_tag?post=3043"}],"curies":[{"name":"wp","href":"https:\/\/api.w.org\/{rel}","templated":true}]}}