{"id":3103,"date":"2025-06-18T11:36:59","date_gmt":"2025-06-18T11:36:59","guid":{"rendered":"https:\/\/stralskyddsprodukter.com\/?post_type=product&#038;p=3103"},"modified":"2026-04-07T21:18:11","modified_gmt":"2026-04-07T19:18:11","slug":"rp643-tension-strap-spare-part","status":"publish","type":"product","link":"https:\/\/stralskyddsprodukter.com\/fi\/tuote\/rp643-tension-strap-spare-part\/","title":{"rendered":"RP643 Kiristyshihna (varaosa)"},"content":{"rendered":"<h2 class=\"text__heading\">Potilaan r\u00f6ntgensuojaus<\/h2>\n<div class=\"text__text\">\n<p>P\u00e4ivitt\u00e4iseen k\u00e4ytt\u00f6\u00f6n tarkoitetulle tuotteelle asetetaan erityisi\u00e4 vaatimuksia materiaalin laadun ja valmistuksen osalta, mutta my\u00f6s k\u00e4ytt\u00e4j\u00e4yst\u00e4v\u00e4llisen k\u00e4yt\u00f6n edellytt\u00e4m\u00e4 toimivuus on varmistettava. MAVIG RP643 -sarjan gonadiesiliinat tarjoavat sinulle t\u00e4m\u00e4n ja paljon muuta.<\/p>\n<p>K\u00e4yt\u00e4mme sukuelinten esiliinojen valmistuksessa ainoastaan korkealaatuista, joustavaa vakiomateriaalia. Parhaat s\u00e4teilysuojausominaisuudet ovat tietenkin perusvaatimus.<\/p>\n<p>Suosittelemme erityisesti suunnitellun sein\u00e4ripustimen AW417 k\u00e4ytt\u00f6\u00e4 gonad-esiliinojen hell\u00e4varaista ja asianmukaista s\u00e4ilytyst\u00e4 varten.<\/p>\n<p>Kun kaikki on selke\u00e4sti j\u00e4rjestetty, voit m\u00e4\u00e4ritt\u00e4\u00e4 potilaallesi sopivan koon yhdell\u00e4 silm\u00e4yksell\u00e4 ja ottaa sopivan esiliinan helposti pois sein\u00e4j\u00e4rjestelm\u00e4st\u00e4 ilman, ett\u00e4 sinun tarvitsee ottaa<br \/>\npoistaa edess\u00e4 tai takana oleva.<\/p>\n<p>&nbsp;<\/p>\n<p><strong>Materiaalit<\/strong><\/p>\n<ul>\n<li>Standardijohto, jonka lyijyekvivalentti on 0,50 mmPb<\/li>\n<li>P\u00e4\u00e4llyste ComforTex<em>\u00ae<\/em>\u00a0HPMF, ComforTex<em>\u00ae<\/em>\u00a0HPMF Hybrid tai ComforTex<em>\u00ae<\/em>\u00a0HPMF Plus, ymp\u00e4ryssidonta erikoisteipill\u00e4 varustettuna<\/li>\n<\/ul>\n<p>&nbsp;<\/p>\n<p><strong>Koot<\/strong><\/p>\n<ul>\n<li>S - Pikkulapset, Koko (leveys x pituus): 43 - 53 cm, vy\u00f6t\u00e4r\u00f6nymp\u00e4rys n. 43 - 53 cm.<\/li>\n<li>M - Lapset, Koko (leveys x pituus): Vy\u00f6t\u00e4r\u00f6n koko noin 54 - 79 cm, pituus: 30 x 30 cm, vy\u00f6t\u00e4r\u00f6n koko noin 54 - 79 cm<\/li>\n<li>L - Aikuiset, koko (leveys x pituus): Vy\u00f6t\u00e4r\u00f6nymp\u00e4rys noin 77 - 104 cm, pituus: 37 x 40 cm, vy\u00f6t\u00e4r\u00f6nymp\u00e4rys noin 77 - 104 cm<\/li>\n<li>XL - Aikuiset, koko (leveys x pituus): Vy\u00f6t\u00e4r\u00f6nymp\u00e4rys n. 101 - 150 cm, pituus: 45 x 50 cm, vy\u00f6t\u00e4r\u00f6nymp\u00e4rys n. 101 - 150 cm<\/li>\n<\/ul>\n<p>&nbsp;<\/p>\n<p>Saatavana my\u00f6s t\u00e4ydellisen\u00e4 sarjana kaikissa 4 koossa.<\/p>\n<p>K\u00e4yt\u00e4 <a href=\"https:\/\/stralskyddsprodukter.com\/fi\/tuote\/rp643-gonad-apron\/\">Gonad esiliina RP643\u00a0<\/a><\/p>\n<p>&nbsp;<\/p>\n<p><em>Potilassuojatuotteemme ovat luonnollisesti henkil\u00f6suojaimia koskevan asetuksen (EU) 2016\/425 ja l\u00e4\u00e4kinn\u00e4llisi\u00e4 laitteita koskevan asetuksen (EU) 2017\/745 mukaisia.<\/em><\/p>\n<\/div>","protected":false},"excerpt":{"rendered":"<h1 class=\"product-page__heading\">Kiristyshihna (varaosa) RP643<\/h1>\n<blockquote>\n<h4><strong>HUOMIO!<\/strong><\/h4>\n<p><strong>T\u00e4m\u00e4 on varaosa. Vain kiristyshihna! K\u00e4yt\u00e4\u00a0<a href=\"https:\/\/stralskyddsprodukter.com\/fi\/produkt\/rp643-gonad-apron\/\">RP643 Gonad esiliina<\/a><\/strong><\/p><\/blockquote>\n<h1><\/h1>\n<h1 class=\"product-page__short-description\">Gonad esiliina RP643<\/h1>\n<p>Nykyp\u00e4iv\u00e4n r\u00f6ntgenlaitteistojen l\u00e4pi kulkevien potilaiden m\u00e4\u00e4r\u00e4 on hyvin suuri, joten on t\u00e4rke\u00e4\u00e4, ett\u00e4 r\u00f6ntgensuojat ovat k\u00e4yt\u00e4nn\u00f6llisi\u00e4 ja ett\u00e4 ne on helppo pukea ja riisua nopeasti. Sarjamme RP643:n joustava kiristyshihna tarjoaa helpoimman ratkaisun.<\/p>\n<ul>\n<li><strong>Yksinkertainen k\u00e4sittely<\/strong><\/li>\n<li><strong>Suuri suojaus ja suojaus s\u00e4teily\u00e4 vastaan<\/strong><\/li>\n<li><strong>Erikoissuunniteltu sein\u00e4teline malli AW417 asianmukaista s\u00e4ilytyst\u00e4 varten saatavilla.<\/strong><\/li>\n<li><strong>UUSI<\/strong><strong>: Puhdistuksen helpottamiseksi sukuelinten esiliinat RP643 on saatavana my\u00f6s ComforTex-kuosissa.<em>\u00ae<\/em>\u00a0HPMF-hybridi.<\/strong><\/li>\n<li><strong>PFC-vapaa pintamateriaali Oeko-Tex\u00ae 100 -standardin mukaisesti.<\/strong><\/li>\n<\/ul>","protected":false},"featured_media":3092,"template":"","meta":{"content-type":""},"product_brand":[33],"product_cat":[51,50,47],"product_tag":[49,48,73],"class_list":{"0":"post-3103","1":"product","2":"type-product","3":"status-publish","4":"has-post-thumbnail","6":"product_brand-mavig","7":"product_cat-children-sizes-x-ray-protection","8":"product_cat-protection-for-the-patient","9":"product_cat-x-ray-protection","10":"product_tag-accessories","11":"product_tag-children-sizes","12":"product_tag-spare-parts","13":"product_shipping_class-shipping-clothes","15":"first","16":"instock","17":"taxable","18":"shipping-taxable","19":"purchasable","20":"product-type-variable"},"jetpack_sharing_enabled":true,"_links":{"self":[{"href":"https:\/\/stralskyddsprodukter.com\/fi\/wp-json\/wp\/v2\/product\/3103","targetHints":{"allow":["GET"]}}],"collection":[{"href":"https:\/\/stralskyddsprodukter.com\/fi\/wp-json\/wp\/v2\/product"}],"about":[{"href":"https:\/\/stralskyddsprodukter.com\/fi\/wp-json\/wp\/v2\/types\/product"}],"wp:featuredmedia":[{"embeddable":true,"href":"https:\/\/stralskyddsprodukter.com\/fi\/wp-json\/wp\/v2\/media\/3092"}],"wp:attachment":[{"href":"https:\/\/stralskyddsprodukter.com\/fi\/wp-json\/wp\/v2\/media?parent=3103"}],"wp:term":[{"taxonomy":"product_brand","embeddable":true,"href":"https:\/\/stralskyddsprodukter.com\/fi\/wp-json\/wp\/v2\/product_brand?post=3103"},{"taxonomy":"product_cat","embeddable":true,"href":"https:\/\/stralskyddsprodukter.com\/fi\/wp-json\/wp\/v2\/product_cat?post=3103"},{"taxonomy":"product_tag","embeddable":true,"href":"https:\/\/stralskyddsprodukter.com\/fi\/wp-json\/wp\/v2\/product_tag?post=3103"}],"curies":[{"name":"wp","href":"https:\/\/api.w.org\/{rel}","templated":true}]}}