{"id":3229,"date":"2025-06-23T19:32:06","date_gmt":"2025-06-23T19:32:06","guid":{"rendered":"https:\/\/stralskyddsprodukter.com\/?post_type=product&#038;p=3229"},"modified":"2026-04-07T21:11:09","modified_gmt":"2026-04-07T19:11:09","slug":"rp271-children-mammary-gland-shield","status":"publish","type":"product","link":"https:\/\/stralskyddsprodukter.com\/fi\/tuote\/rp271-children-mammary-gland-shield\/","title":{"rendered":"RP271 Lasten rintarauhaskilpi"},"content":{"rendered":"<h2 class=\"text__heading\">Optimoitu suojaus potilaalle<\/h2>\n<div class=\"text__text\">\n<p>Kun RP271 asetetaan oikein potilaalle, se voi v\u00e4hent\u00e4\u00e4 s\u00e4teilyaltistusta jopa 80 %. T\u00e4m\u00e4n uudelleenk\u00e4ytett\u00e4v\u00e4n tuotteen kokoa voidaan helposti s\u00e4\u00e4t\u00e4\u00e4 mukavilla, pehmeill\u00e4 neopreenitulpilla edess\u00e4 ja k\u00e4tev\u00e4ll\u00e4 narutulpalla takana.<\/p>\n<p>&nbsp;<\/p>\n<ul>\n<li>Lyijyt\u00f6n 2.0 R\u00f6ntgens\u00e4teilysuojamateriaali, jonka lyijyekvivalentti on 0,50 mm Pb<\/li>\n<li>T\u00e4ydellisen hygieeninen, ihokuidusta valmistettu ulkokuori<\/li>\n<li>Helposti s\u00e4\u00e4dett\u00e4viss\u00e4 reseptivesikokojen mukaan<\/li>\n<li>Mukavat, \u00e4rsytt\u00e4m\u00e4tt\u00f6m\u00e4t neopreenitulpat.<\/li>\n<\/ul>\n<p>&nbsp;<\/p>\n<p><em>Potilassuojatuotteemme ovat luonnollisesti henkil\u00f6suojaimia koskevan asetuksen (EU) 2016\/425 ja l\u00e4\u00e4kinn\u00e4llisi\u00e4 laitteita koskevan asetuksen (EU) 2017\/745 mukaisia.<\/em><\/p>\n<\/div>","protected":false},"excerpt":{"rendered":"<h1 class=\"product-page__short-description\">Rintarauhasen suojaus lastenl\u00e4\u00e4ketieteess\u00e4 RP271<\/h1>\n<p>Pediatrian potilassuojatuote suojaa luotettavasti pienten potilaiden rintarauhaset r\u00f6ntgens\u00e4teilyn aikana l\u00e4\u00e4ketieteellisess\u00e4 diagnostiikassa.<\/p>\n<ul>\n<li><strong>S\u00e4teilyaltistuksen v\u00e4heneminen rintarauhasten alueella noin 80%:ll\u00e4.<br \/>\n<\/strong><\/li>\n<li><strong>Helppo k\u00e4ytt\u00e4\u00e4<\/strong><\/li>\n<li><strong>Hygieenisesti puhdas, ihoyst\u00e4v\u00e4llinen ulkokuori<br \/>\n<\/strong><\/li>\n<li><strong>Uudelleenk\u00e4ytett\u00e4v\u00e4, ei kertak\u00e4ytt\u00f6tuote<br \/>\n<\/strong><\/li>\n<li><strong>Mukavat, ei-puristavat neopreenitulpat.<br \/>\n<\/strong><\/li>\n<li><strong>K\u00e4yt\u00e4nn\u00f6n s\u00e4\u00e4t\u00f6<\/strong><\/li>\n<li><strong>Erinomaiset s\u00e4teilysuojaominaisuudet<\/strong><\/li>\n<li><strong>PFC-vapaa pintamateriaali Oeko-Tex\u00ae 100 -standardin mukaisesti.<\/strong><\/li>\n<\/ul>","protected":false},"featured_media":3233,"template":"","meta":{"content-type":""},"product_brand":[33],"product_cat":[51,50,47],"product_tag":[48,71,52],"class_list":{"0":"post-3229","1":"product","2":"type-product","3":"status-publish","4":"has-post-thumbnail","6":"product_brand-mavig","7":"product_cat-children-sizes-x-ray-protection","8":"product_cat-protection-for-the-patient","9":"product_cat-x-ray-protection","10":"product_tag-children-sizes","11":"product_tag-mammary-gland-shield","12":"product_tag-protection-for-the-patient","13":"product_shipping_class-shipping-clothes","15":"first","16":"instock","17":"taxable","18":"shipping-taxable","19":"purchasable","20":"product-type-variable"},"jetpack_sharing_enabled":true,"_links":{"self":[{"href":"https:\/\/stralskyddsprodukter.com\/fi\/wp-json\/wp\/v2\/product\/3229","targetHints":{"allow":["GET"]}}],"collection":[{"href":"https:\/\/stralskyddsprodukter.com\/fi\/wp-json\/wp\/v2\/product"}],"about":[{"href":"https:\/\/stralskyddsprodukter.com\/fi\/wp-json\/wp\/v2\/types\/product"}],"wp:featuredmedia":[{"embeddable":true,"href":"https:\/\/stralskyddsprodukter.com\/fi\/wp-json\/wp\/v2\/media\/3233"}],"wp:attachment":[{"href":"https:\/\/stralskyddsprodukter.com\/fi\/wp-json\/wp\/v2\/media?parent=3229"}],"wp:term":[{"taxonomy":"product_brand","embeddable":true,"href":"https:\/\/stralskyddsprodukter.com\/fi\/wp-json\/wp\/v2\/product_brand?post=3229"},{"taxonomy":"product_cat","embeddable":true,"href":"https:\/\/stralskyddsprodukter.com\/fi\/wp-json\/wp\/v2\/product_cat?post=3229"},{"taxonomy":"product_tag","embeddable":true,"href":"https:\/\/stralskyddsprodukter.com\/fi\/wp-json\/wp\/v2\/product_tag?post=3229"}],"curies":[{"name":"wp","href":"https:\/\/api.w.org\/{rel}","templated":true}]}}