{"id":3243,"date":"2025-06-23T22:27:50","date_gmt":"2025-06-23T20:27:50","guid":{"rendered":"https:\/\/stralskyddsprodukter.com\/?post_type=product&#038;p=3243"},"modified":"2025-12-23T16:08:57","modified_gmt":"2025-12-23T14:08:57","slug":"rd639-allround-protection-apron","status":"publish","type":"product","link":"https:\/\/stralskyddsprodukter.com\/fi\/tuote\/rd639-allround-protection-apron\/","title":{"rendered":"RD639 Dental All-Round Protection"},"content":{"rendered":"<h2 class=\"text__heading\">Optimoitu suojaus potilaalle<\/h2>\n<div class=\"text__text\">\n<p>Olkap\u00e4\u00e4ss\u00e4 olevan k\u00e4tev\u00e4n koukkukiinnikkeen ansiosta esiliina voidaan pukea mukavasti sivulta. Ymp\u00e4rysmittaa voidaan s\u00e4\u00e4t\u00e4\u00e4 helposti sel\u00e4ss\u00e4 olevien koukku- ja pursotuskiinnikkeiden avulla. Integroitu kilpirauhassuoja on s\u00e4\u00e4dett\u00e4viss\u00e4 korkeussuunnassa, joten se ei h\u00e4iritse kuvan ottamista.<\/p>\n<p>Toimitukseen sis\u00e4ltyy erityinen ripustin AW106 yhdelle vaatteelle.<\/p>\n<p><img decoding=\"async\" src=\"https:\/\/mavig.com\/wp-content\/uploads\/2021\/02\/slider_aw106_1600x900_2.jpg\" \/><\/p>\n<p><strong>Materiaalit<\/strong><\/p>\n<ul>\n<li>NovaLite\u00ae Plus tai Leadfree 2.0 -materiaali, jonka Pb-arvo on 0,50 mm (etu- ja takapuoli).<\/li>\n<li>P\u00e4\u00e4llinen ComforTex\u00ae HPMF tai ComforTex\u00ae HPMF Hybrid.<\/li>\n<\/ul>\n<p>&nbsp;<\/p>\n<p><strong>Koot<\/strong><\/p>\n<div class=\"text__text-table\">\n<table width=\"721\">\n<tbody>\n<tr>\n<td style=\"width: 175.552px;\"><strong>Aikuiset:<\/strong><\/td>\n<td style=\"width: 117.219px;\">Pieni:<\/td>\n<td style=\"width: 408.896px;\">80,0 cm x 60,0\/60,0 cm (L x B, edess\u00e4\/taaksep\u00e4in)<\/td>\n<\/tr>\n<tr>\n<td style=\"width: 175.552px;\"><\/td>\n<td style=\"width: 117.219px;\">Medium:<\/td>\n<td style=\"width: 408.896px;\">80,0 cm x 70,0\/60,0 cm (L x B, edess\u00e4\/taaksep\u00e4in)<\/td>\n<\/tr>\n<tr>\n<td style=\"width: 175.552px;\"><\/td>\n<td style=\"width: 117.219px;\"><\/td>\n<td style=\"width: 408.896px;\"><\/td>\n<\/tr>\n<tr>\n<td style=\"width: 175.552px;\"><strong>Lapset:<\/strong><\/td>\n<td style=\"width: 117.219px;\"><\/td>\n<td style=\"width: 408.896px;\">Lapset k\u00e4ytt\u00e4k\u00e4\u00e4 lasten takkia\u00a0<a href=\"https:\/\/stralskyddsprodukter.com\/fi\/tuote\/rp668-children-coat\/\">RP668<\/a><br \/>\nyhdistettyn\u00e4 kilpirauhassuojamme kanssa\u00a0<a href=\"https:\/\/stralskyddsprodukter.com\/fi\/tuote\/rd614-patient-thyroid-shield\/\">RD614<\/a><\/td>\n<\/tr>\n<tr>\n<td style=\"width: 175.552px;\"><\/td>\n<td style=\"width: 117.219px;\"><\/td>\n<td style=\"width: 408.896px;\"><\/td>\n<\/tr>\n<tr>\n<td style=\"width: 175.552px;\"><\/td>\n<td style=\"width: 117.219px;\"><\/td>\n<td style=\"width: 408.896px;\"><\/td>\n<\/tr>\n<tr>\n<td style=\"width: 175.552px;\"><\/td>\n<td style=\"width: 117.219px;\"><\/td>\n<td style=\"width: 408.896px;\"><\/td>\n<\/tr>\n<\/tbody>\n<\/table>\n<\/div>\n<p>Potilassuojatuotteemme ovat luonnollisesti henkil\u00f6suojaimia koskevan asetuksen (EU) 2016\/425 ja l\u00e4\u00e4kinn\u00e4llisi\u00e4 laitteita koskevan asetuksen (EU) 2017\/745 mukaisia.<\/p>\n<\/div>","protected":false},"excerpt":{"rendered":"<h1 class=\"product-page__short-description\">Panorama esiliina RD639<\/h1>\n<p>RD639 allround-suojalevy tarjoaa optimaalisen s\u00e4teilysuojan digitaalisessa volyymitomografiassa (DVT). Potilas on suojattu sek\u00e4 edest\u00e4 ett\u00e4 takaa 0,50 mm:n Pb:t\u00e4 vastaavalla t\u00e4ydell\u00e4 lyijyll\u00e4.<\/p>\n<ul>\n<li><strong>T\u00e4ydellinen r\u00f6ntgensuoja edess\u00e4 ja takana<\/strong><\/li>\n<li><strong>Yksil\u00f6llisesti sovitettavissa<\/strong><\/li>\n<li><strong>Integroitu ja korkeuss\u00e4\u00e4dett\u00e4v\u00e4 kilpirauhassuoja<\/strong><\/li>\n<li><strong>PFC-vapaa pintamateriaali Oeko-Tex\u00ae 100 -standardin mukaisesti.<\/strong><\/li>\n<\/ul>","protected":false},"featured_media":3260,"template":"","meta":{"content-type":""},"product_brand":[33],"product_cat":[56,104,50,47],"product_tag":[65,61,52],"class_list":{"0":"post-3243","1":"product","2":"type-product","3":"status-publish","4":"has-post-thumbnail","6":"product_brand-mavig","7":"product_cat-protection-in-dental-medicine","8":"product_cat-lead-free-aprons","9":"product_cat-protection-for-the-patient","10":"product_cat-x-ray-protection","11":"product_tag-apron","12":"product_tag-protection-in-dental-medicine","13":"product_tag-protection-for-the-patient","14":"product_shipping_class-shipping-clothes","16":"first","17":"instock","18":"taxable","19":"shipping-taxable","20":"purchasable","21":"product-type-variable"},"jetpack_sharing_enabled":true,"_links":{"self":[{"href":"https:\/\/stralskyddsprodukter.com\/fi\/wp-json\/wp\/v2\/product\/3243","targetHints":{"allow":["GET"]}}],"collection":[{"href":"https:\/\/stralskyddsprodukter.com\/fi\/wp-json\/wp\/v2\/product"}],"about":[{"href":"https:\/\/stralskyddsprodukter.com\/fi\/wp-json\/wp\/v2\/types\/product"}],"wp:featuredmedia":[{"embeddable":true,"href":"https:\/\/stralskyddsprodukter.com\/fi\/wp-json\/wp\/v2\/media\/3260"}],"wp:attachment":[{"href":"https:\/\/stralskyddsprodukter.com\/fi\/wp-json\/wp\/v2\/media?parent=3243"}],"wp:term":[{"taxonomy":"product_brand","embeddable":true,"href":"https:\/\/stralskyddsprodukter.com\/fi\/wp-json\/wp\/v2\/product_brand?post=3243"},{"taxonomy":"product_cat","embeddable":true,"href":"https:\/\/stralskyddsprodukter.com\/fi\/wp-json\/wp\/v2\/product_cat?post=3243"},{"taxonomy":"product_tag","embeddable":true,"href":"https:\/\/stralskyddsprodukter.com\/fi\/wp-json\/wp\/v2\/product_tag?post=3243"}],"curies":[{"name":"wp","href":"https:\/\/api.w.org\/{rel}","templated":true}]}}