{"id":3306,"date":"2025-06-24T10:15:22","date_gmt":"2025-06-24T08:15:22","guid":{"rendered":"https:\/\/stralskyddsprodukter.com\/?post_type=product&#038;p=3306"},"modified":"2026-04-07T21:08:14","modified_gmt":"2026-04-07T19:08:14","slug":"rd644-dental-patient-x-ray-protective-apron","status":"publish","type":"product","link":"https:\/\/stralskyddsprodukter.com\/fi\/tuote\/rd644-dental-patient-x-ray-protective-apron\/","title":{"rendered":"RD644 Potilaan r\u00f6ntgensuojaesiliina, jossa on kilpirauhassuojaus"},"content":{"rendered":"<h2 class=\"text__heading\">Optimoitu suojaus potilaalle<\/h2>\n<div class=\"text__text\">\n<p>Esiliina ei tarjoa laajaa suojaa ainoastaan sukurauhasille asti, vaan my\u00f6s istuvan potilaan kilpirauhaselle hammasr\u00f6ntgens\u00e4teilyn aikana. Kilpirauhassuojapannan kaulan takaosassa oleva k\u00e4yt\u00e4nn\u00f6llinen koukkukiinnitys varmistaa napakan, turvallisen ja nopean istuvuuden.<\/p>\n<p>Esiliinan takaosassa olevien silmukoiden avulla esiliina voidaan kiinnitt\u00e4\u00e4 hammasl\u00e4\u00e4k\u00e4rin tuoliin.<\/p>\n<p>Malli RD644 on suunniteltu k\u00e4\u00e4nnett\u00e4v\u00e4ksi r\u00f6ntgenesiliinaksi potilaille. Malli mahdollistaa siten valinnan yksiv\u00e4risen tai kaksiv\u00e4risen mallin v\u00e4lill\u00e4.<\/p>\n<p>Saatavana on kaksiv\u00e4risi\u00e4 yhdistelmi\u00e4 \u201cCuracao ja Orchidee\u201d ja \u201cBlue Admiral ja Baccara\u201d.<\/p>\n<p>&nbsp;<\/p>\n<ul>\n<li><strong>Suojaava materiaali:\u00a0<\/strong>NovaLite\u00ae Plus tai Leadfree 2.0<\/li>\n<li><strong>Lyijyekvivalentti:<\/strong>\u00a00,50 mm Pb<\/li>\n<li><strong>Ulkomateriaali:<\/strong>\u00a0ComforTex\u00ae HPMF tai ComforTex\u00ae HPMF Hybrid.<\/li>\n<li><strong>Koot Aikuiset:\u00a0<\/strong>Etuosa: 80,0 x 60,0 cm (L x S, ilman kaulusta).<\/li>\n<li><strong>Koot Lapset<\/strong>: Etuosa: 60,0 x 45,0 cm (L x S, ilman kaulusta).<\/li>\n<li><strong>Silmukat:<\/strong>\u00a0Takapuolella, RD644:n kiinnitt\u00e4miseksi hammashoitotuoliin.<\/li>\n<\/ul>\n<p>&nbsp;<\/p>\n<p>Potilassuojatuotteemme ovat luonnollisesti henkil\u00f6suojaimia koskevan asetuksen (EU) 2016\/425 ja l\u00e4\u00e4kinn\u00e4llisi\u00e4 laitteita koskevan asetuksen (EU) 2017\/745 mukaisia.<\/p>\n<\/div>","protected":false},"excerpt":{"rendered":"<h1 class=\"product-page__short-description\">Hammasl\u00e4\u00e4k\u00e4rin esiliina kauluksella<\/h1>\n<p>Hammasl\u00e4\u00e4k\u00e4rin esiliina mallia RD644 k\u00e4ytet\u00e4\u00e4n kuvien ottamiseen istuen, ja se on eritt\u00e4in joustava ja mukava k\u00e4ytt\u00e4\u00e4. RD644 suojaa koko olkap\u00e4\u00e4n alueen aina sukuelimiin asti.<\/p>\n<ul>\n<li><strong>Erinomaiset s\u00e4teilysuojaominaisuudet<\/strong><\/li>\n<li><strong>Yksil\u00f6llisesti sovitettavissa<\/strong><\/li>\n<li><strong>Nopea ja helppo pukea<\/strong><\/li>\n<li><strong>PFC-vapaa pintamateriaali Oeko-Tex\u00ae 100 -standardin mukaisesti.<\/strong><\/li>\n<\/ul>","protected":false},"featured_media":3316,"template":"","meta":{"content-type":""},"product_brand":[33],"product_cat":[51,56,104,50,47],"product_tag":[65,48,61,52],"class_list":{"0":"post-3306","1":"product","2":"type-product","3":"status-publish","4":"has-post-thumbnail","6":"product_brand-mavig","7":"product_cat-children-sizes-x-ray-protection","8":"product_cat-protection-in-dental-medicine","9":"product_cat-lead-free-aprons","10":"product_cat-protection-for-the-patient","11":"product_cat-x-ray-protection","12":"product_tag-apron","13":"product_tag-children-sizes","14":"product_tag-protection-in-dental-medicine","15":"product_tag-protection-for-the-patient","16":"product_shipping_class-shipping-clothes","18":"first","19":"instock","20":"taxable","21":"shipping-taxable","22":"purchasable","23":"product-type-variable"},"jetpack_sharing_enabled":true,"_links":{"self":[{"href":"https:\/\/stralskyddsprodukter.com\/fi\/wp-json\/wp\/v2\/product\/3306","targetHints":{"allow":["GET"]}}],"collection":[{"href":"https:\/\/stralskyddsprodukter.com\/fi\/wp-json\/wp\/v2\/product"}],"about":[{"href":"https:\/\/stralskyddsprodukter.com\/fi\/wp-json\/wp\/v2\/types\/product"}],"wp:featuredmedia":[{"embeddable":true,"href":"https:\/\/stralskyddsprodukter.com\/fi\/wp-json\/wp\/v2\/media\/3316"}],"wp:attachment":[{"href":"https:\/\/stralskyddsprodukter.com\/fi\/wp-json\/wp\/v2\/media?parent=3306"}],"wp:term":[{"taxonomy":"product_brand","embeddable":true,"href":"https:\/\/stralskyddsprodukter.com\/fi\/wp-json\/wp\/v2\/product_brand?post=3306"},{"taxonomy":"product_cat","embeddable":true,"href":"https:\/\/stralskyddsprodukter.com\/fi\/wp-json\/wp\/v2\/product_cat?post=3306"},{"taxonomy":"product_tag","embeddable":true,"href":"https:\/\/stralskyddsprodukter.com\/fi\/wp-json\/wp\/v2\/product_tag?post=3306"}],"curies":[{"name":"wp","href":"https:\/\/api.w.org\/{rel}","templated":true}]}}