{"id":3367,"date":"2025-06-24T09:29:03","date_gmt":"2025-06-24T09:29:03","guid":{"rendered":"https:\/\/stralskyddsprodukter.com\/?post_type=product&#038;p=3367"},"modified":"2025-08-26T10:42:32","modified_gmt":"2025-08-26T08:42:32","slug":"rd614-exchangeable-hook-burr-spare-part","status":"publish","type":"product","link":"https:\/\/stralskyddsprodukter.com\/fi\/tuote\/rd614-exchangeable-hook-burr-spare-part\/","title":{"rendered":"RD614 Vaihdettava koukun ja jyrsimen varaosa"},"content":{"rendered":"<h2 class=\"text__heading\">Optimoitu suojaus potilaalle<\/h2>\n<div class=\"text__text\">\n<p>Kilpirauhanen on ihmiskehon s\u00e4teilylle herkk\u00e4 elin, ja siksi se tarvitsee erityist\u00e4 suojelua. Potilaille tarkoitettu kilpirauhasen rintalastasuojamme on optimaalisesti leikattu ja sen istuvuus on paras mahdollinen, ja siin\u00e4 on tietenkin otettu huomioon my\u00f6s kaikki s\u00e4teilysuojelun\u00e4k\u00f6kohdat. Mutkaton magneetti- tai koukkukiinnitys, joka voidaan lis\u00e4varusteena my\u00f6s vaihtaa, antaa riitt\u00e4v\u00e4sti s\u00e4\u00e4t\u00f6varaa.<\/p>\n<p>&nbsp;<\/p>\n<ul>\n<li><strong>Suojelu:\u00a0<\/strong>NovaLite\u00ae Plus tai Leadfree 2.0<\/li>\n<\/ul>\n<ul>\n<li><strong>Lyijyekvivalentti:<\/strong>\u00a00,50 mm<strong>\u00a0<\/strong>Pb<\/li>\n<\/ul>\n<ul>\n<li><strong>Ulkomateriaali:\u00a0<\/strong>ComforTex\u00ae HPMF, ComforTex\u00ae HPMF Hybrid tai ComforTex\u00ae HPMF Plus.<strong>\u00a0<\/strong><\/li>\n<\/ul>\n<ul>\n<li><strong>Kaulan koot<\/strong>\u00a0(Magneetti-\/koukku- ja silmukkakiinnitys)*: Aikuiset: 32 - 45 cm, Lapset: 28 - 36 cm.<strong>\u00a0<\/strong><\/li>\n<\/ul>\n<ul>\n<li><strong>Kaulan koot<\/strong>\u00a0(Vaihdettava koukku- ja silmukkakiinnike)*:  Aikuiset: 37 - 50 cm, Lapset: 28 - 36 cm.<strong>\u00a0<\/strong><\/li>\n<\/ul>\n<ul>\n<li><strong>Hygieeninen kansi<\/strong>: Pest\u00e4v\u00e4 hygieeninen p\u00e4\u00e4llinen, joka on valmistettu erityisest\u00e4 ComforTex\u00ae MF -materiaalista ja jonka v\u00e4ri on \u00abTitan\u00bb, aikuisille tai lapsille.<\/li>\n<\/ul>\n<p>&nbsp;<\/p>\n<p>Potilassuojatuotteemme ovat luonnollisesti henkil\u00f6suojaimia koskevan asetuksen (EU) 2016\/425 ja l\u00e4\u00e4kinn\u00e4llisi\u00e4 laitteita koskevan asetuksen (EU) 2017\/745 mukaisia.<\/p>\n<p>&nbsp;<\/p>\n<p>*Vakiokoko sopii useimpiin kaulakokoihin<\/p>\n<\/div>","protected":false},"excerpt":{"rendered":"<h1 class=\"product-page__short-description\">Potilaan kilpirauhasen suojaus<\/h1>\n<blockquote>\n<h4><strong>HUOMIO!<\/strong><\/h4>\n<p><strong>T\u00e4m\u00e4 on varaosa. Vain vaihdettava koukku- ja puristinkiinnitys. K\u00e4ytet\u00e4\u00e4n\u00a0<a href=\"https:\/\/stralskyddsprodukter.com\/fi\/produkt\/rd614-patient-thyroid-shield\/\">RD614 Potilaan kilpirauhassuoja<\/a><\/strong><\/p><\/blockquote>\n<p>Kilpirauhasen ja rintalastan suojaimellemme on ominaista sen ensiluokkainen leikkaus ja paras istuvuus, jossa otetaan huomioon kaikki s\u00e4teilysuojeluun liittyv\u00e4t n\u00e4k\u00f6kohdat.<\/p>\n<ul>\n<li><strong>Erinomaiset s\u00e4teilysuojaominaisuudet<\/strong><\/li>\n<li><strong>Monik\u00e4ytt\u00f6inen, ei kertak\u00e4ytt\u00f6tuote<\/strong><\/li>\n<li><strong>Helppo sijoittaa<\/strong><\/li>\n<li><strong>PFC-vapaa pintamateriaali Oeko-Tex\u00ae 100 -standardin mukaisesti.<\/strong><\/li>\n<\/ul>","protected":false},"featured_media":3358,"template":"","meta":{"content-type":""},"product_brand":[33],"product_cat":[51,56,50,47],"product_tag":[48,61,52,73,76],"class_list":{"0":"post-3367","1":"product","2":"type-product","3":"status-publish","4":"has-post-thumbnail","6":"product_brand-mavig","7":"product_cat-children-sizes-x-ray-protection","8":"product_cat-protection-in-dental-medicine","9":"product_cat-protection-for-the-patient","10":"product_cat-x-ray-protection","11":"product_tag-children-sizes","12":"product_tag-protection-in-dental-medicine","13":"product_tag-protection-for-the-patient","14":"product_tag-spare-parts","15":"product_tag-visitek-recommends","16":"product_shipping_class-shipping-clothes","18":"first","19":"instock","20":"taxable","21":"shipping-taxable","22":"purchasable","23":"product-type-variable"},"jetpack_sharing_enabled":true,"_links":{"self":[{"href":"https:\/\/stralskyddsprodukter.com\/fi\/wp-json\/wp\/v2\/product\/3367","targetHints":{"allow":["GET"]}}],"collection":[{"href":"https:\/\/stralskyddsprodukter.com\/fi\/wp-json\/wp\/v2\/product"}],"about":[{"href":"https:\/\/stralskyddsprodukter.com\/fi\/wp-json\/wp\/v2\/types\/product"}],"wp:featuredmedia":[{"embeddable":true,"href":"https:\/\/stralskyddsprodukter.com\/fi\/wp-json\/wp\/v2\/media\/3358"}],"wp:attachment":[{"href":"https:\/\/stralskyddsprodukter.com\/fi\/wp-json\/wp\/v2\/media?parent=3367"}],"wp:term":[{"taxonomy":"product_brand","embeddable":true,"href":"https:\/\/stralskyddsprodukter.com\/fi\/wp-json\/wp\/v2\/product_brand?post=3367"},{"taxonomy":"product_cat","embeddable":true,"href":"https:\/\/stralskyddsprodukter.com\/fi\/wp-json\/wp\/v2\/product_cat?post=3367"},{"taxonomy":"product_tag","embeddable":true,"href":"https:\/\/stralskyddsprodukter.com\/fi\/wp-json\/wp\/v2\/product_tag?post=3367"}],"curies":[{"name":"wp","href":"https:\/\/api.w.org\/{rel}","templated":true}]}}