{"id":1108,"date":"2025-06-04T11:31:16","date_gmt":"2025-06-04T11:31:16","guid":{"rendered":"https:\/\/stralskyddsprodukter.com\/?post_type=product&#038;p=1108"},"modified":"2026-04-07T21:30:18","modified_gmt":"2026-04-07T19:30:18","slug":"ra631-vest-for-front-protection","status":"publish","type":"product","link":"https:\/\/stralskyddsprodukter.com\/nb\/produkt\/ra631-vest-for-front-protection\/","title":{"rendered":"RA631 Vest for frontbeskyttelse"},"content":{"rendered":"<section id=\"section--text\" class=\"section section--text\">\n<div class=\"container\">\n<div class=\"row\">\n<div class=\"col-xl-8 offset-xl-2 col-lg-10 offset-lg-1\">\n<div class=\"text__wrapper\">\n<h2 class=\"text__heading\">Vest for allsidig r\u00f8ntgenbeskyttelse: BALANCE RA631<\/h2>\n<div class=\"text__text\">\n<p>Allround optimal beskyttelse! Den patenterte Balance RA631-serien hjelper deg gjennom en trygg og komfortabel dag. De spesielle egenskapene skiller denne modellen vesentlig fra andre todelte modeller.<\/p>\n<p>De helt overlappende frontpanelene oppn\u00e5r blyekvivalenter p\u00e5 Pb 0,25 mm, Pb 0,35 mm eller 0,50 mm for fronten og danner grunnlaget for den utrolige b\u00e6rekomforten til Balance-serien, med sin gode vektfordeling og h\u00f8ye grad av bevegelighet og fleksibilitet.<\/p>\n<p>De integrerte sikkerhetssonene (ocean) med fargekontrast garanterer optimal r\u00f8ntgenbeskyttelse. De gir deg visshet om at du er optimalt beskyttet i alle situasjoner. I sideomr\u00e5det har vesten og skj\u00f8rtet et 12 cm bredt dobbeltlag med full blyekvivalent. Dette gjelder ogs\u00e5 i de delene av skulderomr\u00e5det der snittet er utformet slik at det ikke overlapper. Hvis enden av frontpanelet befinner seg innenfor denne klart gjenkjennelige sonen etter at du har tatt p\u00e5 deg vernet\u00f8yet, dekker du hele 60% av kroppsomkretsen med maksimal beskyttelsesverdi.<\/p>\n<p>&nbsp;<\/p>\n<\/div>\n<\/div>\n<\/div>\n<\/div>\n<\/div>\n<\/section>\n<section id=\"section--picture-description\" class=\"section section--picture-description picture-description\">\n<div class=\"container\">\n<div class=\"row\">\n<div class=\"col-xl-8 offset-xl-2 col-lg-10 offset-lg-1\">\n<div class=\"picture-description__wrapper\">\n<div class=\"row align-items-center\">\n<div class=\"col-xl-3\"><a class=\"zoom-image\" href=\"https:\/\/mavig.com\/wp-content\/uploads\/2022\/06\/mavig-levio-lighter-x-ray-aprons.png\" data-fancybox=\"images-page_sections_1_picture\"><img decoding=\"async\" class=\"lazy picture-description__picture\" src=\"https:\/\/mavig.com\/wp-content\/uploads\/2022\/06\/mavig-levio-lighter-x-ray-aprons-300x300.png\" alt=\"\" \/><\/a><\/div>\n<div class=\"offset-xl-1 col-xl-8\">\n<div class=\"picture-description__description\">\n<h3><strong>N\u00e5 ogs\u00e5 tilgjengelig som Levio\u00ae Edition!<\/strong><\/h3>\n<p>&nbsp;<\/p>\n<ul>\n<li>Lettere r\u00f8ntgenbeskyttende kl\u00e6r<\/li>\n<li>Optimalisert beskyttelse<\/li>\n<li><strong>NYTT:<\/strong>\u00a0Standardm\u00e5l for Levio-panelet<\/li>\n<li><a href=\"https:\/\/mavig.com\/blog\/levio\/\">Mer informasjon p\u00e5 MAVIGs nettsted<\/a> (\u00e5pnes i ny fane).<\/li>\n<\/ul>\n<p>&nbsp;<\/p>\n<\/div>\n<\/div>\n<\/div>\n<\/div>\n<\/div>\n<\/div>\n<\/div>\n<\/section>\n<section id=\"section--text\" class=\"section section--text\">\n<div class=\"container\">\n<div class=\"row\">\n<div class=\"col-xl-8 offset-xl-2 col-lg-10 offset-lg-1\">\n<div class=\"text__wrapper\">\n<div class=\"text__text\">\n<p>Den todelte konstruksjonen motvirker optimal belastning p\u00e5 kroppen for\u00e5rsaket av varme eller vekt.<\/p>\n<p>Standardutstyret inkluderer skulderputer og forberedelse for tilpasningsdyktig brodering. Som ekstrautstyr kan vesten utstyres med et strekkbelte som kan knappes p\u00e5. Dette gir enda mer vektavlastning for skuldrene.<\/p>\n<p><em>For ytterligere avlastning av vekten p\u00e5 skulderomr\u00e5det kan denne modellen kombineres med\u00a0<a href=\"https:\/\/stralskyddsprodukter.com\/nb\/produkt\/shoulder-bridge-brygga\/\">RA Brygga<\/a>\u00a0skulderbro.<\/em><\/p>\n<p>&nbsp;<\/p>\n<h3><strong>For standardkolleksjonen:<\/strong><\/h3>\n<p>&nbsp;<\/p>\n<div class=\"text__text-table\">\n<table width=\"0\">\n<tbody>\n<tr>\n<td width=\"200\"><strong>Beskyttende materiale:<\/strong><\/td>\n<td width=\"118\"><\/td>\n<td width=\"412\">NovaLite\u00ae Plus<\/td>\n<\/tr>\n<tr>\n<td width=\"200\">(valgfritt)<\/td>\n<td width=\"118\"><\/td>\n<td width=\"412\">Blyfri 2.0<\/td>\n<\/tr>\n<tr>\n<td width=\"200\">.<\/td>\n<td width=\"118\"><\/td>\n<td width=\"412\"><\/td>\n<\/tr>\n<tr>\n<td width=\"200\"><strong>Front<br \/>\nBlyekvivalent:<br \/>\n<\/strong>(valgfritt)<\/td>\n<td width=\"118\"><\/td>\n<td width=\"412\">Pb 0,25 mm<\/p>\n<p>Pb 0,35 mm<\/p>\n<p>Pb 0,50 mm<\/td>\n<\/tr>\n<tr>\n<td width=\"200\"><\/td>\n<td width=\"118\"><\/td>\n<td width=\"412\"><\/td>\n<\/tr>\n<tr>\n<td width=\"200\">.<\/td>\n<td width=\"118\"><\/td>\n<td width=\"412\"><\/td>\n<\/tr>\n<tr>\n<td width=\"200\"><strong>Tilbake<br \/>\nBlyekvivalent:<\/strong><\/td>\n<td width=\"118\"><\/td>\n<td width=\"412\">Pb 0,25 mm<\/td>\n<\/tr>\n<\/tbody>\n<\/table>\n<\/div>\n<p>&nbsp;<\/p>\n<h3><strong>Levio Edition:<\/strong><\/h3>\n<p>&nbsp;<\/p>\n<div class=\"text__text-table\">\n<table width=\"621\">\n<tbody>\n<tr>\n<td width=\"150\"><strong>Beskyttende materiale:<\/strong><\/td>\n<td width=\"100\"><\/td>\n<td width=\"350\">NovaLite\u00ae Plus<\/td>\n<\/tr>\n<tr>\n<td width=\"150\">(valgfritt)<\/td>\n<td width=\"100\"><\/td>\n<td width=\"350\">Blyfri 2.0<\/td>\n<\/tr>\n<tr>\n<td width=\"150\">.<\/td>\n<td width=\"100\"><\/td>\n<td width=\"350\"><\/td>\n<\/tr>\n<tr>\n<td width=\"150\"><strong>Front<br \/>\nBlyekvivalent:<br \/>\n<\/strong>(valgfritt)<\/td>\n<td width=\"100\"><\/td>\n<td width=\"350\">0,25 mm Pb \/ 0,42 mm Pb<\/p>\n<p>0,25 mm Pb \/ 0,50 mm Pb<\/td>\n<\/tr>\n<tr>\n<td width=\"150\"><\/td>\n<td width=\"100\"><\/td>\n<td width=\"350\"><\/td>\n<\/tr>\n<tr>\n<td width=\"150\"><\/td>\n<td width=\"100\"><\/td>\n<td width=\"350\"><\/td>\n<\/tr>\n<tr>\n<td width=\"150\"><strong>Tilbake<br \/>\nBlyekvivalent:<\/strong><\/td>\n<td width=\"100\"><\/td>\n<td width=\"350\">&nbsp;<\/p>\n<p>0,25 mm Pb<\/td>\n<\/tr>\n<\/tbody>\n<\/table>\n<\/div>\n<p>&nbsp;<\/p>\n<h3><strong>Oppfyller alle relevante forskrifter og krav<\/strong><\/h3>\n<p>Typetesting og sertifisering i henhold til (EU) 2016\/425, IEC 61331-1:2014 \/ DIN EN 61331-1:2016 og IEC 61331-3:2014 \/ DIN EN 61331-3:2016 og (EU) 2017\/745 for medisinsk utstyr.<\/p>\n<\/div>\n<\/div>\n<\/div>\n<\/div>\n<\/div>\n<\/section>","protected":false},"excerpt":{"rendered":"<h1 class=\"product-page__short-description\">Vest for frontbeskyttelse RA631<\/h1>\n<p>Allround optimal r\u00f8ntgenbeskyttelse! Den patenterte Balance RA631-serien gir deg en trygg og komfortabel dag med god vektfordeling og h\u00f8y grad av bevegelighet og fleksibilitet.<\/p>\n<ul>\n<li><strong>Betydelig redusert vektbelastning p\u00e5 ryggs\u00f8ylen<\/strong><\/li>\n<li><strong>Tilgjengelig i en todelt modell, som gir bedre ventilasjon av kroppsvarmen<\/strong><\/li>\n<li><strong>Skulderputer som standardutstyr<\/strong><\/li>\n<li><strong>Oppfyller alle relevante forskrifter og krav<\/strong><\/li>\n<li><strong>Oppfyller spesifikasjonene i DIN EN ISO 13795-1 for kirurgiske tekstiler<\/strong><\/li>\n<li><strong>PFC-fritt yttermateriale i henhold til Oeko-Tex\u00ae 100-standarden<\/strong><\/li>\n<li><strong>Biokompatible, ftalatfrie materialer for str\u00e5lingsbeskyttelse (blykomponenter kan resirkuleres)<\/strong><\/li>\n<\/ul>\n<blockquote><p>Dette produktet leveres med ComforTex HPMF Hybrid-yttermateriale som standard.<br data-start=\"256\" data-end=\"259\" \/>Hvis du \u00f8nsker \u00e5 bestille den i et annet materiale, vennligst <a href=\"https:\/\/visitek.se\/kontakt\/\">kontakt oss<\/a>.<\/p><\/blockquote>","protected":false},"featured_media":891,"template":"","meta":{"content-type":""},"product_brand":[33],"product_cat":[104,53,15,47],"product_tag":[60,67],"class_list":{"0":"post-1108","1":"product","2":"type-product","3":"status-publish","4":"has-post-thumbnail","6":"product_brand-mavig","7":"product_cat-lead-free-aprons","8":"product_cat-protection-for-medical-personnel","9":"product_cat-okategoriserad","10":"product_cat-x-ray-protection","11":"product_tag-protection-for-medical-personnel","12":"product_tag-vest","13":"product_shipping_class-shipping-clothes","15":"first","16":"instock","17":"taxable","18":"shipping-taxable","19":"purchasable","20":"product-type-variable"},"jetpack_sharing_enabled":true,"_links":{"self":[{"href":"https:\/\/stralskyddsprodukter.com\/nb\/wp-json\/wp\/v2\/product\/1108","targetHints":{"allow":["GET"]}}],"collection":[{"href":"https:\/\/stralskyddsprodukter.com\/nb\/wp-json\/wp\/v2\/product"}],"about":[{"href":"https:\/\/stralskyddsprodukter.com\/nb\/wp-json\/wp\/v2\/types\/product"}],"wp:featuredmedia":[{"embeddable":true,"href":"https:\/\/stralskyddsprodukter.com\/nb\/wp-json\/wp\/v2\/media\/891"}],"wp:attachment":[{"href":"https:\/\/stralskyddsprodukter.com\/nb\/wp-json\/wp\/v2\/media?parent=1108"}],"wp:term":[{"taxonomy":"product_brand","embeddable":true,"href":"https:\/\/stralskyddsprodukter.com\/nb\/wp-json\/wp\/v2\/product_brand?post=1108"},{"taxonomy":"product_cat","embeddable":true,"href":"https:\/\/stralskyddsprodukter.com\/nb\/wp-json\/wp\/v2\/product_cat?post=1108"},{"taxonomy":"product_tag","embeddable":true,"href":"https:\/\/stralskyddsprodukter.com\/nb\/wp-json\/wp\/v2\/product_tag?post=1108"}],"curies":[{"name":"wp","href":"https:\/\/api.w.org\/{rel}","templated":true}]}}