{"id":1364,"date":"2025-06-04T15:17:28","date_gmt":"2025-06-04T15:17:28","guid":{"rendered":"https:\/\/stralskyddsprodukter.com\/?post_type=product&#038;p=1364"},"modified":"2026-04-07T21:29:12","modified_gmt":"2026-04-07T19:29:12","slug":"ra631-victoria-vest","status":"publish","type":"product","link":"https:\/\/stralskyddsprodukter.com\/nb\/produkt\/ra631-victoria-vest\/","title":{"rendered":"RA631 Victoria Vest"},"content":{"rendered":"<section id=\"section--text\" class=\"section section--text\">\n<div class=\"container\">\n<div class=\"row\">\n<div class=\"col-xl-8 offset-xl-2 col-lg-10 offset-lg-1\">\n<div class=\"text__wrapper\">\n<h2 class=\"text__heading\">MAVIG-VICTORIA RA631 - en r\u00f8ntgenbeskyttelsesvest spesielt for kvinner<\/h2>\n<div class=\"text__text\">\n<p>Victoria-kolleksjonen er en innovativ r\u00f8ntgenbeskyttelse som tar hensyn til den kvinnelige anatomien. Med spesialtilpassede ermhull gir Victoria RA631-vesten ideell beskyttelse for det f\u00f8lsomme brystvevet uten at det g\u00e5r p\u00e5 bekostning av bevegelsesfriheten. Prinsesses\u00f8mmer (langsg\u00e5ende delingss\u00f8mmer for et tettsittende snitt) foran sikrer en ideell passform, mens et stretchinnlegg i ryggen s\u00f8rger for en optimal tilpasning til kroppsformen.<\/p>\n<p>Fremtidens r\u00f8ntgenbeskyttelse - utviklet av kvinner for kvinner: Oppdag komfort og funksjonalitet i perfekt balanse. Stol p\u00e5 Victoria-kolleksjonen - et r\u00f8ntgenvern som kombinerer sikkerhet og estetisk design p\u00e5 en perfekt m\u00e5te. Du kan stole p\u00e5 Victoria-kolleksjonen - en r\u00f8ntgenbeskyttelse som kombinerer sikkerhet og estetisk design p\u00e5 en perfekt m\u00e5te.<\/p>\n<p>&nbsp;<\/p>\n<\/div>\n<\/div>\n<\/div>\n<\/div>\n<\/div>\n<\/section>\n<section id=\"section--carousel-alt-text\" class=\"section section--carousel-alt-text carousel-alt-text\">\n<div class=\"container\">\n<div class=\"row\">\n<div class=\"col-xl-8 offset-xl-2\">\n<div class=\"carousel-alt-text__wrapper\">\n<div class=\"carousel-alt-text__carousel\">\n<div class=\"js--carousel-alt-text slick-initialized slick-slider\">\n<div class=\"slick-list draggable\">\n<div class=\"slick-track\">\n<div class=\"carousel-alt-text__slide slick-slide slick-current slick-active\" tabindex=\"0\" data-slick-index=\"0\" aria-hidden=\"false\">\n<div class=\"row\">\n<div class=\"col-xl-5\"><a class=\"zoom-image\" tabindex=\"0\" href=\"https:\/\/mavig.com\/wp-content\/uploads\/2024\/01\/MAVIG_Victoriakollektion_Teilungsnaehte-1.png\" data-fancybox=\"images-\"><img decoding=\"async\" class=\"lazy carousel-alt-text__image\" src=\"https:\/\/mavig.com\/wp-content\/uploads\/2024\/01\/MAVIG_Victoriakollektion_Teilungsnaehte-1.png\" alt=\"\" \/><\/a><\/div>\n<div class=\"col-xl-7\">\n<div class=\"carousel-alt-text__text-section\">\n<div class=\"carousel-alt-text__heading\">Delte s\u00f8mmer i fronten for god passform, men med full str\u00e5lingsbeskyttelse<\/div>\n<div><\/div>\n<\/div>\n<\/div>\n<\/div>\n<\/div>\n<div class=\"carousel-alt-text__slide slick-slide\" tabindex=\"-1\" data-slick-index=\"1\" aria-hidden=\"true\">\n<div class=\"row\">\n<div class=\"col-xl-5\"><a class=\"zoom-image\" tabindex=\"-1\" href=\"https:\/\/mavig.com\/wp-content\/uploads\/2024\/01\/MAVIG_Victoriakollektion_Armausschnitt.png\" data-fancybox=\"images-\"><img decoding=\"async\" class=\"lazy carousel-alt-text__image\" src=\"https:\/\/mavig.com\/wp-content\/uploads\/2024\/01\/MAVIG_Victoriakollektion_Armausschnitt.png\" alt=\"\" \/><\/a><\/div>\n<div class=\"col-xl-7\">\n<div class=\"carousel-alt-text__text-section\">\n<div class=\"carousel-alt-text__heading\">Optimaliserte ermhull gir ideell beskyttelse for f\u00f8lsomt brystvev<\/div>\n<div><\/div>\n<\/div>\n<\/div>\n<\/div>\n<\/div>\n<div class=\"carousel-alt-text__slide slick-slide\" tabindex=\"-1\" data-slick-index=\"2\" aria-hidden=\"true\">\n<div class=\"row\">\n<div class=\"col-xl-5\"><a class=\"zoom-image\" tabindex=\"-1\" href=\"https:\/\/mavig.com\/wp-content\/uploads\/2024\/01\/MAVIG_Victoriakollektion_Stretcheinsatz.png\" data-fancybox=\"images-\"><img decoding=\"async\" class=\"lazy carousel-alt-text__image\" src=\"https:\/\/mavig.com\/wp-content\/uploads\/2024\/01\/MAVIG_Victoriakollektion_Stretcheinsatz.png\" alt=\"\" \/><\/a><\/div>\n<div class=\"col-xl-7\">\n<div class=\"carousel-alt-text__text-section\">\n<div class=\"carousel-alt-text__heading\">Stretchinnsats for en behagelig passform<\/div>\n<\/div>\n<\/div>\n<\/div>\n<\/div>\n<\/div>\n<\/div>\n<\/div>\n<div class=\"row\">\n<div class=\"col-xl-5\"><\/div>\n<div class=\"col-xl-7\">\n<div class=\"carousel-alt-text__navigation\">\n<div class=\"carousel-alt-text__counter-wrap\">\n<div class=\"carousel-alt-text__counter\"><\/div>\n<\/div>\n<\/div>\n<\/div>\n<\/div>\n<\/div>\n<\/div>\n<\/div>\n<\/div>\n<\/div>\n<\/section>\n<section id=\"section--text\" class=\"section section--text\">\n<div class=\"container\">\n<div class=\"row\">\n<div class=\"col-xl-8 offset-xl-2 col-lg-10 offset-lg-1\">\n<div class=\"text__wrapper\">\n<div class=\"text__text\">\n<p>V\u00e6r oppmerksom p\u00e5 at det ikke er mulig \u00e5 feste ermer p\u00e5 Victoria-vesten p\u00e5 grunn av de tilpassede ermehullene. Vennligst kombiner Victoria-vesten med <a href=\"https:\/\/stralskyddsprodukter.com\/nb\/produkt\/ra637-bolero-shoulder-protection\/\">Bolero RA637<\/a>.<\/p>\n<p>Standardutstyret inkluderer skulderputer og forberedelse for tilpasningsdyktig brodering. Som ekstrautstyr kan vesten utstyres med et strekkbelte som kan knappes p\u00e5. Dette gir enda mer vektavlastning for skuldrene.<\/p>\n<p>For ytterligere avlastning av vekten p\u00e5 skulderomr\u00e5det kan denne modellen kombineres med\u00a0<a href=\"https:\/\/stralskyddsprodukter.com\/nb\/produkt\/shoulder-bridge-brygga\/\">RA Brygga<\/a>\u00a0skulderbro.<\/p>\n<p>&nbsp;<\/p>\n<\/div>\n<\/div>\n<\/div>\n<\/div>\n<\/div>\n<\/section>\n<section id=\"section--picture-description\" class=\"section section--picture-description picture-description\">\n<div class=\"container\">\n<div class=\"row\">\n<div class=\"col-xl-8 offset-xl-2 col-lg-10 offset-lg-1\">\n<div class=\"picture-description__wrapper\">\n<div class=\"row align-items-center\">\n<div class=\"col-xl-3\"><a class=\"zoom-image\" href=\"https:\/\/mavig.com\/wp-content\/uploads\/2022\/06\/mavig-levio-lighter-x-ray-aprons.png\" data-fancybox=\"images-page_sections_3_picture\"><img decoding=\"async\" class=\"lazy picture-description__picture\" src=\"https:\/\/mavig.com\/wp-content\/uploads\/2022\/06\/mavig-levio-lighter-x-ray-aprons-300x300.png\" alt=\"\" \/><\/a><\/div>\n<div class=\"offset-xl-1 col-xl-8\">\n<div class=\"picture-description__description\">\n<h3><strong>N\u00e5 ogs\u00e5 tilgjengelig som Levio\u00ae Edition!<\/strong><\/h3>\n<p>&nbsp;<\/p>\n<ul>\n<li>Lettere r\u00f8ntgenbeskyttende kl\u00e6r<\/li>\n<li>Optimalisert beskyttelse<\/li>\n<li><strong>NYTT:<\/strong>\u00a0Standardm\u00e5l for Levio-panelet<br \/>\n<a href=\"https:\/\/mavig.com\/blog\/levio\/\">Mer informasjon p\u00e5 MAVIGs nettsted<\/a> (\u00e5pnes i ny fane).<\/li>\n<\/ul>\n<\/div>\n<\/div>\n<\/div>\n<\/div>\n<\/div>\n<\/div>\n<\/div>\n<\/section>\n<section id=\"section--text\" class=\"section section--text\">\n<div class=\"container\">\n<div class=\"row\">\n<div class=\"col-xl-8 offset-xl-2 col-lg-10 offset-lg-1\">\n<div class=\"text__wrapper\">\n<h2 class=\"text__heading\"><\/h2>\n<div class=\"text__text\">\n<h3><strong>For standardkolleksjonen:<\/strong><\/h3>\n<p>&nbsp;<\/p>\n<div class=\"text__text-table\">\n<table width=\"0\">\n<tbody>\n<tr>\n<td width=\"200\"><strong>Beskyttende materiale:<\/strong><\/td>\n<td width=\"118\"><\/td>\n<td width=\"412\">NovaLite\u00ae Plus<\/td>\n<\/tr>\n<tr>\n<td width=\"200\">(valgfritt)<\/td>\n<td width=\"118\"><\/td>\n<td width=\"412\">Blyfri 2.0<\/td>\n<\/tr>\n<tr>\n<td width=\"200\"><\/td>\n<td width=\"118\"><\/td>\n<td width=\"412\"><\/td>\n<\/tr>\n<tr>\n<td width=\"200\"><strong>Blyekvivalent p\u00e5 forsiden:<\/strong><\/td>\n<td width=\"118\"><\/td>\n<td width=\"412\">Pb 0,25 mm<\/td>\n<\/tr>\n<tr>\n<td width=\"200\">(valgfritt)<\/td>\n<td width=\"118\"><\/td>\n<td width=\"412\">Pb 0,35 mm<\/td>\n<\/tr>\n<tr>\n<td width=\"200\"><\/td>\n<td width=\"118\"><\/td>\n<td width=\"412\">Pb 0,50 mm<\/td>\n<\/tr>\n<tr>\n<td width=\"200\"><strong>Blyekvivalent p\u00e5 baksiden:<\/strong><\/td>\n<td width=\"118\"><\/td>\n<td width=\"412\">Pb 0,25 mm<\/td>\n<\/tr>\n<\/tbody>\n<\/table>\n<\/div>\n<h3><\/h3>\n<p>&nbsp;<\/p>\n<h3><strong>Levio Edition:<\/strong><\/h3>\n<p>&nbsp;<\/p>\n<div class=\"text__text-table\">\n<table width=\"753\">\n<tbody>\n<tr>\n<td width=\"150\"><strong>Beskyttende materiale:<\/strong><\/td>\n<td width=\"100\"><\/td>\n<td width=\"350\">NovaLite\u00ae Plus<\/td>\n<\/tr>\n<tr>\n<td width=\"150\">(valgfritt)<\/td>\n<td width=\"100\"><\/td>\n<td width=\"350\">Blyfri 2.0<\/td>\n<\/tr>\n<tr>\n<td width=\"150\"><\/td>\n<td width=\"100\"><\/td>\n<td width=\"350\"><\/td>\n<\/tr>\n<tr>\n<td width=\"150\"><strong>Blyekvivalent p\u00e5 forsiden:<\/strong><\/td>\n<td width=\"100\"><\/td>\n<td width=\"350\">Pb 0,25 mm \/Pb 0,42 mm<\/td>\n<\/tr>\n<tr>\n<td width=\"150\">(valgfritt)<\/td>\n<td width=\"100\"><\/td>\n<td width=\"350\">Pb 0,25 mm \/Pb 0,50 mm<\/td>\n<\/tr>\n<tr>\n<td width=\"150\"><\/td>\n<td width=\"100\"><\/td>\n<td width=\"350\"><\/td>\n<\/tr>\n<tr>\n<td width=\"150\"><strong>Blyekvivalent p\u00e5 baksiden:<\/strong><\/td>\n<td width=\"100\"><\/td>\n<td width=\"350\">Pb 0,25 mm<\/td>\n<\/tr>\n<\/tbody>\n<\/table>\n<\/div>\n<h3><\/h3>\n<p>&nbsp;<\/p>\n<h3><strong>Oppfyller alle relevante forskrifter og krav<\/strong><\/h3>\n<p>&nbsp;<\/p>\n<p>Typetesting og sertifisering i henhold til (EU) 2016\/425, IEC 61331-1:2014 \/ DIN EN 61331-1:2016 og IEC 61331-3:2014 \/ DIN EN 61331-3:2016 og (EU) 2017\/745 for medisinsk utstyr.<\/p>\n<\/div>\n<\/div>\n<\/div>\n<\/div>\n<\/div>\n<\/section>","protected":false},"excerpt":{"rendered":"<h1 class=\"product-page__short-description\">Victoria Vest RA631 - Allround r\u00f8ntgenbeskyttelse<\/h1>\n<p>Victoria Vest er en innovativ r\u00f8ntgenbeskyttelse som tar hensyn til den kvinnelige anatomien. Den todelte designen motvirker optimal belastning p\u00e5 kroppen for\u00e5rsaket av varme eller vekt.<\/p>\n<ul>\n<li><strong>R\u00f8ntgenbeskyttelsesvest spesielt for kvinner<\/strong><\/li>\n<li><strong>Krever ikke full overlapping foran<\/strong><\/li>\n<li><strong>Standardutstyr inkluderer skulderputer<\/strong><\/li>\n<li><strong>PFC-fritt yttermateriale i henhold til Oeko-Tex\u00ae 100-standarden<\/strong><\/li>\n<li><strong>Ftalatfrie str\u00e5lingsbeskyttelsesmaterialer med resirkulerbart bly<\/strong><\/li>\n<li><strong>For kombinasjon med det vanlige r\u00f8ntgenbeskyttelsesskj\u00f8rtet RA631<\/strong><\/li>\n<\/ul>\n<blockquote><p>Dette produktet leveres med ComforTex HPMF Hybrid-yttermateriale som standard.<br data-start=\"256\" data-end=\"259\" \/>Hvis du \u00f8nsker \u00e5 bestille den i et annet materiale, vennligst <a href=\"https:\/\/visitek.se\/kontakt\/\">kontakt oss<\/a>.<\/p><\/blockquote>","protected":false},"featured_media":1416,"template":"","meta":{"content-type":""},"product_brand":[33],"product_cat":[104,53,15,47],"product_tag":[60,67],"class_list":{"0":"post-1364","1":"product","2":"type-product","3":"status-publish","4":"has-post-thumbnail","6":"product_brand-mavig","7":"product_cat-lead-free-aprons","8":"product_cat-protection-for-medical-personnel","9":"product_cat-okategoriserad","10":"product_cat-x-ray-protection","11":"product_tag-protection-for-medical-personnel","12":"product_tag-vest","13":"product_shipping_class-shipping-clothes","15":"first","16":"instock","17":"taxable","18":"shipping-taxable","19":"purchasable","20":"product-type-variable"},"jetpack_sharing_enabled":true,"_links":{"self":[{"href":"https:\/\/stralskyddsprodukter.com\/nb\/wp-json\/wp\/v2\/product\/1364","targetHints":{"allow":["GET"]}}],"collection":[{"href":"https:\/\/stralskyddsprodukter.com\/nb\/wp-json\/wp\/v2\/product"}],"about":[{"href":"https:\/\/stralskyddsprodukter.com\/nb\/wp-json\/wp\/v2\/types\/product"}],"wp:featuredmedia":[{"embeddable":true,"href":"https:\/\/stralskyddsprodukter.com\/nb\/wp-json\/wp\/v2\/media\/1416"}],"wp:attachment":[{"href":"https:\/\/stralskyddsprodukter.com\/nb\/wp-json\/wp\/v2\/media?parent=1364"}],"wp:term":[{"taxonomy":"product_brand","embeddable":true,"href":"https:\/\/stralskyddsprodukter.com\/nb\/wp-json\/wp\/v2\/product_brand?post=1364"},{"taxonomy":"product_cat","embeddable":true,"href":"https:\/\/stralskyddsprodukter.com\/nb\/wp-json\/wp\/v2\/product_cat?post=1364"},{"taxonomy":"product_tag","embeddable":true,"href":"https:\/\/stralskyddsprodukter.com\/nb\/wp-json\/wp\/v2\/product_tag?post=1364"}],"curies":[{"name":"wp","href":"https:\/\/api.w.org\/{rel}","templated":true}]}}