{"id":2695,"date":"2025-06-11T08:28:13","date_gmt":"2025-06-11T08:28:13","guid":{"rendered":"https:\/\/stralskyddsprodukter.com\/?post_type=product&#038;p=2695"},"modified":"2026-04-07T21:25:02","modified_gmt":"2026-04-07T19:25:02","slug":"ra637-bolero-shoulder-protection","status":"publish","type":"product","link":"https:\/\/stralskyddsprodukter.com\/nb\/produkt\/ra637-bolero-shoulder-protection\/","title":{"rendered":"RA637 Bolero skulderbeskyttelse"},"content":{"rendered":"<div class=\"et_d4_element et_pb_section et_pb_section_0  et_pb_css_mix_blend_mode et_section_regular et_block_section\" >\n\t\t\t\t\n\t\t\t\t\n\t\t\t\t\n\t\t\t\t\n\t\t\t\t\n\t\t\t\t\n\t\t\t\t<div class=\"et_d4_element et_pb_row et_pb_row_0  et_pb_css_mix_blend_mode et_block_row\">\n\t\t\t\t<div class=\"et_d4_element et_pb_column_4_4 et_pb_column et_pb_column_0  et_pb_css_mix_blend_mode et-last-child et_block_column\">\n\t\t\t\t\n\t\t\t\t\n\t\t\t\t\n\t\t\t\t\n\t\t\t\t<div class=\"et_pb_module et_d4_element et_pb_wc_breadcrumb et_pb_wc_breadcrumb_0 et_pb_bg_layout_  et_pb_text_align_left\">\n\t\t\t\t\n\t\t\t\t\n\t\t\t\t\n\t\t\t\t\n\t\t\t\t\n\t\t\t\t\n\t\t\t\t<div class=\"et_pb_module_inner\">\n\t\t\t\t\t<nav class=\"woocommerce-breadcrumb\" aria-label=\"Br\u00f8dsmuler\"><a href=\"https:\/\/stralskyddsprodukter.com\/nb\">Hjem<\/a>  \/  <a href=\"https:\/\/stralskyddsprodukter.com\/nb\/produktkategori\/radiation-shielding\/\">Str\u00e5lebeskyttelse<\/a>  \/  <a href=\"https:\/\/stralskyddsprodukter.com\/nb\/produktkategori\/radiation-shielding\/walls-boards\/\">Vegger og plater<\/a>  Hj\u00f8rnelist med bly<\/nav>\n\t\t\t\t<\/div>\n\t\t\t<\/div><div class=\"et_pb_module et_d4_element et_pb_wc_cart_notice et_pb_wc_cart_notice_0 woocommerce et_pb_fields_layout_default et_pb_bg_layout_  et_pb_text_align_left\">\n\t\t\t\t\n\t\t\t\t\n\t\t\t\t\n\t\t\t\t\n\t\t\t\t\n\t\t\t\t\n\t\t\t\t<div class=\"et_pb_module_inner\">\n\t\t\t\t\t\n\t\t\t\t<\/div>\n\t\t\t<\/div>\n\t\t\t<\/div>\n\t\t\t\t\n\t\t\t\t\n\t\t\t\t\n\t\t\t\t\n\t\t\t<\/div><div class=\"et_d4_element et_pb_row et_pb_row_1  et_pb_css_mix_blend_mode et_block_row\">\n\t\t\t\t<div class=\"et_d4_element et_pb_column_1_2 et_pb_column et_pb_column_1  et_pb_css_mix_blend_mode et_block_column\">\n\t\t\t\t\n\t\t\t\t\n\t\t\t\t\n\t\t\t\t\n\t\t\t\t<div class=\"et_pb_module et_d4_element et_pb_wc_images et_pb_wc_images_0 et_pb_bg_layout_\">\n\t\t\t\t\n\t\t\t\t\n\t\t\t\t\n\t\t\t\t\n\t\t\t\t\n\t\t\t\t\n\t\t\t\t<div class=\"et_pb_module_inner\">\n\t\t\t\t\t<div class=\"woocommerce-product-gallery woocommerce-product-gallery--with-images woocommerce-product-gallery--columns-4 images\" data-columns=\"4\" style=\"opacity: 0; transition: opacity .25s ease-in-out;\">\n\t<div class=\"woocommerce-product-gallery__wrapper\">\n\t\t<div data-thumb=\"https:\/\/stralskyddsprodukter.com\/wp-content\/uploads\/2026\/03\/VISITEK_skarvremsa-100x100.jpg\" data-thumb-alt=\"Skarvremsa fr\u00e5n VISITEK.\" data-thumb-srcset=\"\"  data-thumb-sizes=\"(max-width: 100px) 100vw, 100px\" class=\"woocommerce-product-gallery__image\"><a href=\"https:\/\/stralskyddsprodukter.com\/wp-content\/uploads\/2026\/03\/VISITEK_skarvremsa.jpg\"><img loading=\"lazy\" decoding=\"async\" width=\"150\" height=\"108\" src=\"https:\/\/stralskyddsprodukter.com\/wp-content\/uploads\/2026\/03\/VISITEK_skarvremsa.jpg\" class=\"wp-post-image\" alt=\"Skarvremsa fr\u00e5n VISITEK.\" data-caption=\"\" data-src=\"https:\/\/stralskyddsprodukter.com\/wp-content\/uploads\/2026\/03\/VISITEK_skarvremsa.jpg\" data-large_image=\"https:\/\/stralskyddsprodukter.com\/wp-content\/uploads\/2026\/03\/VISITEK_skarvremsa.jpg\" data-large_image_width=\"150\" data-large_image_height=\"108\" srcset=\"https:\/\/stralskyddsprodukter.com\/wp-content\/uploads\/2026\/03\/VISITEK_skarvremsa.jpg 150w, https:\/\/stralskyddsprodukter.com\/wp-content\/uploads\/2026\/03\/VISITEK_skarvremsa-18x12.jpg 18w\" sizes=\"(max-width: 150px) 100vw, 150px\" \/><\/a><\/div>\t<\/div>\n<\/div>\n\n\t\t\t\t<\/div>\n\t\t\t<\/div>\n\t\t\t<\/div><div class=\"et_d4_element et_pb_column_1_2 et_pb_column et_pb_column_2  et_pb_css_mix_blend_mode et-last-child et_block_column\">\n\t\t\t\t\n\t\t\t\t\n\t\t\t\t\n\t\t\t\t\n\t\t\t\t<div class=\"et_pb_module et_d4_element et_pb_wc_title et_pb_wc_title_0 et_pb_bg_layout_light\">\n\t\t\t\t\n\t\t\t\t\n\t\t\t\t\n\t\t\t\t\n\t\t\t\t\n\t\t\t\t\n\t\t\t\t<div class=\"et_pb_module_inner\">\n\t\t\t\t\t\n\t\t<h1>Kanthlist med bly<\/h1>\n\t\t\t\t<\/div>\n\t\t\t<\/div><div class=\"et_pb_module et_d4_element et_pb_wc_price et_pb_wc_price_0\">\n\t\t\t\t\n\t\t\t\t\n\t\t\t\t\n\t\t\t\t\n\t\t\t\t\n\t\t\t\t\n\t\t\t\t<div class=\"et_pb_module_inner\">\n\t\t\t\t\t<p class=\"price\"><span class=\"woocommerce-Price-amount amount\"><bdi>23,10&nbsp;<span class=\"woocommerce-Price-currencySymbol\">\u20ac<\/span><\/bdi><\/span><\/p>\n\n\t\t\t\t<\/div>\n\t\t\t<\/div><div class=\"et_pb_module et_d4_element et_pb_wc_description et_pb_wc_description_0 et_pb_bg_layout_light  et_pb_text_align_left\">\n\t\t\t\t\n\t\t\t\t\n\t\t\t\t\n\t\t\t\t\n\t\t\t\t\n\t\t\t\t\n\t\t\t\t<div class=\"et_pb_module_inner\">\n\t\t\t\t\t<h1 data-start=\"186\" data-end=\"251\"><span class=\"BZ_Pyq_fadeIn\">VISITEK <\/span><span class=\"BZ_Pyq_fadeIn\">hj\u00f8rnereim av <\/span><span class=\"BZ_Pyq_fadeIn\">bly<\/span><\/h1>\n<p data-start=\"186\" data-end=\"251\"><span class=\"BZ_Pyq_fadeIn\">F<\/span><span class=\"BZ_Pyq_fadeIn\">\"t\u00e4tning i hj\u00f8rner ved installasjon av str\u00e5lebeskyttelsesplater.\".<\/span><\/p>\n<ul data-start=\"253\" data-end=\"348\">\n<li data-section-id=\"bplu7\" data-start=\"253\" data-end=\"279\">\n<p data-start=\"255\" data-end=\"279\"><span class=\"BZ_Pyq_fadeIn\">M\u00e5l <\/span><span class=\"BZ_Pyq_fadeIn\">2\u00d78<\/span><span class=\"BZ_Pyq_fadeIn\">0\u00d7<\/span><span class=\"BZ_Pyq_fadeIn\">2100 <\/span><span class=\"BZ_Pyq_fadeIn\">mm<\/span><\/p>\n<\/li>\n<li data-section-id=\"12x4af6\" data-start=\"300\" data-end=\"348\">\n<p data-start=\"302\" data-end=\"348\"><span class=\"BZ_Pyq_fadeIn\">Brukt <\/span><span class=\"BZ_Pyq_fadeIn\">som <\/span><span class=\"BZ_Pyq_fadeIn\">tilbeh\u00f8r <\/span><span class=\"BZ_Pyq_fadeIn\">til <\/span><span class=\"BZ_Pyq_fadeIn\">str\u00e5levernsskiver<\/span><\/p>\n<\/li>\n<\/ul>\n\n\t\t\t\t<\/div>\n\t\t\t<\/div><div class=\"et_pb_module et_d4_element et_pb_wc_add_to_cart et_pb_wc_add_to_cart_0 et_pb_fields_label_position_default et_pb_bg_layout_  et_pb_text_align_left\">\n\t\t\t\t\n\t\t\t\t\n\t\t\t\t\n\t\t\t\t\n\t\t\t\t\n\t\t\t\t\n\t\t\t\t<div class=\"et_pb_module_inner\">\n\t\t\t\t\t\n\t\n\t<form class=\"cart\" action=\"https:\/\/stralskyddsprodukter.com\/nb\/produkt\/hornremsa-av-bly\/\" method=\"post\" enctype='multipart\/form-data' data-trp-original-action=\"https:\/\/stralskyddsprodukter.com\/nb\/produkt\/hornremsa-av-bly\/\">\n\t\t\n\t\t<div class=\"quantity\">\n\t\t<label class=\"screen-reader-text\" for=\"quantity_69e087e1206a0\" data-no-translation=\"\" data-trp-gettext=\"\">H\u00f6rnremsa med bly antall<\/label>\n\t<input\n\t\ttype=\"number\"\n\t\t\t\tid=\"quantity_69e087e1206a0\"\n\t\tclass=\"input-text qty text\"\n\t\tname=\"quantity\"\n\t\tvalue=\"1\"\n\t\taria-label=\"Produktmengde\"\n\t\t\t\tmin=\"1\"\n\t\t\t\t\t\t\tstep=\"1\"\n\t\t\tplaceholder=\"\"\n\t\t\tinputmode=\"numeric\"\n\t\t\tautocomplete=\"off\" data-no-translation-aria-label=\"\"\n\t\t\t\/>\n\t<\/div>\n\n\t\t<button type=\"submit\" name=\"add-to-cart\" value=\"21559\" class=\"single_add_to_cart_button button alt\" data-no-translation=\"\" data-trp-gettext=\"\">Legg i handlekurven<\/button>\n\n\t\t\t<input type=\"hidden\" name=\"trp-form-language\" value=\"nb\"\/><\/form>\n\n\t\n\n\t\t\t\t<\/div>\n\t\t\t<\/div><div class=\"et_pb_module et_d4_element et_pb_wc_meta et_pb_wc_meta_0 et_pb_bg_layout_ et_pb_wc_meta_layout_inline\">\n\t\t\t\t\n\t\t\t\t\n\t\t\t\t\n\t\t\t\t\n\t\t\t\t\n\t\t\t\t\n\t\t\t\t<div class=\"et_pb_module_inner\">\n\t\t\t\t\t<div class=\"product_meta\">\n\n\t\n\t\n\t\t<span class=\"sku_wrapper\">SKU: <span class=\"sku\">RA637-bolero-main<\/span><\/span>\n\n\t\n\t<span class=\"posted_in\">Kategorier: <a href=\"https:\/\/stralskyddsprodukter.com\/nb\/produktkategori\/x-ray-protection\/protection-for-medical-personnel\/\" rel=\"tag\">Medisinsk personell<\/a>, <a href=\"https:\/\/stralskyddsprodukter.com\/nb\/produktkategori\/x-ray-protection\/\" rel=\"tag\">Beskyttelse mot r\u00f8ntgenstr\u00e5ling<\/a><\/span>\n\t<span class=\"tagged_as\">Stikkord: <a href=\"https:\/\/stralskyddsprodukter.com\/nb\/produktstikkord\/protection-for-medical-personnel\/\" rel=\"tag\">Medisinsk personell<\/a>, <a href=\"https:\/\/stralskyddsprodukter.com\/nb\/produktstikkord\/shoulder-protection\/\" rel=\"tag\">Beskyttelse av skuldrene<\/a><\/span>\n\t\n<\/div>\n\n\t\t\t\t<\/div>\n\t\t\t<\/div>\n\t\t\t<\/div>\n\t\t\t\t\n\t\t\t\t\n\t\t\t\t\n\t\t\t\t\n\t\t\t<\/div><div class=\"et_d4_element et_pb_row et_pb_row_2  et_pb_css_mix_blend_mode et_block_row\">\n\t\t\t\t<div class=\"et_d4_element et_pb_column_4_4 et_pb_column et_pb_column_3  et_pb_css_mix_blend_mode et-last-child et_block_column\">\n\t\t\t\t\n\t\t\t\t\n\t\t\t\t\n\t\t\t\t\n\t\t\t\t<div class=\"et_pb_module et_d4_element et_pb_wc_tabs et_pb_wc_tabs_0 et_pb_tabs\" >\n\t\t\t\t\n\t\t\t\t\n\t\t\t\t\n\t\t\t\t\n\t\t\t\t<ul class=\"et_pb_tabs_controls clearfix\">\n\t\t\t\t\t\n\t\t\t\t<\/ul>\n\t\t\t\t<div class=\"et_pb_all_tabs\">\n\t\t\t\t\t\n\t\t\t\t<\/div>\n\t\t\t<\/div><div class=\"et_pb_module et_d4_element et_pb_wc_related_products et_pb_wc_related_products_0 et_pb_bg_layout_  et_pb_css_mix_blend_mode\">\n\t\t\t\t\n\t\t\t\t\n\t\t\t\t\n\t\t\t\t\n\t\t\t\t\n\t\t\t\t\n\t\t\t\t<div class=\"et_pb_module_inner\">\n\t\t\t\t\t\n\t<section class=\"related products\">\n\n\t\t\t\t\t<h2 data-no-translation=\"\" data-trp-gettext=\"\">Relaterte produkter<\/h2>\n\t\t\t\t<ul class=\"products columns-3\">\n\n\t\t\t\n\t\t\t\t\t<li class=\"product type-product post-2999 status-publish first instock product_cat-x-ray-protection-accessories product_cat-protection-for-the-patient product_cat-x-ray-protection product_tag-accessories product_tag-drapes product_tag-protection-for-the-patient has-post-thumbnail taxable shipping-taxable purchasable product-type-simple\">\n\t<a href=\"https:\/\/stralskyddsprodukter.com\/nb\/produkt\/sterile-covers-for-femoral-drape\/\" class=\"woocommerce-LoopProduct-link woocommerce-loop-product__link\"><span class=\"et_shop_image\"><img loading=\"lazy\" decoding=\"async\" width=\"300\" height=\"162\" src=\"https:\/\/stralskyddsprodukter.com\/wp-content\/uploads\/2025\/06\/Skarmbild-2025-06-17-125717-300x162.png\" class=\"attachment-woocommerce_thumbnail size-woocommerce_thumbnail\" alt=\"Femoral Protective Drape.\" \/><span class=\"et_overlay\"><\/span><\/span><h2 class=\"woocommerce-loop-product__title\">Sterile deksler for l\u00e5rbensdrapering<\/h2>\n\t<span class=\"price\"><span class=\"woocommerce-Price-amount amount\"><bdi>178,25&nbsp;<span class=\"woocommerce-Price-currencySymbol\">\u20ac<\/span><\/bdi><\/span><\/span>\n<\/a><\/li>\n\n\t\t\t\n\t\t\t\t\t<li class=\"product type-product post-2929 status-publish instock product_cat-protection-for-medical-personnel product_cat-x-ray-protection product_tag-cap product_tag-protection-for-medical-personnel product_tag-visitek-recommends has-post-thumbnail taxable shipping-taxable purchasable product-type-variable\">\n\t<a href=\"https:\/\/stralskyddsprodukter.com\/nb\/produkt\/ra611-head-cap-with-airflow-strip\/\" class=\"woocommerce-LoopProduct-link woocommerce-loop-product__link\"><span class=\"et_shop_image\"><img loading=\"lazy\" decoding=\"async\" width=\"300\" height=\"300\" src=\"https:\/\/stralskyddsprodukter.com\/wp-content\/uploads\/2025\/06\/mavig-x-ray-ra611-ra612-protective-head-caps_1-300x300.jpg\" class=\"attachment-woocommerce_thumbnail size-woocommerce_thumbnail\" alt=\"RA611 Headcap with airflow in the colour Titan.\" \/><span class=\"et_overlay\"><\/span><\/span><h2 class=\"woocommerce-loop-product__title\">RA611 Hodehette med luftstr\u00f8mstripe<\/h2>\n\t<span class=\"price\"><span class=\"woocommerce-Price-amount amount\" aria-hidden=\"true\"><bdi>184,00&nbsp;<span class=\"woocommerce-Price-currencySymbol\">&euro;<\/span><\/bdi><\/span> <span aria-hidden=\"true\">-<\/span> <span class=\"woocommerce-Price-amount amount\" aria-hidden=\"true\"><bdi>234,00&nbsp;<span class=\"woocommerce-Price-currencySymbol\">&euro;<\/span><\/bdi><\/span><span class=\"screen-reader-text\" data-no-translation=\"\" data-trp-gettext=\"\">Prisomr\u00e5de: 184,00&nbsp;&euro; til og med 234,00&nbsp;&euro;<\/span><\/span>\n<\/a><\/li>\n\n\t\t\t\n\t\t\t\t\t<li class=\"product type-product post-3103 status-publish last instock product_cat-children-sizes-x-ray-protection product_cat-protection-for-the-patient product_cat-x-ray-protection product_tag-accessories product_tag-children-sizes product_tag-spare-parts has-post-thumbnail taxable shipping-taxable purchasable product-type-variable\">\n\t<a href=\"https:\/\/stralskyddsprodukter.com\/nb\/produkt\/rp643-tension-strap-spare-part\/\" class=\"woocommerce-LoopProduct-link woocommerce-loop-product__link\"><span class=\"et_shop_image\"><img loading=\"lazy\" decoding=\"async\" width=\"300\" height=\"300\" src=\"https:\/\/stralskyddsprodukter.com\/wp-content\/uploads\/2025\/06\/mavig-rp643-gonadal-x-ray-apron-for-patients_3-300x300.jpg\" class=\"attachment-woocommerce_thumbnail size-woocommerce_thumbnail\" alt=\"RP643 Gonad Apron.\" \/><span class=\"et_overlay\"><\/span><\/span><h2 class=\"woocommerce-loop-product__title\">RP643 Strammestropp (reservedel)<\/h2>\n\t<span class=\"price\"><span class=\"woocommerce-Price-amount amount\"><bdi>40,00&nbsp;<span class=\"woocommerce-Price-currencySymbol\">\u20ac<\/span><\/bdi><\/span><\/span>\n<\/a><\/li>\n\n\t\t\t\n\t\t<\/ul>\n\n\t<\/section>\n\t\n\t\t\t\t<\/div>\n\t\t\t<\/div>\n\t\t\t<\/div>\n\t\t\t\t\n\t\t\t\t\n\t\t\t\t\n\t\t\t\t\n\t\t\t<\/div>\n\t\t\t\t\n\t\t\t\t\n\t\t\t<\/div>","protected":false},"excerpt":{"rendered":"<h1 class=\"product-page__short-description\">Beskyttelse mot str\u00e5ling p\u00e5 skulderen: RA637 BOLERO<\/h1>\n<p>Takket v\u00e6re den nyutviklede Bolero som et alternativ til hylsen, kan str\u00e5lingseksponeringen p\u00e5 grunn av spredt str\u00e5ling for skulderleddet reduseres betydelig.<\/p>\n<ul>\n<li><strong>St\u00f8rst mulig bevegelsesfrihet<\/strong><\/li>\n<li><strong>Lett \u00e5 ta p\u00e5<\/strong><\/li>\n<li><strong>PFC-fritt yttermateriale i henhold til Oeko-Tex\u00ae 100-standarden<\/strong><\/li>\n<li><strong>Biokompatible, ftalatfrie materialer for str\u00e5lingsbeskyttelse (blykomponenter kan resirkuleres)<\/strong><\/li>\n<\/ul>\n<blockquote><p>Dette produktet leveres med ComforTex HPMF Hybrid-yttermateriale som standard.<br data-start=\"256\" data-end=\"259\" \/>Hvis du \u00f8nsker \u00e5 bestille den i et annet materiale, vennligst <a href=\"https:\/\/visitek.se\/kontakt\/\">kontakt oss<\/a>.<\/p><\/blockquote>","protected":false},"featured_media":2739,"template":"","meta":{"content-type":"","_et_pb_use_builder":"on","_et_pb_old_content":"<h2 class=\"text__heading\">Shoulder Protection RA637 Bolero<\/h2>\r\n<div class=\"text__text\">\r\n\r\nThe \u00abBolero\u00bb shoulder protector is available for all models and is therefore ideal for combination with MAVIG all-round protection or front protection aprons.\r\n\r\nIt is worn directly under the X-ray protection and is simply closed with a hook-and-loop fastener at the front.\r\n\r\nFreedom of movement is maintained to the greatest extent possible with the design, which is open underneath the arm. At the same time, the design considerably reduces the scattered radiation coming in from the sides via the armholes.\r\n\r\nThe standard lead value is 0.25 mm Pb. This ensures good mobility during the daily working routine.\r\n\r\nThe shoulder protector is always manufactured in the colour \u00abTitan\u00bb. The correct size as well as the protective material depend on the chosen X-ray protective clothing.\r\n\r\n<\/div>","_et_gb_content_width":""},"product_brand":[33],"product_cat":[53,47],"product_tag":[60,70],"class_list":{"0":"post-2695","1":"product","2":"type-product","3":"status-publish","4":"has-post-thumbnail","6":"product_brand-mavig","7":"product_cat-protection-for-medical-personnel","8":"product_cat-x-ray-protection","9":"product_tag-protection-for-medical-personnel","10":"product_tag-shoulder-protection","11":"product_shipping_class-shipping-clothes","13":"first","14":"instock","15":"taxable","16":"shipping-taxable","17":"purchasable","18":"product-type-variable"},"jetpack_sharing_enabled":true,"_links":{"self":[{"href":"https:\/\/stralskyddsprodukter.com\/nb\/wp-json\/wp\/v2\/product\/2695","targetHints":{"allow":["GET"]}}],"collection":[{"href":"https:\/\/stralskyddsprodukter.com\/nb\/wp-json\/wp\/v2\/product"}],"about":[{"href":"https:\/\/stralskyddsprodukter.com\/nb\/wp-json\/wp\/v2\/types\/product"}],"wp:featuredmedia":[{"embeddable":true,"href":"https:\/\/stralskyddsprodukter.com\/nb\/wp-json\/wp\/v2\/media\/2739"}],"wp:attachment":[{"href":"https:\/\/stralskyddsprodukter.com\/nb\/wp-json\/wp\/v2\/media?parent=2695"}],"wp:term":[{"taxonomy":"product_brand","embeddable":true,"href":"https:\/\/stralskyddsprodukter.com\/nb\/wp-json\/wp\/v2\/product_brand?post=2695"},{"taxonomy":"product_cat","embeddable":true,"href":"https:\/\/stralskyddsprodukter.com\/nb\/wp-json\/wp\/v2\/product_cat?post=2695"},{"taxonomy":"product_tag","embeddable":true,"href":"https:\/\/stralskyddsprodukter.com\/nb\/wp-json\/wp\/v2\/product_tag?post=2695"}],"curies":[{"name":"wp","href":"https:\/\/api.w.org\/{rel}","templated":true}]}}