{"id":2899,"date":"2025-06-11T13:21:19","date_gmt":"2025-06-11T13:21:19","guid":{"rendered":"https:\/\/stralskyddsprodukter.com\/?post_type=product&#038;p=2899"},"modified":"2026-04-07T21:24:01","modified_gmt":"2026-04-07T19:24:01","slug":"ra614-thyroid-and-sternum-shield","status":"publish","type":"product","link":"https:\/\/stralskyddsprodukter.com\/nb\/produkt\/ra614-thyroid-and-sternum-shield\/","title":{"rendered":"RA614 Skjold for skjoldbruskkjertelen og brystbenet"},"content":{"rendered":"<h2 class=\"text__heading\">Under doseintensive unders\u00f8kelser er det alltid en selvf\u00f8lge<\/h2>\n<div class=\"text__text\">\n<p>Skjoldbruskkjertelen er et str\u00e5lef\u00f8lsomt organ i menneskekroppen og har derfor et spesielt behov for beskyttelse. Det b\u00f8r derfor alltid v\u00e6re en selvf\u00f8lge \u00e5 bruke egnet beskyttelse under doseintensive unders\u00f8kelser.<\/p>\n<p>V\u00e5r skjoldbruskkjertel- og brystbensbeskytter kjennetegnes av f\u00f8rsteklasses snitt og den beste passformen, som tar hensyn til alle aspekter ved str\u00e5lingsbeskyttelse.<\/p>\n<p>Med en permanent p\u00e5sydd krok- og burrelukking i nakken som standard, er beskyttelsen av skjoldbruskkjertelen og brystbenet ogs\u00e5 tilgjengelig med en utskiftbar krok- og burrelukking eller en praktisk magnetlukking*.<\/p>\n<p>&nbsp;<\/p>\n<div class=\"text__text-table\">\n<table width=\"0\">\n<tbody>\n<tr>\n<td width=\"174\"><strong>Beskyttelsesmateriale:<\/strong><\/td>\n<td width=\"116\"><\/td>\n<td width=\"407\">NovaLite\u00ae Plus<\/td>\n<\/tr>\n<tr>\n<td width=\"174\"><strong>\u00a0<\/strong><\/td>\n<td width=\"116\"><\/td>\n<td width=\"407\">Blyfri 2.0<\/td>\n<\/tr>\n<tr>\n<td width=\"174\"><strong>\u00a0<\/strong><\/td>\n<td width=\"116\"><\/td>\n<td width=\"407\"><\/td>\n<\/tr>\n<\/tbody>\n<\/table>\n<\/div>\n<p>&nbsp;<\/p>\n<div class=\"text__text-table\">\n<table width=\"0\">\n<tbody>\n<tr>\n<td width=\"174\"><strong>Blyekvivalent:<\/strong><\/td>\n<td width=\"116\"><\/td>\n<td width=\"407\">0,50 mm Pb<\/td>\n<\/tr>\n<\/tbody>\n<\/table>\n<\/div>\n<p>&nbsp;<\/p>\n<div class=\"text__text-table\">\n<table width=\"0\">\n<tbody>\n<tr>\n<td width=\"174\"><strong>Halsst\u00f8rrelser:<\/strong><\/td>\n<td width=\"116\">Unik<\/td>\n<td width=\"406\">Standard st\u00f8rrelse passer de fleste halsst\u00f8rrelser:<\/td>\n<\/tr>\n<tr>\n<td width=\"174\"><\/td>\n<td width=\"116\">RA614KL<\/td>\n<td width=\"406\">32 - 45 cm<\/td>\n<\/tr>\n<tr>\n<td width=\"174\"><\/td>\n<td width=\"116\">RA614MA<\/td>\n<td width=\"406\">32 - 45 cm<\/td>\n<\/tr>\n<tr>\n<td width=\"174\"><\/td>\n<td width=\"116\">RA614AK<\/td>\n<td width=\"406\">37 - 50 cm<\/td>\n<\/tr>\n<\/tbody>\n<\/table>\n<\/div>\n<p>&nbsp;<\/p>\n<div class=\"text__text-table\">\n<table width=\"0\">\n<tbody>\n<tr>\n<td width=\"174\"><strong>Hygienisk deksel:<\/strong><\/td>\n<td width=\"116\">RA614HF<\/td>\n<td width=\"406\">Vaskbart hygienisk trekk laget av<\/td>\n<\/tr>\n<tr>\n<td width=\"174\"><\/td>\n<td width=\"116\"><\/td>\n<td width=\"406\">av den spesielle ComforTex<em>\u00ae<\/em>\u00a0MF<br \/>\nmateriale i fargen \u00abTitan\u00bb<\/td>\n<\/tr>\n<\/tbody>\n<\/table>\n<\/div>\n<p>&nbsp;<\/p>\n<h3><strong>Oppfyller alle relevante forskrifter og krav<\/strong><\/h3>\n<p>Typetesting og sertifisering i henhold til (EU) 2016\/425, IEC 61331-1:2014 \/ DIN EN 61331-1:2016 og IEC 61331-3:2014 \/ DIN EN 61331-3:2016 og (EU) 2017\/745 for medisinsk utstyr.<\/p>\n<p><em>(*ikke tilgjengelig i USA, Canada og Japan)<\/em><\/p>\n<\/div>","protected":false},"excerpt":{"rendered":"<h1 class=\"product-page__short-description\">Beskyttelse av skjoldbruskkjertelen og brystbenet RA614<\/h1>\n<p>Skjoldbruskkjertel- og brystbensbeskytter med trykknapper for sikker festing til alle MAVIGs vernekl\u00e6r.<\/p>\n<ul>\n<li><strong>Tilgjengelig med utskiftbar krok- og burrel\u00e5s eller magnetisk lukking<\/strong><\/li>\n<li><strong>Trykknapper for sikker festing til r\u00f8ntgenbeskyttelseskl\u00e6rne<\/strong><\/li>\n<li><strong>Oppfyller alle relevante forskrifter og krav<\/strong><\/li>\n<li><strong>Oppfyller spesifikasjonene i DIN EN ISO 13795-1 for kirurgiske tekstiler<\/strong><\/li>\n<li><strong>PFC-fritt yttermateriale i henhold til Oeko-Tex\u00ae 100-standarden<\/strong><\/li>\n<li><strong>Biokompatible, ftalatfrie materialer for str\u00e5lingsbeskyttelse (blykomponenter kan resirkuleres)<\/strong><\/li>\n<\/ul>\n<blockquote><p>Dette produktet leveres med ComforTex HPMF Hybrid-yttermateriale som standard.<br data-start=\"256\" data-end=\"259\" \/>Hvis du \u00f8nsker \u00e5 bestille den i et annet materiale, vennligst <a href=\"https:\/\/visitek.se\/kontakt\/\">kontakt oss<\/a>.<\/p><\/blockquote>","protected":false},"featured_media":2913,"template":"","meta":{"content-type":""},"product_brand":[33],"product_cat":[56,50,47],"product_tag":[61,52,69],"class_list":{"0":"post-2899","1":"product","2":"type-product","3":"status-publish","4":"has-post-thumbnail","6":"product_brand-mavig","7":"product_cat-protection-in-dental-medicine","8":"product_cat-protection-for-the-patient","9":"product_cat-x-ray-protection","10":"product_tag-protection-in-dental-medicine","11":"product_tag-protection-for-the-patient","12":"product_tag-thyroid-shield","13":"product_shipping_class-shipping-clothes","15":"first","16":"instock","17":"taxable","18":"shipping-taxable","19":"purchasable","20":"product-type-variable"},"jetpack_sharing_enabled":true,"_links":{"self":[{"href":"https:\/\/stralskyddsprodukter.com\/nb\/wp-json\/wp\/v2\/product\/2899","targetHints":{"allow":["GET"]}}],"collection":[{"href":"https:\/\/stralskyddsprodukter.com\/nb\/wp-json\/wp\/v2\/product"}],"about":[{"href":"https:\/\/stralskyddsprodukter.com\/nb\/wp-json\/wp\/v2\/types\/product"}],"wp:featuredmedia":[{"embeddable":true,"href":"https:\/\/stralskyddsprodukter.com\/nb\/wp-json\/wp\/v2\/media\/2913"}],"wp:attachment":[{"href":"https:\/\/stralskyddsprodukter.com\/nb\/wp-json\/wp\/v2\/media?parent=2899"}],"wp:term":[{"taxonomy":"product_brand","embeddable":true,"href":"https:\/\/stralskyddsprodukter.com\/nb\/wp-json\/wp\/v2\/product_brand?post=2899"},{"taxonomy":"product_cat","embeddable":true,"href":"https:\/\/stralskyddsprodukter.com\/nb\/wp-json\/wp\/v2\/product_cat?post=2899"},{"taxonomy":"product_tag","embeddable":true,"href":"https:\/\/stralskyddsprodukter.com\/nb\/wp-json\/wp\/v2\/product_tag?post=2899"}],"curies":[{"name":"wp","href":"https:\/\/api.w.org\/{rel}","templated":true}]}}