{"id":3103,"date":"2025-06-18T11:36:59","date_gmt":"2025-06-18T11:36:59","guid":{"rendered":"https:\/\/stralskyddsprodukter.com\/?post_type=product&#038;p=3103"},"modified":"2026-04-07T21:18:11","modified_gmt":"2026-04-07T19:18:11","slug":"rp643-tension-strap-spare-part","status":"publish","type":"product","link":"https:\/\/stralskyddsprodukter.com\/nb\/produkt\/rp643-tension-strap-spare-part\/","title":{"rendered":"RP643 Strammestropp (reservedel)"},"content":{"rendered":"<h2 class=\"text__heading\">R\u00f8ntgenbeskyttelse for pasienten<\/h2>\n<div class=\"text__text\">\n<p>En artikkel til daglig bruk har spesifikke krav til materialkvalitet og utf\u00f8relse, men ogs\u00e5 funksjonaliteten for en brukervennlig bruk m\u00e5 v\u00e6re gitt. MAVIG RP643-serien av gonadeforkl\u00e6r tilbyr deg dette og mer til.<\/p>\n<p>I produksjonen av gonadeforkl\u00e6rne v\u00e5re bruker vi kun fleksibelt standard blymateriale av h\u00f8y kvalitet. De beste str\u00e5lingsbeskyttende egenskapene er selvf\u00f8lgelig et grunnleggende krav.<\/p>\n<p>For sk\u00e5nsom og riktig oppbevaring av gonadeforkl\u00e6rne anbefaler vi at du bruker den spesialdesignede vegghengeren AW417.<\/p>\n<p>Med alt oversiktlig plassert, kan du p\u00e5 et \u00f8yeblikk finne riktig st\u00f8rrelse for pasienten og enkelt ta det matchende forkleet ut av veggsystemet, uten \u00e5 m\u00e5tte<br \/>\nfor \u00e5 fjerne den foran eller bak.<\/p>\n<p>&nbsp;<\/p>\n<p><strong>Materialer<\/strong><\/p>\n<ul>\n<li>Standard bly med en blyekvivalent p\u00e5 0,50 mmPb<\/li>\n<li>Yttertrekk ComforTex<em>\u00ae<\/em>\u00a0HPMF, ComforTex<em>\u00ae<\/em>\u00a0HPMF Hybrid eller ComforTex<em>\u00ae<\/em>\u00a0HPMF Plus, allround innbinding med spesialb\u00e5nd<\/li>\n<\/ul>\n<p>&nbsp;<\/p>\n<p><strong>St\u00f8rrelser<\/strong><\/p>\n<ul>\n<li>S - Sm\u00e5barn, St\u00f8rrelse (bredde x lengde): 20 x 25 cm, midjem\u00e5l ca. 43 - 53 cm<\/li>\n<li>M - Barn, St\u00f8rrelse (bredde x lengde): 30 x 30 cm, Livvidde ca. 54 - 79 cm<\/li>\n<li>L - Voksne, St\u00f8rrelse (bredde x lengde): 37 x 40 cm, Livvidde ca. 77 - 104 cm<\/li>\n<li>XL - Voksne, St\u00f8rrelse (bredde x lengde): 45 x 50 cm, Livvidde ca. 101 - 150 cm<\/li>\n<\/ul>\n<p>&nbsp;<\/p>\n<p>Ogs\u00e5 tilgjengelig som et komplett sett i alle 4 st\u00f8rrelser.<\/p>\n<p>Brukes med <a href=\"https:\/\/stralskyddsprodukter.com\/nb\/produkt\/rp643-gonad-apron\/\">Gonadeforkle RP643\u00a0<\/a><\/p>\n<p>&nbsp;<\/p>\n<p><em>V\u00e5re pasientbeskyttelsesprodukter er selvf\u00f8lgelig i samsvar med forordning (EU) 2016\/425 for personlig verneutstyr og (EU) 2017\/745 for medisinsk utstyr.<\/em><\/p>\n<\/div>","protected":false},"excerpt":{"rendered":"<h1 class=\"product-page__heading\">Strammestropp (reservedel) RP643<\/h1>\n<blockquote>\n<h4><strong>OBS!<\/strong><\/h4>\n<p><strong>Dette er en reservedel. Kun strekkstropp! Brukes sammen med\u00a0<a href=\"https:\/\/stralskyddsprodukter.com\/nb\/produkt\/rp643-gonad-apron\/\">RP643 Gonadeforkle<\/a><\/strong><\/p><\/blockquote>\n<h1><\/h1>\n<h1 class=\"product-page__short-description\">Gonadeforkle RP643<\/h1>\n<p>Antallet pasienter som passerer gjennom dagens r\u00f8ntgenanlegg er sv\u00e6rt h\u00f8yt, og derfor er det viktig at r\u00f8ntgenskjermene er praktiske og enkle \u00e5 ta av og p\u00e5. Den fleksible strekkstroppen i v\u00e5r serie RP643 tilbyr den enkleste l\u00f8sningen.<\/p>\n<ul>\n<li><strong>Enkel h\u00e5ndtering<\/strong><\/li>\n<li><strong>God skjerming og beskyttelse mot str\u00e5ling<\/strong><\/li>\n<li><strong>Spesialdesignet veggstativ modell AW417 for riktig oppbevaring tilgjengelig<\/strong><\/li>\n<li><strong>NYHET<\/strong><strong>: For enklere rengj\u00f8ring er v\u00e5re gonadeforkl\u00e6r RP643 ogs\u00e5 tilgjengelige i ComforTex<em>\u00ae<\/em>\u00a0HPMF Hybrid.<\/strong><\/li>\n<li><strong>PFC-fritt yttermateriale i henhold til Oeko-Tex\u00ae 100-standarden<\/strong><\/li>\n<\/ul>","protected":false},"featured_media":3092,"template":"","meta":{"content-type":""},"product_brand":[33],"product_cat":[51,50,47],"product_tag":[49,48,73],"class_list":{"0":"post-3103","1":"product","2":"type-product","3":"status-publish","4":"has-post-thumbnail","6":"product_brand-mavig","7":"product_cat-children-sizes-x-ray-protection","8":"product_cat-protection-for-the-patient","9":"product_cat-x-ray-protection","10":"product_tag-accessories","11":"product_tag-children-sizes","12":"product_tag-spare-parts","13":"product_shipping_class-shipping-clothes","15":"first","16":"instock","17":"taxable","18":"shipping-taxable","19":"purchasable","20":"product-type-variable"},"jetpack_sharing_enabled":true,"_links":{"self":[{"href":"https:\/\/stralskyddsprodukter.com\/nb\/wp-json\/wp\/v2\/product\/3103","targetHints":{"allow":["GET"]}}],"collection":[{"href":"https:\/\/stralskyddsprodukter.com\/nb\/wp-json\/wp\/v2\/product"}],"about":[{"href":"https:\/\/stralskyddsprodukter.com\/nb\/wp-json\/wp\/v2\/types\/product"}],"wp:featuredmedia":[{"embeddable":true,"href":"https:\/\/stralskyddsprodukter.com\/nb\/wp-json\/wp\/v2\/media\/3092"}],"wp:attachment":[{"href":"https:\/\/stralskyddsprodukter.com\/nb\/wp-json\/wp\/v2\/media?parent=3103"}],"wp:term":[{"taxonomy":"product_brand","embeddable":true,"href":"https:\/\/stralskyddsprodukter.com\/nb\/wp-json\/wp\/v2\/product_brand?post=3103"},{"taxonomy":"product_cat","embeddable":true,"href":"https:\/\/stralskyddsprodukter.com\/nb\/wp-json\/wp\/v2\/product_cat?post=3103"},{"taxonomy":"product_tag","embeddable":true,"href":"https:\/\/stralskyddsprodukter.com\/nb\/wp-json\/wp\/v2\/product_tag?post=3103"}],"curies":[{"name":"wp","href":"https:\/\/api.w.org\/{rel}","templated":true}]}}