{"id":3110,"date":"2025-06-19T08:27:17","date_gmt":"2025-06-19T08:27:17","guid":{"rendered":"https:\/\/stralskyddsprodukter.com\/?post_type=product&#038;p=3110"},"modified":"2026-04-07T21:17:14","modified_gmt":"2026-04-07T19:17:14","slug":"rp664-children-apron","status":"publish","type":"product","link":"https:\/\/stralskyddsprodukter.com\/nb\/produkt\/rp664-children-apron\/","title":{"rendered":"RP664 Forkle for barn"},"content":{"rendered":"<h2 class=\"text__heading\">Optimalisert frontbeskyttelse<\/h2>\n<div class=\"text__text\">\n<p>Dette barneforkleet er spesielt utviklet for universell bruk og er derfor den optimale frontbeskyttelsen for dine sm\u00e5 pasienter.<\/p>\n<p>De sjener\u00f8st kuttede, overlappende ryggpanelene gir en balansert passform. Spesielt r\u00f8ntgenbeskyttelse for barn skal v\u00e6re lett \u00e5 ta av og p\u00e5.<\/p>\n<p>Modell RP664 kan enkelt lukkes foran med en variabel trykknappspenne, noe som gir nok rom for justeringer for en n\u00f8yaktig passform.<\/p>\n<p>V\u00e5re pasientbeskyttelsesprodukter er selvf\u00f8lgelig i samsvar med forordning (EU) 2016\/425 for personlig verneutstyr og (EU) 2017\/745 for medisinsk utstyr.<\/p>\n<p>&nbsp;<\/p>\n<p><strong>Materialer<\/strong><\/p>\n<ul>\n<li>Fleksibelt, blyfritt 2.0-innvendig materiale av h\u00f8y kvalitet med blyekvivalenter p\u00e5 0,50 mm Pb p\u00e5 forsiden og 0,25 mm Pb p\u00e5 baksiden<\/li>\n<li>Yttertrekk ComforTex\u00ae HPMF eller ComforTex\u00ae HPMF Plus, kantene er dekket med s\u00f8mb\u00e5nd<\/li>\n<\/ul>\n<p>&nbsp;<\/p>\n<p><strong>St\u00f8rrelser<\/strong><\/p>\n<ul>\n<li>Small (lengde: 59 cm, bredde: 35 cm for barn mellom 3 og 5 \u00e5r)<\/li>\n<li>Medium (lengde: 67 cm, bredde: 43 cm for barn mellom 6 og 8 \u00e5r)<\/li>\n<li>Large (lengde: 84 cm, bredde: 45 cm for barn mellom 9 og 12 \u00e5r)<\/li>\n<\/ul>\n<\/div>","protected":false},"excerpt":{"rendered":"<h1 class=\"product-page__short-description\">Frontbeskyttelsesforkle for barn RP664<\/h1>\n<p>R\u00f8ntgenbeskyttelse for barn med det innovative NovaLite-str\u00e5lingsbeskyttelsesmaterialet for \u00e5 oppn\u00e5 best mulig vektforhold og dermed ikke belaste barna mer fysisk enn absolutt n\u00f8dvendig.<\/p>\n<ul>\n<li><strong>Enkel h\u00e5ndtering<\/strong><\/li>\n<li><strong>God skjerming og beskyttelse mot str\u00e5ling<\/strong><\/li>\n<li><strong>Lav vektbelastning<\/strong><\/li>\n<li><strong>Ideell passform for barn<\/strong><\/li>\n<li><strong>Justerbar lukking med trykkspenne<\/strong><\/li>\n<li><strong>Typetesting og sertifisering i henhold til (EU) 2016\/425 og (EU) 2017\/745, samt IEC 61331-1:2014 \/ DIN EN 61331-1:2016 og IEC 61331-3:2014 \/ DIN EN 61331-3:2016<\/strong><\/li>\n<li><strong>PFC-fritt yttermateriale i henhold til Oeko-Tex\u00ae 100-standarden<\/strong><\/li>\n<\/ul>","protected":false},"featured_media":3115,"template":"","meta":{"content-type":""},"product_brand":[33],"product_cat":[51,104,47],"product_tag":[65,48],"class_list":{"0":"post-3110","1":"product","2":"type-product","3":"status-publish","4":"has-post-thumbnail","6":"product_brand-mavig","7":"product_cat-children-sizes-x-ray-protection","8":"product_cat-lead-free-aprons","9":"product_cat-x-ray-protection","10":"product_tag-apron","11":"product_tag-children-sizes","12":"product_shipping_class-shipping-clothes","14":"first","15":"instock","16":"taxable","17":"shipping-taxable","18":"purchasable","19":"product-type-variable"},"jetpack_sharing_enabled":true,"_links":{"self":[{"href":"https:\/\/stralskyddsprodukter.com\/nb\/wp-json\/wp\/v2\/product\/3110","targetHints":{"allow":["GET"]}}],"collection":[{"href":"https:\/\/stralskyddsprodukter.com\/nb\/wp-json\/wp\/v2\/product"}],"about":[{"href":"https:\/\/stralskyddsprodukter.com\/nb\/wp-json\/wp\/v2\/types\/product"}],"wp:featuredmedia":[{"embeddable":true,"href":"https:\/\/stralskyddsprodukter.com\/nb\/wp-json\/wp\/v2\/media\/3115"}],"wp:attachment":[{"href":"https:\/\/stralskyddsprodukter.com\/nb\/wp-json\/wp\/v2\/media?parent=3110"}],"wp:term":[{"taxonomy":"product_brand","embeddable":true,"href":"https:\/\/stralskyddsprodukter.com\/nb\/wp-json\/wp\/v2\/product_brand?post=3110"},{"taxonomy":"product_cat","embeddable":true,"href":"https:\/\/stralskyddsprodukter.com\/nb\/wp-json\/wp\/v2\/product_cat?post=3110"},{"taxonomy":"product_tag","embeddable":true,"href":"https:\/\/stralskyddsprodukter.com\/nb\/wp-json\/wp\/v2\/product_tag?post=3110"}],"curies":[{"name":"wp","href":"https:\/\/api.w.org\/{rel}","templated":true}]}}