{"id":3216,"date":"2025-06-23T19:14:16","date_gmt":"2025-06-23T19:14:16","guid":{"rendered":"https:\/\/stralskyddsprodukter.com\/?post_type=product&#038;p=3216"},"modified":"2026-04-07T21:11:42","modified_gmt":"2026-04-07T19:11:42","slug":"rp270-mammary-gland-shield","status":"publish","type":"product","link":"https:\/\/stralskyddsprodukter.com\/nb\/produkt\/rp270-mammary-gland-shield\/","title":{"rendered":"RP270 Mammary Gland Shield"},"content":{"rendered":"<h2 class=\"text__heading\">Optimalisert beskyttelse for pasienten<\/h2>\n<div class=\"text__text\">\n<p>Skjoldet best\u00e5r av to deler, hver p\u00e5 18 x 40 cm (B x H), som er forbundet med en lengdejusterbar borrel\u00e5s for komfortabel p\u00e5kledning og enkel justering.<\/p>\n<p>&nbsp;<\/p>\n<ul>\n<li>Blyekvivalent: 0,50 mm Pb - Standard blybeskyttende materiale<\/li>\n<li>St\u00f8rrelse: Universalst\u00f8rrelse<\/li>\n<li>Kanter: Alle kantene er dekket med et skinnb\u00e5nd<\/li>\n<\/ul>\n<p>&nbsp;<\/p>\n<p><em>V\u00e5re pasientbeskyttelsesprodukter er selvf\u00f8lgelig i samsvar med forordning (EU) 2016\/425 for personlig verneutstyr og (EU) 2017\/745 for medisinsk utstyr.<\/em><\/p>\n<\/div>","protected":false},"excerpt":{"rendered":"<h1 class=\"product-page__short-description\">Brystkjertelbeskyttelse for kvinner RP270<\/h1>\n<p>MAVIGs brystkjertelbeskyttelse er spesielt utviklet for \u00e5 beskytte brystkjertelomr\u00e5det til pasienter under mammografiske str\u00e5leprosedyrer. Som alle v\u00e5re beskyttelser tilbyr RP270 solid beskyttelse og optimalisert funksjonalitet.<\/p>\n<ul>\n<li><strong>Enkel \u00e5 bruke<\/strong><\/li>\n<li><strong>Utmerkede str\u00e5lingsbeskyttende egenskaper<\/strong><\/li>\n<li><strong>Tilpasningsdyktig krok- og burrelukking for komfortabel passform og enkel st\u00f8rrelsesjustering<\/strong><\/li>\n<li><strong>PFC-fritt yttermateriale i henhold til Oeko-Tex\u00ae 100-standarden<\/strong><\/li>\n<\/ul>","protected":false},"featured_media":3218,"template":"","meta":{"content-type":""},"product_brand":[33],"product_cat":[50,47],"product_tag":[71,52],"class_list":{"0":"post-3216","1":"product","2":"type-product","3":"status-publish","4":"has-post-thumbnail","6":"product_brand-mavig","7":"product_cat-protection-for-the-patient","8":"product_cat-x-ray-protection","9":"product_tag-mammary-gland-shield","10":"product_tag-protection-for-the-patient","11":"product_shipping_class-shipping-clothes","13":"first","14":"instock","15":"taxable","16":"shipping-taxable","17":"purchasable","18":"product-type-variable"},"jetpack_sharing_enabled":true,"_links":{"self":[{"href":"https:\/\/stralskyddsprodukter.com\/nb\/wp-json\/wp\/v2\/product\/3216","targetHints":{"allow":["GET"]}}],"collection":[{"href":"https:\/\/stralskyddsprodukter.com\/nb\/wp-json\/wp\/v2\/product"}],"about":[{"href":"https:\/\/stralskyddsprodukter.com\/nb\/wp-json\/wp\/v2\/types\/product"}],"wp:featuredmedia":[{"embeddable":true,"href":"https:\/\/stralskyddsprodukter.com\/nb\/wp-json\/wp\/v2\/media\/3218"}],"wp:attachment":[{"href":"https:\/\/stralskyddsprodukter.com\/nb\/wp-json\/wp\/v2\/media?parent=3216"}],"wp:term":[{"taxonomy":"product_brand","embeddable":true,"href":"https:\/\/stralskyddsprodukter.com\/nb\/wp-json\/wp\/v2\/product_brand?post=3216"},{"taxonomy":"product_cat","embeddable":true,"href":"https:\/\/stralskyddsprodukter.com\/nb\/wp-json\/wp\/v2\/product_cat?post=3216"},{"taxonomy":"product_tag","embeddable":true,"href":"https:\/\/stralskyddsprodukter.com\/nb\/wp-json\/wp\/v2\/product_tag?post=3216"}],"curies":[{"name":"wp","href":"https:\/\/api.w.org\/{rel}","templated":true}]}}