{"id":3229,"date":"2025-06-23T19:32:06","date_gmt":"2025-06-23T19:32:06","guid":{"rendered":"https:\/\/stralskyddsprodukter.com\/?post_type=product&#038;p=3229"},"modified":"2026-04-07T21:11:09","modified_gmt":"2026-04-07T19:11:09","slug":"rp271-children-mammary-gland-shield","status":"publish","type":"product","link":"https:\/\/stralskyddsprodukter.com\/nb\/produkt\/rp271-children-mammary-gland-shield\/","title":{"rendered":"RP271 Brystkjertelskjold for barn"},"content":{"rendered":"<h2 class=\"text__heading\">Optimalisert beskyttelse for pasienten<\/h2>\n<div class=\"text__text\">\n<p>N\u00e5r RP271 er riktig plassert p\u00e5 pasienten, kan den redusere str\u00e5lingseksponeringen med opptil 80 %. St\u00f8rrelsen p\u00e5 dette gjenbrukbare produktet kan enkelt justeres med de komfortable, myke neoprenstopperne foran og en praktisk snorstopper bak.<\/p>\n<p>&nbsp;<\/p>\n<ul>\n<li>Blyfritt 2.0 r\u00f8ntgenbeskyttelsesmateriale med en blyekvivalent p\u00e5 0,50 mm Pb<\/li>\n<li>Perfekt hygienisk, hudvennlig ytterdeksel<\/li>\n<li>Kan enkelt justeres til respektive st\u00f8rrelser<\/li>\n<li>Komfortable, ikke-irriterende neoprenpropper<\/li>\n<\/ul>\n<p>&nbsp;<\/p>\n<p><em>V\u00e5re pasientbeskyttelsesprodukter er selvf\u00f8lgelig i samsvar med forordning (EU) 2016\/425 for personlig verneutstyr og (EU) 2017\/745 for medisinsk utstyr.<\/em><\/p>\n<\/div>","protected":false},"excerpt":{"rendered":"<h1 class=\"product-page__short-description\">Beskyttelse av brystkjertlene for barn RP271<\/h1>\n<p>Pasientbeskyttelsesproduktet for pediatri beskytter brystkjertlene til de sm\u00e5 pasientene dine p\u00e5 en p\u00e5litelig m\u00e5te under r\u00f8ntgenunders\u00f8kelser i medisinsk diagnostikk.<\/p>\n<ul>\n<li><strong>Reduksjon av str\u00e5lingseksponeringen i omr\u00e5det rundt brystkjertlene med ca. 80%<br \/>\n<\/strong><\/li>\n<li><strong>Enkel \u00e5 bruke<\/strong><\/li>\n<li><strong>Hygienisk rent, hudvennlig yttertrekk<br \/>\n<\/strong><\/li>\n<li><strong>Gjenbrukbart, ikke et engangsprodukt<br \/>\n<\/strong><\/li>\n<li><strong>Komfortable, ikke-trykkende neoprenpropper<br \/>\n<\/strong><\/li>\n<li><strong>Praktisk justering<\/strong><\/li>\n<li><strong>Utmerkede str\u00e5lingsbeskyttende egenskaper<\/strong><\/li>\n<li><strong>PFC-fritt yttermateriale i henhold til Oeko-Tex\u00ae 100-standarden<\/strong><\/li>\n<\/ul>","protected":false},"featured_media":3233,"template":"","meta":{"content-type":""},"product_brand":[33],"product_cat":[51,50,47],"product_tag":[48,71,52],"class_list":{"0":"post-3229","1":"product","2":"type-product","3":"status-publish","4":"has-post-thumbnail","6":"product_brand-mavig","7":"product_cat-children-sizes-x-ray-protection","8":"product_cat-protection-for-the-patient","9":"product_cat-x-ray-protection","10":"product_tag-children-sizes","11":"product_tag-mammary-gland-shield","12":"product_tag-protection-for-the-patient","13":"product_shipping_class-shipping-clothes","15":"first","16":"instock","17":"taxable","18":"shipping-taxable","19":"purchasable","20":"product-type-variable"},"jetpack_sharing_enabled":true,"_links":{"self":[{"href":"https:\/\/stralskyddsprodukter.com\/nb\/wp-json\/wp\/v2\/product\/3229","targetHints":{"allow":["GET"]}}],"collection":[{"href":"https:\/\/stralskyddsprodukter.com\/nb\/wp-json\/wp\/v2\/product"}],"about":[{"href":"https:\/\/stralskyddsprodukter.com\/nb\/wp-json\/wp\/v2\/types\/product"}],"wp:featuredmedia":[{"embeddable":true,"href":"https:\/\/stralskyddsprodukter.com\/nb\/wp-json\/wp\/v2\/media\/3233"}],"wp:attachment":[{"href":"https:\/\/stralskyddsprodukter.com\/nb\/wp-json\/wp\/v2\/media?parent=3229"}],"wp:term":[{"taxonomy":"product_brand","embeddable":true,"href":"https:\/\/stralskyddsprodukter.com\/nb\/wp-json\/wp\/v2\/product_brand?post=3229"},{"taxonomy":"product_cat","embeddable":true,"href":"https:\/\/stralskyddsprodukter.com\/nb\/wp-json\/wp\/v2\/product_cat?post=3229"},{"taxonomy":"product_tag","embeddable":true,"href":"https:\/\/stralskyddsprodukter.com\/nb\/wp-json\/wp\/v2\/product_tag?post=3229"}],"curies":[{"name":"wp","href":"https:\/\/api.w.org\/{rel}","templated":true}]}}