{"id":3243,"date":"2025-06-23T22:27:50","date_gmt":"2025-06-23T20:27:50","guid":{"rendered":"https:\/\/stralskyddsprodukter.com\/?post_type=product&#038;p=3243"},"modified":"2025-12-23T16:08:57","modified_gmt":"2025-12-23T14:08:57","slug":"rd639-allround-protection-apron","status":"publish","type":"product","link":"https:\/\/stralskyddsprodukter.com\/nb\/produkt\/rd639-allround-protection-apron\/","title":{"rendered":"RD639 Dental Allround-beskyttelse"},"content":{"rendered":"<h2 class=\"text__heading\">Optimalisert beskyttelse for pasienten<\/h2>\n<div class=\"text__text\">\n<p>Det praktiske hektefestet p\u00e5 skulderen gj\u00f8r det enkelt \u00e5 ta p\u00e5 forkleet fra siden. Omkretsen kan enkelt justeres ved hjelp av krok- og burrel\u00e5sene i ryggen. Den integrerte skjoldbruskkjertelbeskyttelsen kan justeres i h\u00f8yden, slik at den ikke forstyrrer bildet.<\/p>\n<p>Leveransen inkluderer spesialhenger AW106 for ett plagg.<\/p>\n<p><img decoding=\"async\" src=\"https:\/\/mavig.com\/wp-content\/uploads\/2021\/02\/slider_aw106_1600x900_2.jpg\" \/><\/p>\n<p><strong>Materialer<\/strong><\/p>\n<ul>\n<li>NovaLite\u00ae Plus eller Leadfree 2.0-materiale med en Pb-verdi p\u00e5 0,50 mm (for- og bakside)<\/li>\n<li>Yttertrekk ComforTex\u00ae HPMF eller ComforTex\u00ae HPMF Hybrid<\/li>\n<\/ul>\n<p>&nbsp;<\/p>\n<p><strong>St\u00f8rrelser<\/strong><\/p>\n<div class=\"text__text-table\">\n<table width=\"721\">\n<tbody>\n<tr>\n<td style=\"width: 175.552px;\"><strong>Voksne:<\/strong><\/td>\n<td style=\"width: 117.219px;\">Liten:<\/td>\n<td style=\"width: 408.896px;\">80,0 cm x 60,0\/60,0 cm (L x B, foran\/bak)<\/td>\n<\/tr>\n<tr>\n<td style=\"width: 175.552px;\"><\/td>\n<td style=\"width: 117.219px;\">Medium:<\/td>\n<td style=\"width: 408.896px;\">80,0 cm x 70,0\/60,0 cm (L x B, foran\/bak)<\/td>\n<\/tr>\n<tr>\n<td style=\"width: 175.552px;\"><\/td>\n<td style=\"width: 117.219px;\"><\/td>\n<td style=\"width: 408.896px;\"><\/td>\n<\/tr>\n<tr>\n<td style=\"width: 175.552px;\"><strong>Barn:<\/strong><\/td>\n<td style=\"width: 117.219px;\"><\/td>\n<td style=\"width: 408.896px;\">for barn, vennligst bruk v\u00e5r barnefrakk\u00a0<a href=\"https:\/\/stralskyddsprodukter.com\/nb\/produkt\/rp668-children-coat\/\">RP668<\/a><br \/>\nkombinert med skjoldbruskkjertelskjoldet v\u00e5rt\u00a0<a href=\"https:\/\/stralskyddsprodukter.com\/nb\/produkt\/rd614-patient-thyroid-shield\/\">RD614<\/a><\/td>\n<\/tr>\n<tr>\n<td style=\"width: 175.552px;\"><\/td>\n<td style=\"width: 117.219px;\"><\/td>\n<td style=\"width: 408.896px;\"><\/td>\n<\/tr>\n<tr>\n<td style=\"width: 175.552px;\"><\/td>\n<td style=\"width: 117.219px;\"><\/td>\n<td style=\"width: 408.896px;\"><\/td>\n<\/tr>\n<tr>\n<td style=\"width: 175.552px;\"><\/td>\n<td style=\"width: 117.219px;\"><\/td>\n<td style=\"width: 408.896px;\"><\/td>\n<\/tr>\n<\/tbody>\n<\/table>\n<\/div>\n<p>V\u00e5re pasientbeskyttelsesprodukter er selvf\u00f8lgelig i samsvar med forordning (EU) 2016\/425 for personlig verneutstyr og (EU) 2017\/745 for medisinsk utstyr.<\/p>\n<\/div>","protected":false},"excerpt":{"rendered":"<h1 class=\"product-page__short-description\">Panoramaforkle RD639<\/h1>\n<p>RD639 allround-beskyttelsesforkle gir optimal str\u00e5lingsbeskyttelse ved digital volumtomografi (DVT). Pasienten beskyttes b\u00e5de foran og bak med en full blyekvivalent p\u00e5 0,50 mm Pb.<\/p>\n<ul>\n<li><strong>Full r\u00f8ntgenbeskyttelse av for- og bakside<\/strong><\/li>\n<li><strong>Individuelt tilpasningsdyktig<\/strong><\/li>\n<li><strong>Integrert og h\u00f8ydejusterbart skjoldbruskkjertelvern<\/strong><\/li>\n<li><strong>PFC-fritt yttermateriale i henhold til Oeko-Tex\u00ae 100-standarden<\/strong><\/li>\n<\/ul>","protected":false},"featured_media":3260,"template":"","meta":{"content-type":""},"product_brand":[33],"product_cat":[56,104,50,47],"product_tag":[65,61,52],"class_list":{"0":"post-3243","1":"product","2":"type-product","3":"status-publish","4":"has-post-thumbnail","6":"product_brand-mavig","7":"product_cat-protection-in-dental-medicine","8":"product_cat-lead-free-aprons","9":"product_cat-protection-for-the-patient","10":"product_cat-x-ray-protection","11":"product_tag-apron","12":"product_tag-protection-in-dental-medicine","13":"product_tag-protection-for-the-patient","14":"product_shipping_class-shipping-clothes","16":"first","17":"instock","18":"taxable","19":"shipping-taxable","20":"purchasable","21":"product-type-variable"},"jetpack_sharing_enabled":true,"_links":{"self":[{"href":"https:\/\/stralskyddsprodukter.com\/nb\/wp-json\/wp\/v2\/product\/3243","targetHints":{"allow":["GET"]}}],"collection":[{"href":"https:\/\/stralskyddsprodukter.com\/nb\/wp-json\/wp\/v2\/product"}],"about":[{"href":"https:\/\/stralskyddsprodukter.com\/nb\/wp-json\/wp\/v2\/types\/product"}],"wp:featuredmedia":[{"embeddable":true,"href":"https:\/\/stralskyddsprodukter.com\/nb\/wp-json\/wp\/v2\/media\/3260"}],"wp:attachment":[{"href":"https:\/\/stralskyddsprodukter.com\/nb\/wp-json\/wp\/v2\/media?parent=3243"}],"wp:term":[{"taxonomy":"product_brand","embeddable":true,"href":"https:\/\/stralskyddsprodukter.com\/nb\/wp-json\/wp\/v2\/product_brand?post=3243"},{"taxonomy":"product_cat","embeddable":true,"href":"https:\/\/stralskyddsprodukter.com\/nb\/wp-json\/wp\/v2\/product_cat?post=3243"},{"taxonomy":"product_tag","embeddable":true,"href":"https:\/\/stralskyddsprodukter.com\/nb\/wp-json\/wp\/v2\/product_tag?post=3243"}],"curies":[{"name":"wp","href":"https:\/\/api.w.org\/{rel}","templated":true}]}}