{"id":3306,"date":"2025-06-24T10:15:22","date_gmt":"2025-06-24T08:15:22","guid":{"rendered":"https:\/\/stralskyddsprodukter.com\/?post_type=product&#038;p=3306"},"modified":"2026-04-07T21:08:14","modified_gmt":"2026-04-07T19:08:14","slug":"rd644-dental-patient-x-ray-protective-apron","status":"publish","type":"product","link":"https:\/\/stralskyddsprodukter.com\/nb\/produkt\/rd644-dental-patient-x-ray-protective-apron\/","title":{"rendered":"RD644 R\u00f8ntgenbeskyttelsesforkle med skjoldbruskkjertelskjold"},"content":{"rendered":"<h2 class=\"text__heading\">Optimalisert beskyttelse for pasienten<\/h2>\n<div class=\"text__text\">\n<p>Forkleet gir ikke bare omfattende beskyttelse opp til gonadene, men ogs\u00e5 for skjoldbruskkjertelen til den sittende pasienten under tannr\u00f8ntgen. Den praktiske borrel\u00e5sen bak i nakken p\u00e5 skjoldbruskkjertelbeskyttelseskragen s\u00f8rger for at den sitter tett, sikkert og raskt.<\/p>\n<p>Med l\u00f8kker p\u00e5 baksiden av forkleet kan forkleet festes til tannlegestolen.<\/p>\n<p>Modell RD644 er utformet som et vendbart r\u00f8ntgenforkle for pasienter. Utformingen gj\u00f8r at du kan velge mellom en ensfarget eller tofarget design.<\/p>\n<p>To-fargekombinasjoner er tilgjengelige i \u201cCuracao med Orchidee\u201d og \u201cBlue Admiral med Baccara\u201d.<\/p>\n<p>&nbsp;<\/p>\n<ul>\n<li><strong>Beskyttende materiale:\u00a0<\/strong>NovaLite\u00ae Plus eller Leadfree 2.0<\/li>\n<li><strong>Blyekvivalent:<\/strong>\u00a00,50 mm Pb<\/li>\n<li><strong>Ytre materiale:<\/strong>\u00a0ComforTex\u00ae HPMF eller ComforTex\u00ae HPMF Hybrid<\/li>\n<li><strong>St\u00f8rrelser Voksne:\u00a0<\/strong>Front: 80,0 x 60,0 cm (L x B, uten krage)<\/li>\n<li><strong>St\u00f8rrelser Barn<\/strong>: Front: 60,0 x 45,0 cm (L x B, uten krage)<\/li>\n<li><strong>Looper:<\/strong>\u00a0P\u00e5 baksiden, for \u00e5 feste RD644 til tannlegestolen<\/li>\n<\/ul>\n<p>&nbsp;<\/p>\n<p>V\u00e5re pasientbeskyttelsesprodukter er selvf\u00f8lgelig i samsvar med forordning (EU) 2016\/425 for personlig verneutstyr og (EU) 2017\/745 for medisinsk utstyr.<\/p>\n<\/div>","protected":false},"excerpt":{"rendered":"<h1 class=\"product-page__short-description\">Tannlegeforkle med krage<\/h1>\n<p>Tannlegeforkleet modell RD644 brukes til bilder i sittende stilling og gir h\u00f8y fleksibilitet og b\u00e6rekomfort. RD644 beskytter hele skulderomr\u00e5det ned til gonadene.<\/p>\n<ul>\n<li><strong>Utmerkede str\u00e5lingsbeskyttende egenskaper<\/strong><\/li>\n<li><strong>Individuelt tilpasningsdyktig<\/strong><\/li>\n<li><strong>Rask og enkel \u00e5 ta p\u00e5<\/strong><\/li>\n<li><strong>PFC-fritt yttermateriale i henhold til Oeko-Tex\u00ae 100-standarden<\/strong><\/li>\n<\/ul>","protected":false},"featured_media":3316,"template":"","meta":{"content-type":""},"product_brand":[33],"product_cat":[51,56,104,50,47],"product_tag":[65,48,61,52],"class_list":{"0":"post-3306","1":"product","2":"type-product","3":"status-publish","4":"has-post-thumbnail","6":"product_brand-mavig","7":"product_cat-children-sizes-x-ray-protection","8":"product_cat-protection-in-dental-medicine","9":"product_cat-lead-free-aprons","10":"product_cat-protection-for-the-patient","11":"product_cat-x-ray-protection","12":"product_tag-apron","13":"product_tag-children-sizes","14":"product_tag-protection-in-dental-medicine","15":"product_tag-protection-for-the-patient","16":"product_shipping_class-shipping-clothes","18":"first","19":"instock","20":"taxable","21":"shipping-taxable","22":"purchasable","23":"product-type-variable"},"jetpack_sharing_enabled":true,"_links":{"self":[{"href":"https:\/\/stralskyddsprodukter.com\/nb\/wp-json\/wp\/v2\/product\/3306","targetHints":{"allow":["GET"]}}],"collection":[{"href":"https:\/\/stralskyddsprodukter.com\/nb\/wp-json\/wp\/v2\/product"}],"about":[{"href":"https:\/\/stralskyddsprodukter.com\/nb\/wp-json\/wp\/v2\/types\/product"}],"wp:featuredmedia":[{"embeddable":true,"href":"https:\/\/stralskyddsprodukter.com\/nb\/wp-json\/wp\/v2\/media\/3316"}],"wp:attachment":[{"href":"https:\/\/stralskyddsprodukter.com\/nb\/wp-json\/wp\/v2\/media?parent=3306"}],"wp:term":[{"taxonomy":"product_brand","embeddable":true,"href":"https:\/\/stralskyddsprodukter.com\/nb\/wp-json\/wp\/v2\/product_brand?post=3306"},{"taxonomy":"product_cat","embeddable":true,"href":"https:\/\/stralskyddsprodukter.com\/nb\/wp-json\/wp\/v2\/product_cat?post=3306"},{"taxonomy":"product_tag","embeddable":true,"href":"https:\/\/stralskyddsprodukter.com\/nb\/wp-json\/wp\/v2\/product_tag?post=3306"}],"curies":[{"name":"wp","href":"https:\/\/api.w.org\/{rel}","templated":true}]}}