{"id":3368,"date":"2025-06-24T09:29:04","date_gmt":"2025-06-24T09:29:04","guid":{"rendered":"https:\/\/stralskyddsprodukter.com\/?post_type=product&#038;p=3368"},"modified":"2025-08-26T10:42:32","modified_gmt":"2025-08-26T08:42:32","slug":"rd614-hygienic-cover-spare-part","status":"publish","type":"product","link":"https:\/\/stralskyddsprodukter.com\/nb\/produkt\/rd614-hygienic-cover-spare-part\/","title":{"rendered":"RD614 Hygienisk deksel Reservedel"},"content":{"rendered":"<h2 class=\"text__heading\">Optimalisert beskyttelse for pasienten<\/h2>\n<div class=\"text__text\">\n<p>Skjoldbruskkjertelen er et str\u00e5lingsf\u00f8lsomt organ i menneskekroppen og har derfor et spesielt stort behov for beskyttelse. V\u00e5r brystbensbeskyttelse for skjoldbruskkjertelen til pasienter er optimalt sk\u00e5ret og har den beste passformen, og selvf\u00f8lgelig tar den ogs\u00e5 hensyn til alle str\u00e5lingsbeskyttelsesaspekter. En ukomplisert magnet- eller velcrol\u00e5s, som ogs\u00e5 kan skiftes ut som et alternativ, gir tilstrekkelig justeringsmulighet.<\/p>\n<p>&nbsp;<\/p>\n<ul>\n<li><strong>Beskyttelse:\u00a0<\/strong>NovaLite\u00ae Plus eller Leadfree 2.0<\/li>\n<\/ul>\n<ul>\n<li><strong>Blyekvivalent:<\/strong>\u00a00,50 mm<strong>\u00a0<\/strong>Pb<\/li>\n<\/ul>\n<ul>\n<li><strong>Ytre materiale:\u00a0<\/strong>ComforTex\u00ae HPMF, ComforTex\u00ae HPMF Hybrid eller ComforTex\u00ae HPMF Plus<strong>\u00a0<\/strong><\/li>\n<\/ul>\n<ul>\n<li><strong>Halsst\u00f8rrelser<\/strong>\u00a0(Magnetisk\/krok-og-l\u00f8kke-feste)*: Voksne: 32 - 45 cm, Barn: 28 - 36 cm<strong>\u00a0<\/strong><\/li>\n<\/ul>\n<ul>\n<li><strong>Halsst\u00f8rrelser<\/strong>\u00a0(Utskiftbart velcrofeste)*:  Voksne: 37 - 50 cm, Barn: 28 - 36 cm<strong>\u00a0<\/strong><\/li>\n<\/ul>\n<ul>\n<li><strong>Hygienisk deksel<\/strong>: Vaskbart, hygienisk trekk laget av det spesielle ComforTex\u00ae MF-materialet i fargen \u00abTitan\u00bb for voksne eller barn<\/li>\n<\/ul>\n<p>&nbsp;<\/p>\n<p>V\u00e5re pasientbeskyttelsesprodukter er selvf\u00f8lgelig i samsvar med forordning (EU) 2016\/425 for personlig verneutstyr og (EU) 2017\/745 for medisinsk utstyr.<\/p>\n<p>&nbsp;<\/p>\n<p>*Standard st\u00f8rrelse passer de fleste halsst\u00f8rrelser<\/p>\n<\/div>","protected":false},"excerpt":{"rendered":"<h1 class=\"product-page__short-description\">Beskyttelse av pasientens skjoldbruskkjertel<\/h1>\n<blockquote>\n<h4><strong>OBS!<\/strong><\/h4>\n<p><strong>Dette er en reservedel. Kun hygienisk deksel. Brukes sammen med <a href=\"https:\/\/stralskyddsprodukter.com\/nb\/produkt\/rd614-patient-thyroid-shield\/\">RD614 Pasient skjoldbruskkjertelskjold<\/a><\/strong><\/p><\/blockquote>\n<p>V\u00e5r skjoldbruskkjertel- og brystbensbeskytter kjennetegnes av f\u00f8rsteklasses snitt og den beste passformen, som tar hensyn til alle aspekter ved str\u00e5lingsbeskyttelse.<\/p>\n<ul>\n<li><strong>Utmerkede str\u00e5lingsbeskyttende egenskaper<\/strong><\/li>\n<li><strong>Flergangsbruk, ikke et engangsprodukt<\/strong><\/li>\n<li><strong>Lett \u00e5 plassere<\/strong><\/li>\n<li><strong>PFC-fritt yttermateriale i henhold til Oeko-Tex\u00ae 100-standarden<\/strong><\/li>\n<\/ul>","protected":false},"featured_media":3355,"template":"","meta":{"content-type":""},"product_brand":[33],"product_cat":[51,56,50,47],"product_tag":[48,61,52,69],"class_list":{"0":"post-3368","1":"product","2":"type-product","3":"status-publish","4":"has-post-thumbnail","6":"product_brand-mavig","7":"product_cat-children-sizes-x-ray-protection","8":"product_cat-protection-in-dental-medicine","9":"product_cat-protection-for-the-patient","10":"product_cat-x-ray-protection","11":"product_tag-children-sizes","12":"product_tag-protection-in-dental-medicine","13":"product_tag-protection-for-the-patient","14":"product_tag-thyroid-shield","15":"product_shipping_class-shipping-clothes","17":"first","18":"instock","19":"taxable","20":"shipping-taxable","21":"purchasable","22":"product-type-variable"},"jetpack_sharing_enabled":true,"_links":{"self":[{"href":"https:\/\/stralskyddsprodukter.com\/nb\/wp-json\/wp\/v2\/product\/3368","targetHints":{"allow":["GET"]}}],"collection":[{"href":"https:\/\/stralskyddsprodukter.com\/nb\/wp-json\/wp\/v2\/product"}],"about":[{"href":"https:\/\/stralskyddsprodukter.com\/nb\/wp-json\/wp\/v2\/types\/product"}],"wp:featuredmedia":[{"embeddable":true,"href":"https:\/\/stralskyddsprodukter.com\/nb\/wp-json\/wp\/v2\/media\/3355"}],"wp:attachment":[{"href":"https:\/\/stralskyddsprodukter.com\/nb\/wp-json\/wp\/v2\/media?parent=3368"}],"wp:term":[{"taxonomy":"product_brand","embeddable":true,"href":"https:\/\/stralskyddsprodukter.com\/nb\/wp-json\/wp\/v2\/product_brand?post=3368"},{"taxonomy":"product_cat","embeddable":true,"href":"https:\/\/stralskyddsprodukter.com\/nb\/wp-json\/wp\/v2\/product_cat?post=3368"},{"taxonomy":"product_tag","embeddable":true,"href":"https:\/\/stralskyddsprodukter.com\/nb\/wp-json\/wp\/v2\/product_tag?post=3368"}],"curies":[{"name":"wp","href":"https:\/\/api.w.org\/{rel}","templated":true}]}}