{"id":450,"date":"2025-05-26T19:46:01","date_gmt":"2025-05-26T19:46:01","guid":{"rendered":"https:\/\/stralskyddsprodukter.com\/?page_id=450"},"modified":"2026-04-20T18:13:42","modified_gmt":"2026-04-20T16:13:42","slug":"children-sizes","status":"publish","type":"page","link":"https:\/\/stralskyddsprodukter.com\/sv\/x-ray-protection\/children-sizes\/","title":{"rendered":"Barn"},"content":{"rendered":"<div class=\"et_pb_section_0 et_pb_section et_section_regular et_block_section\">\n<div class=\"et_pb_row_0 et_pb_row et_block_row\">\n<div class=\"et_pb_column_0 et_pb_column et_pb_column_4_4 et-last-child et_block_column et_pb_css_mix_blend_mode_passthrough\">\n<div class=\"et_pb_text_0 et_pb_text et_pb_bg_layout_light et_pb_module et_block_module preset--module--divi-text--fsnhs7ilm3\"><div class=\"et_pb_text_inner\"><h1><span style=\"color: #000000;\">R\u00d6NTGENSKYDD F\u00d6R<\/span> BARN<\/h1>\n<\/div><\/div>\n\n<div class=\"et_pb_shop_0 et_pb_shop et_pb_module\" data-shortcode_index=\"0\"><div class=\"woocommerce columns-3\"><ul class=\"products columns-3\">\n<li class=\"product type-product post-3080 status-publish first instock product_cat-children-sizes-x-ray-protection product_cat-lead-aprons product_cat-protection-for-the-patient product_cat-x-ray-protection product_tag-children-sizes product_tag-gonadal-protection product_tag-protection-for-the-patient product_tag-skirt has-post-thumbnail taxable shipping-taxable purchasable product-type-variable\">\n\t<a href=\"https:\/\/stralskyddsprodukter.com\/sv\/produkt\/rp643-gonad-apron\/\" class=\"woocommerce-LoopProduct-link woocommerce-loop-product__link\"><span class=\"et_shop_image\"><img loading=\"lazy\" decoding=\"async\" width=\"300\" height=\"300\" src=\"https:\/\/stralskyddsprodukter.com\/wp-content\/uploads\/2025\/06\/mavig-rp643-gonadal-x-ray-apron-for-patients-300x300.jpg\" class=\"attachment-woocommerce_thumbnail size-woocommerce_thumbnail\" alt=\"RP643 Gonad Apron in adult and children sizes. Here in the colours Baccara and Curacao.\" \/><span class=\"et_overlay\"><\/span><\/span><h2 class=\"woocommerce-loop-product__title\">RP643 Gonadf\u00f6rkl\u00e4de<\/h2>\n\t<span class=\"price\"><span class=\"woocommerce-Price-amount amount\" aria-hidden=\"true\"><bdi>115,00&nbsp;<span class=\"woocommerce-Price-currencySymbol\">&euro;<\/span><\/bdi><\/span> <span aria-hidden=\"true\">\u2013<\/span> <span class=\"woocommerce-Price-amount amount\" aria-hidden=\"true\"><bdi>161,00&nbsp;<span class=\"woocommerce-Price-currencySymbol\">&euro;<\/span><\/bdi><\/span><span class=\"screen-reader-text\" data-no-translation=\"\" data-trp-gettext=\"\">Prisintervall: 115,00&nbsp;&euro; till 161,00&nbsp;&euro;<\/span><\/span>\n<\/a><\/li>\n<li class=\"product type-product post-3103 status-publish instock product_cat-children-sizes-x-ray-protection product_cat-protection-for-the-patient product_cat-x-ray-protection product_tag-accessories product_tag-children-sizes product_tag-spare-parts has-post-thumbnail taxable shipping-taxable purchasable product-type-variable\">\n\t<a href=\"https:\/\/stralskyddsprodukter.com\/sv\/produkt\/rp643-tension-strap-spare-part\/\" class=\"woocommerce-LoopProduct-link woocommerce-loop-product__link\"><span class=\"et_shop_image\"><img loading=\"lazy\" decoding=\"async\" width=\"300\" height=\"300\" src=\"https:\/\/stralskyddsprodukter.com\/wp-content\/uploads\/2025\/06\/mavig-rp643-gonadal-x-ray-apron-for-patients_3-300x300.jpg\" class=\"attachment-woocommerce_thumbnail size-woocommerce_thumbnail\" alt=\"RP643 Gonad Apron.\" \/><span class=\"et_overlay\"><\/span><\/span><h2 class=\"woocommerce-loop-product__title\">RP643 Sp\u00e4nnband (reservdel)<\/h2>\n\t<span class=\"price\"><span class=\"woocommerce-Price-amount amount\"><bdi>40,00&nbsp;<span class=\"woocommerce-Price-currencySymbol\">\u20ac<\/span><\/bdi><\/span><\/span>\n<\/a><\/li>\n<li class=\"product type-product post-3110 status-publish last instock product_cat-children-sizes-x-ray-protection product_cat-lead-free-aprons product_cat-x-ray-protection product_tag-apron product_tag-children-sizes has-post-thumbnail taxable shipping-taxable purchasable product-type-variable\">\n\t<a href=\"https:\/\/stralskyddsprodukter.com\/sv\/produkt\/rp664-children-apron\/\" class=\"woocommerce-LoopProduct-link woocommerce-loop-product__link\"><span class=\"et_shop_image\"><img loading=\"lazy\" decoding=\"async\" width=\"300\" height=\"300\" src=\"https:\/\/stralskyddsprodukter.com\/wp-content\/uploads\/2025\/06\/mavig-rp664-childrens-x-ray-apron-patient-300x300.jpg\" class=\"attachment-woocommerce_thumbnail size-woocommerce_thumbnail\" alt=\"RP664 Front Protection Apron for children in the colour Baccara and Happy.\" \/><span class=\"et_overlay\"><\/span><\/span><h2 class=\"woocommerce-loop-product__title\">RP664 F\u00f6rkl\u00e4de f\u00f6r barn<\/h2>\n\t<span class=\"price\"><span class=\"woocommerce-Price-amount amount\" aria-hidden=\"true\"><bdi>360,00&nbsp;<span class=\"woocommerce-Price-currencySymbol\">&euro;<\/span><\/bdi><\/span> <span aria-hidden=\"true\">\u2013<\/span> <span class=\"woocommerce-Price-amount amount\" aria-hidden=\"true\"><bdi>384,00&nbsp;<span class=\"woocommerce-Price-currencySymbol\">&euro;<\/span><\/bdi><\/span><span class=\"screen-reader-text\" data-no-translation=\"\" data-trp-gettext=\"\">Prisintervall: 360,00&nbsp;&euro; till 384,00&nbsp;&euro;<\/span><\/span>\n<\/a><\/li>\n<li class=\"product type-product post-3129 status-publish first instock product_cat-children-sizes-x-ray-protection product_cat-lead-free-aprons product_cat-x-ray-protection product_tag-apron product_tag-children-sizes has-post-thumbnail taxable shipping-taxable purchasable product-type-variable\">\n\t<a href=\"https:\/\/stralskyddsprodukter.com\/sv\/produkt\/rp668-children-coat\/\" class=\"woocommerce-LoopProduct-link woocommerce-loop-product__link\"><span class=\"et_shop_image\"><img loading=\"lazy\" decoding=\"async\" width=\"300\" height=\"300\" src=\"https:\/\/stralskyddsprodukter.com\/wp-content\/uploads\/2025\/06\/mavig-rp668-x-ray-protective-childrens-coat-300x300.jpg\" class=\"attachment-woocommerce_thumbnail size-woocommerce_thumbnail\" alt=\"RP668 All-round Protection Coat in children sizes. Here in the colour Orchidee.\" \/><span class=\"et_overlay\"><\/span><\/span><h2 class=\"woocommerce-loop-product__title\">RP668 Kappa f\u00f6r barn<\/h2>\n\t<span class=\"price\"><span class=\"woocommerce-Price-amount amount\" aria-hidden=\"true\"><bdi>468,00&nbsp;<span class=\"woocommerce-Price-currencySymbol\">&euro;<\/span><\/bdi><\/span> <span aria-hidden=\"true\">\u2013<\/span> <span class=\"woocommerce-Price-amount amount\" aria-hidden=\"true\"><bdi>492,00&nbsp;<span class=\"woocommerce-Price-currencySymbol\">&euro;<\/span><\/bdi><\/span><span class=\"screen-reader-text\" data-no-translation=\"\" data-trp-gettext=\"\">Prisintervall: 468,00&nbsp;&euro; till 492,00&nbsp;&euro;<\/span><\/span>\n<\/a><\/li>\n<li class=\"product type-product post-3158 status-publish instock product_cat-children-sizes-x-ray-protection product_cat-protection-for-the-patient product_cat-x-ray-protection product_tag-children-sizes product_tag-gonadal-protection product_tag-protection-for-the-patient product_tag-visitek-recommends has-post-thumbnail taxable shipping-taxable purchasable product-type-variable\">\n\t<a href=\"https:\/\/stralskyddsprodukter.com\/sv\/produkt\/rp679-ovary-shield-with-belt\/\" class=\"woocommerce-LoopProduct-link woocommerce-loop-product__link\"><span class=\"et_shop_image\"><img loading=\"lazy\" decoding=\"async\" width=\"300\" height=\"300\" src=\"https:\/\/stralskyddsprodukter.com\/wp-content\/uploads\/2025\/06\/mavig-rp679-ovarian-x-ray-protection-with-belt_2-300x300.jpg\" class=\"attachment-woocommerce_thumbnail size-woocommerce_thumbnail\" alt=\"RP679 Ovary shield in three different sizes.\" \/><span class=\"et_overlay\"><\/span><\/span><h2 class=\"woocommerce-loop-product__title\">RP679 Ovariesk\u00f6ld med b\u00e4lte<\/h2>\n\t<span class=\"price\"><span class=\"woocommerce-Price-amount amount\" aria-hidden=\"true\"><bdi>172,50&nbsp;<span class=\"woocommerce-Price-currencySymbol\">&euro;<\/span><\/bdi><\/span> <span aria-hidden=\"true\">\u2013<\/span> <span class=\"woocommerce-Price-amount amount\" aria-hidden=\"true\"><bdi>184,00&nbsp;<span class=\"woocommerce-Price-currencySymbol\">&euro;<\/span><\/bdi><\/span><span class=\"screen-reader-text\" data-no-translation=\"\" data-trp-gettext=\"\">Prisintervall: 172,50&nbsp;&euro; till 184,00&nbsp;&euro;<\/span><\/span>\n<\/a><\/li>\n<li class=\"product type-product post-3168 status-publish last instock product_cat-children-sizes-x-ray-protection product_cat-protection-for-the-patient product_cat-x-ray-protection product_tag-children-sizes product_tag-gonadal-protection product_tag-protection-for-the-patient has-post-thumbnail taxable shipping-taxable purchasable product-type-variable\">\n\t<a href=\"https:\/\/stralskyddsprodukter.com\/sv\/produkt\/rp679-spare-belt\/\" class=\"woocommerce-LoopProduct-link woocommerce-loop-product__link\"><span class=\"et_shop_image\"><img loading=\"lazy\" decoding=\"async\" width=\"300\" height=\"300\" src=\"https:\/\/stralskyddsprodukter.com\/wp-content\/uploads\/2025\/06\/mavig-rp679-ovarian-x-ray-protection-with-belt_2-300x300.jpg\" class=\"attachment-woocommerce_thumbnail size-woocommerce_thumbnail\" alt=\"RP679 Ovary shield in three different sizes.\" \/><span class=\"et_overlay\"><\/span><\/span><h2 class=\"woocommerce-loop-product__title\">RP679 Reservrem<\/h2>\n\t<span class=\"price\"><span class=\"woocommerce-Price-amount amount\" aria-hidden=\"true\"><bdi>63,25&nbsp;<span class=\"woocommerce-Price-currencySymbol\">&euro;<\/span><\/bdi><\/span> <span aria-hidden=\"true\">\u2013<\/span> <span class=\"woocommerce-Price-amount amount\" aria-hidden=\"true\"><bdi>74,75&nbsp;<span class=\"woocommerce-Price-currencySymbol\">&euro;<\/span><\/bdi><\/span><span class=\"screen-reader-text\" data-no-translation=\"\" data-trp-gettext=\"\">Prisintervall: 63,25&nbsp;&euro; till 74,75&nbsp;&euro;<\/span><\/span>\n<\/a><\/li>\n<li class=\"product type-product post-3188 status-publish first instock product_cat-children-sizes-x-ray-protection product_cat-protection-for-the-patient product_cat-x-ray-protection product_tag-children-sizes product_tag-gonadal-protection product_tag-protection-for-the-patient has-post-thumbnail taxable shipping-taxable purchasable product-type-variable\">\n\t<a href=\"https:\/\/stralskyddsprodukter.com\/sv\/produkt\/rp276-testicle-shield\/\" class=\"woocommerce-LoopProduct-link woocommerce-loop-product__link\"><span class=\"et_shop_image\"><img loading=\"lazy\" decoding=\"async\" width=\"300\" height=\"300\" src=\"https:\/\/stralskyddsprodukter.com\/wp-content\/uploads\/2025\/06\/PI_RP276_1-300x300.jpg\" class=\"attachment-woocommerce_thumbnail size-woocommerce_thumbnail\" alt=\"RP276 Testicle Shield.\" \/><span class=\"et_overlay\"><\/span><\/span><h2 class=\"woocommerce-loop-product__title\">RP276 Testikelsk\u00f6ld<\/h2>\n\t<span class=\"price\"><span class=\"woocommerce-Price-amount amount\" aria-hidden=\"true\"><bdi>71,50&nbsp;<span class=\"woocommerce-Price-currencySymbol\">&euro;<\/span><\/bdi><\/span> <span aria-hidden=\"true\">\u2013<\/span> <span class=\"woocommerce-Price-amount amount\" aria-hidden=\"true\"><bdi>231,00&nbsp;<span class=\"woocommerce-Price-currencySymbol\">&euro;<\/span><\/bdi><\/span><span class=\"screen-reader-text\" data-no-translation=\"\" data-trp-gettext=\"\">Prisintervall: 71,50&nbsp;&euro; till 231,00&nbsp;&euro;<\/span><\/span>\n<\/a><\/li>\n<li class=\"product type-product post-3198 status-publish instock product_cat-children-sizes-x-ray-protection product_cat-protection-for-the-patient product_cat-x-ray-protection product_tag-children-sizes product_tag-gonadal-protection product_tag-protection-for-the-patient has-post-thumbnail taxable shipping-taxable purchasable product-type-variable\">\n\t<a href=\"https:\/\/stralskyddsprodukter.com\/sv\/produkt\/rp276-testicle-shield-covers\/\" class=\"woocommerce-LoopProduct-link woocommerce-loop-product__link\"><span class=\"et_shop_image\"><img loading=\"lazy\" decoding=\"async\" width=\"300\" height=\"300\" src=\"https:\/\/stralskyddsprodukter.com\/wp-content\/uploads\/2025\/06\/mavig-rp276-testicle-x-ray-protection-1-300x300.jpg\" class=\"attachment-woocommerce_thumbnail size-woocommerce_thumbnail\" alt=\"RP276 Testicle Shield for children in the colour Happy.\" \/><span class=\"et_overlay\"><\/span><\/span><h2 class=\"woocommerce-loop-product__title\">RP276 Skydd f\u00f6r testikelsk\u00f6ld<\/h2>\n<\/a><\/li>\n<li class=\"product type-product post-3229 status-publish last instock product_cat-children-sizes-x-ray-protection product_cat-protection-for-the-patient product_cat-x-ray-protection product_tag-children-sizes product_tag-mammary-gland-shield product_tag-protection-for-the-patient has-post-thumbnail taxable shipping-taxable purchasable product-type-variable\">\n\t<a href=\"https:\/\/stralskyddsprodukter.com\/sv\/produkt\/rp271-children-mammary-gland-shield\/\" class=\"woocommerce-LoopProduct-link woocommerce-loop-product__link\"><span class=\"et_shop_image\"><img loading=\"lazy\" decoding=\"async\" width=\"300\" height=\"300\" src=\"https:\/\/stralskyddsprodukter.com\/wp-content\/uploads\/2025\/06\/mavig-rp271-x-ray-mammary-gland-shield-for-children-paediatrics_2-300x300.jpg\" class=\"attachment-woocommerce_thumbnail size-woocommerce_thumbnail\" alt=\"RP271 Children Mammary Gland Shield in the colour Happy.\" \/><span class=\"et_overlay\"><\/span><\/span><h2 class=\"woocommerce-loop-product__title\">RP271 Sk\u00f6ld f\u00f6r br\u00f6stk\u00f6rtlar f\u00f6r barn<\/h2>\n\t<span class=\"price\"><span class=\"woocommerce-Price-amount amount\"><bdi>132,00&nbsp;<span class=\"woocommerce-Price-currencySymbol\">\u20ac<\/span><\/bdi><\/span><\/span>\n<\/a><\/li>\n<li class=\"product type-product post-3236 status-publish first instock product_cat-children-sizes-x-ray-protection product_cat-protection-for-the-patient product_cat-x-ray-protection product_tag-children-sizes product_tag-gonadal-protection product_tag-protection-for-the-patient has-post-thumbnail taxable shipping-taxable purchasable product-type-variable\">\n\t<a href=\"https:\/\/stralskyddsprodukter.com\/sv\/produkt\/rp274-gonad-protection-pants\/\" class=\"woocommerce-LoopProduct-link woocommerce-loop-product__link\"><span class=\"et_shop_image\"><img loading=\"lazy\" decoding=\"async\" width=\"300\" height=\"300\" src=\"https:\/\/stralskyddsprodukter.com\/wp-content\/uploads\/2025\/06\/mavig-rp274-gonad-protection-diaper_2-300x300.jpg\" class=\"attachment-woocommerce_thumbnail size-woocommerce_thumbnail\" alt=\"RP274 Gonad Protection Pants for children in the colour Happy.\" \/><span class=\"et_overlay\"><\/span><\/span><h2 class=\"woocommerce-loop-product__title\">RP274 Gonadskyddsbyxor<\/h2>\n\t<span class=\"price\"><span class=\"woocommerce-Price-amount amount\"><bdi>506,00&nbsp;<span class=\"woocommerce-Price-currencySymbol\">\u20ac<\/span><\/bdi><\/span><\/span>\n<\/a><\/li>\n<li class=\"product type-product post-3286 status-publish instock product_cat-children-sizes-x-ray-protection product_cat-protection-in-dental-medicine product_cat-lead-free-aprons product_cat-protection-for-the-patient product_cat-x-ray-protection product_tag-apron product_tag-children-sizes product_tag-protection-in-dental-medicine product_tag-protection-for-the-patient has-post-thumbnail taxable shipping-taxable purchasable product-type-variable\">\n\t<a href=\"https:\/\/stralskyddsprodukter.com\/sv\/produkt\/rd642-patient-x-ray-protective-apron\/\" class=\"woocommerce-LoopProduct-link woocommerce-loop-product__link\"><span class=\"et_shop_image\"><img loading=\"lazy\" decoding=\"async\" width=\"300\" height=\"300\" src=\"https:\/\/stralskyddsprodukter.com\/wp-content\/uploads\/2025\/06\/mavig-rd642-dental-apron-patient_3-300x300.jpg\" class=\"attachment-woocommerce_thumbnail size-woocommerce_thumbnail\" alt=\"RD642 Protective Apron in the colour Mandarin.\" \/><span class=\"et_overlay\"><\/span><\/span><h2 class=\"woocommerce-loop-product__title\">RD642 Skyddsf\u00f6rkl\u00e4de f\u00f6r r\u00f6ntgenpatienter<\/h2>\n\t<span class=\"price\"><span class=\"woocommerce-Price-amount amount\" aria-hidden=\"true\"><bdi>253,00&nbsp;<span class=\"woocommerce-Price-currencySymbol\">&euro;<\/span><\/bdi><\/span> <span aria-hidden=\"true\">\u2013<\/span> <span class=\"woocommerce-Price-amount amount\" aria-hidden=\"true\"><bdi>360,00&nbsp;<span class=\"woocommerce-Price-currencySymbol\">&euro;<\/span><\/bdi><\/span><span class=\"screen-reader-text\" data-no-translation=\"\" data-trp-gettext=\"\">Prisintervall: 253,00&nbsp;&euro; till 360,00&nbsp;&euro;<\/span><\/span>\n<\/a><\/li>\n<li class=\"product type-product post-3327 status-publish last instock product_cat-children-sizes-x-ray-protection product_cat-protection-in-dental-medicine product_cat-protection-for-the-patient product_cat-x-ray-protection product_tag-children-sizes product_tag-protection-in-dental-medicine product_tag-protection-for-the-patient has-post-thumbnail taxable shipping-taxable purchasable product-type-variable\">\n\t<a href=\"https:\/\/stralskyddsprodukter.com\/sv\/produkt\/rd614-patient-thyroid-shield\/\" class=\"woocommerce-LoopProduct-link woocommerce-loop-product__link\"><span class=\"et_shop_image\"><img loading=\"lazy\" decoding=\"async\" width=\"300\" height=\"300\" src=\"https:\/\/stralskyddsprodukter.com\/wp-content\/uploads\/2025\/06\/mavig-ra614-rd614-x-ray-protective-sternum-protection-patient-300x300.jpg\" class=\"attachment-woocommerce_thumbnail size-woocommerce_thumbnail\" alt=\"RD614 Thyroid Protection in the colour Blue Admiral.\" \/><span class=\"et_overlay\"><\/span><\/span><h2 class=\"woocommerce-loop-product__title\">RD614 Patientsk\u00f6ldk\u00f6rtelsk\u00f6ld<\/h2>\n\t<span class=\"price\"><span class=\"woocommerce-Price-amount amount\" aria-hidden=\"true\"><bdi>115,00&nbsp;<span class=\"woocommerce-Price-currencySymbol\">&euro;<\/span><\/bdi><\/span> <span aria-hidden=\"true\">\u2013<\/span> <span class=\"woocommerce-Price-amount amount\" aria-hidden=\"true\"><bdi>132,00&nbsp;<span class=\"woocommerce-Price-currencySymbol\">&euro;<\/span><\/bdi><\/span><span class=\"screen-reader-text\" data-no-translation=\"\" data-trp-gettext=\"\">Prisintervall: 115,00&nbsp;&euro; till 132,00&nbsp;&euro;<\/span><\/span>\n<\/a><\/li>\n<li class=\"product type-product post-3367 status-publish first instock product_cat-children-sizes-x-ray-protection product_cat-protection-in-dental-medicine product_cat-protection-for-the-patient product_cat-x-ray-protection product_tag-children-sizes product_tag-protection-in-dental-medicine product_tag-protection-for-the-patient product_tag-spare-parts product_tag-visitek-recommends has-post-thumbnail taxable shipping-taxable purchasable product-type-variable\">\n\t<a href=\"https:\/\/stralskyddsprodukter.com\/sv\/produkt\/rd614-exchangeable-hook-burr-spare-part\/\" class=\"woocommerce-LoopProduct-link woocommerce-loop-product__link\"><span class=\"et_shop_image\"><img loading=\"lazy\" decoding=\"async\" width=\"300\" height=\"300\" src=\"https:\/\/stralskyddsprodukter.com\/wp-content\/uploads\/2025\/06\/mavig-ra614-x-ray-protective-thyroid-gand-sternum-protection_5-1-300x300.jpg\" class=\"attachment-woocommerce_thumbnail size-woocommerce_thumbnail\" alt=\"RD614 Thyroid Protection with exchangeable hook &amp; burr fastener.\" \/><span class=\"et_overlay\"><\/span><\/span><h2 class=\"woocommerce-loop-product__title\">RD614 Utbytbar reservdel f\u00f6r krok och grad<\/h2>\n\t<span class=\"price\"><span class=\"woocommerce-Price-amount amount\" aria-hidden=\"true\"><bdi>23,00&nbsp;<span class=\"woocommerce-Price-currencySymbol\">&euro;<\/span><\/bdi><\/span> <span aria-hidden=\"true\">\u2013<\/span> <span class=\"woocommerce-Price-amount amount\" aria-hidden=\"true\"><bdi>28,75&nbsp;<span class=\"woocommerce-Price-currencySymbol\">&euro;<\/span><\/bdi><\/span><span class=\"screen-reader-text\" data-no-translation=\"\" data-trp-gettext=\"\">Prisintervall: 23,00&nbsp;&euro; till 28,75&nbsp;&euro;<\/span><\/span>\n<\/a><\/li>\n<li class=\"product type-product post-3368 status-publish instock product_cat-children-sizes-x-ray-protection product_cat-protection-in-dental-medicine product_cat-protection-for-the-patient product_cat-x-ray-protection product_tag-children-sizes product_tag-protection-in-dental-medicine product_tag-protection-for-the-patient product_tag-thyroid-shield has-post-thumbnail taxable shipping-taxable purchasable product-type-variable\">\n\t<a href=\"https:\/\/stralskyddsprodukter.com\/sv\/produkt\/rd614-hygienic-cover-spare-part\/\" class=\"woocommerce-LoopProduct-link woocommerce-loop-product__link\"><span class=\"et_shop_image\"><img loading=\"lazy\" decoding=\"async\" width=\"300\" height=\"300\" src=\"https:\/\/stralskyddsprodukter.com\/wp-content\/uploads\/2025\/06\/mavig-ra614-rd614-x-ray-sternum-protection-hygienic-cover-300x300.jpg\" class=\"attachment-woocommerce_thumbnail size-woocommerce_thumbnail\" alt=\"RD614 Thyroid Protection in the colour Titan.\" \/><span class=\"et_overlay\"><\/span><\/span><h2 class=\"woocommerce-loop-product__title\">RD614 Hygieniskt lock Reservdel<\/h2>\n\t<span class=\"price\"><span class=\"woocommerce-Price-amount amount\" aria-hidden=\"true\"><bdi>23,00&nbsp;<span class=\"woocommerce-Price-currencySymbol\">&euro;<\/span><\/bdi><\/span> <span aria-hidden=\"true\">\u2013<\/span> <span class=\"woocommerce-Price-amount amount\" aria-hidden=\"true\"><bdi>28,75&nbsp;<span class=\"woocommerce-Price-currencySymbol\">&euro;<\/span><\/bdi><\/span><span class=\"screen-reader-text\" data-no-translation=\"\" data-trp-gettext=\"\">Prisintervall: 23,00&nbsp;&euro; till 28,75&nbsp;&euro;<\/span><\/span>\n<\/a><\/li>\n<li class=\"product type-product post-3266 status-publish last instock product_cat-children-sizes-x-ray-protection product_cat-protection-in-dental-medicine product_cat-lead-free-aprons product_cat-protection-for-the-patient product_cat-x-ray-protection product_tag-apron product_tag-children-sizes product_tag-protection-in-dental-medicine product_tag-protection-for-the-patient has-post-thumbnail taxable shipping-taxable purchasable product-type-variable\">\n\t<a href=\"https:\/\/stralskyddsprodukter.com\/sv\/produkt\/rd635-dental-x-ray-protective-apron\/\" class=\"woocommerce-LoopProduct-link woocommerce-loop-product__link\"><span class=\"et_shop_image\"><img loading=\"lazy\" decoding=\"async\" width=\"300\" height=\"300\" src=\"https:\/\/stralskyddsprodukter.com\/wp-content\/uploads\/2025\/06\/mavig-rd635-radiation-protection-panorama-apron_1-300x300.jpg\" class=\"attachment-woocommerce_thumbnail size-woocommerce_thumbnail\" alt=\"RD635 Protective Apron in the colour Regatta.\" \/><span class=\"et_overlay\"><\/span><\/span><h2 class=\"woocommerce-loop-product__title\">RD635 Skyddsf\u00f6rkl\u00e4de f\u00f6r r\u00f6ntgenpatienter<\/h2>\n\t<span class=\"price\"><span class=\"woocommerce-Price-amount amount\" aria-hidden=\"true\"><bdi>310,50&nbsp;<span class=\"woocommerce-Price-currencySymbol\">&euro;<\/span><\/bdi><\/span> <span aria-hidden=\"true\">\u2013<\/span> <span class=\"woocommerce-Price-amount amount\" aria-hidden=\"true\"><bdi>684,00&nbsp;<span class=\"woocommerce-Price-currencySymbol\">&euro;<\/span><\/bdi><\/span><span class=\"screen-reader-text\" data-no-translation=\"\" data-trp-gettext=\"\">Prisintervall: 310,50&nbsp;&euro; till 684,00&nbsp;&euro;<\/span><\/span>\n<\/a><\/li>\n<li class=\"product type-product post-3306 status-publish first instock product_cat-children-sizes-x-ray-protection product_cat-protection-in-dental-medicine product_cat-lead-free-aprons product_cat-protection-for-the-patient product_cat-x-ray-protection product_tag-apron product_tag-children-sizes product_tag-protection-in-dental-medicine product_tag-protection-for-the-patient has-post-thumbnail taxable shipping-taxable purchasable product-type-variable\">\n\t<a href=\"https:\/\/stralskyddsprodukter.com\/sv\/produkt\/rd644-dental-patient-x-ray-protective-apron\/\" class=\"woocommerce-LoopProduct-link woocommerce-loop-product__link\"><span class=\"et_shop_image\"><img loading=\"lazy\" decoding=\"async\" width=\"300\" height=\"300\" src=\"https:\/\/stralskyddsprodukter.com\/wp-content\/uploads\/2025\/06\/mavig-rd644-dental-apron-with-collar-patient-x-ray-protection-300x300.jpg\" class=\"attachment-woocommerce_thumbnail size-woocommerce_thumbnail\" alt=\"RD644 Dental Apron with Collar in the colour Blue Admiral.\" \/><span class=\"et_overlay\"><\/span><\/span><h2 class=\"woocommerce-loop-product__title\">RD644 Skyddsf\u00f6rkl\u00e4de f\u00f6r r\u00f6ntgenpatienter med sk\u00f6ldk\u00f6rtelskydd<\/h2>\n\t<span class=\"price\"><span class=\"woocommerce-Price-amount amount\" aria-hidden=\"true\"><bdi>276,00&nbsp;<span class=\"woocommerce-Price-currencySymbol\">&euro;<\/span><\/bdi><\/span> <span aria-hidden=\"true\">\u2013<\/span> <span class=\"woocommerce-Price-amount amount\" aria-hidden=\"true\"><bdi>408,00&nbsp;<span class=\"woocommerce-Price-currencySymbol\">&euro;<\/span><\/bdi><\/span><span class=\"screen-reader-text\" data-no-translation=\"\" data-trp-gettext=\"\">Prisintervall: 276,00&nbsp;&euro; till 408,00&nbsp;&euro;<\/span><\/span>\n<\/a><\/li>\n<\/ul>\n<\/div><\/div>\n<\/div>\n<\/div>\n<\/div>","protected":false},"excerpt":{"rendered":"","protected":false},"author":4,"featured_media":0,"parent":7,"menu_order":0,"comment_status":"closed","ping_status":"closed","template":"","meta":{"content-type":"","footnotes":""},"class_list":["post-450","page","type-page","status-publish","hentry"],"jetpack_sharing_enabled":true,"_links":{"self":[{"href":"https:\/\/stralskyddsprodukter.com\/sv\/wp-json\/wp\/v2\/pages\/450","targetHints":{"allow":["GET"]}}],"collection":[{"href":"https:\/\/stralskyddsprodukter.com\/sv\/wp-json\/wp\/v2\/pages"}],"about":[{"href":"https:\/\/stralskyddsprodukter.com\/sv\/wp-json\/wp\/v2\/types\/page"}],"author":[{"embeddable":true,"href":"https:\/\/stralskyddsprodukter.com\/sv\/wp-json\/wp\/v2\/users\/4"}],"replies":[{"embeddable":true,"href":"https:\/\/stralskyddsprodukter.com\/sv\/wp-json\/wp\/v2\/comments?post=450"}],"version-history":[{"count":8,"href":"https:\/\/stralskyddsprodukter.com\/sv\/wp-json\/wp\/v2\/pages\/450\/revisions"}],"predecessor-version":[{"id":21629,"href":"https:\/\/stralskyddsprodukter.com\/sv\/wp-json\/wp\/v2\/pages\/450\/revisions\/21629"}],"up":[{"embeddable":true,"href":"https:\/\/stralskyddsprodukter.com\/sv\/wp-json\/wp\/v2\/pages\/7"}],"wp:attachment":[{"href":"https:\/\/stralskyddsprodukter.com\/sv\/wp-json\/wp\/v2\/media?parent=450"}],"curies":[{"name":"wp","href":"https:\/\/api.w.org\/{rel}","templated":true}]}}