{"id":454,"date":"2025-05-26T19:49:09","date_gmt":"2025-05-26T19:49:09","guid":{"rendered":"https:\/\/stralskyddsprodukter.com\/?page_id=454"},"modified":"2026-01-19T14:17:59","modified_gmt":"2026-01-19T12:17:59","slug":"x-ray-accessories","status":"publish","type":"page","link":"https:\/\/stralskyddsprodukter.com\/sv\/x-ray-protection\/x-ray-accessories\/","title":{"rendered":"Accessoarer"},"content":{"rendered":"<div class=\"et_d4_element et_pb_section et_pb_section_0  et_pb_css_mix_blend_mode et_section_regular et_block_section\" >\n\t\t\t\t\n\t\t\t\t\n\t\t\t\t\n\t\t\t\t\n\t\t\t\t\n\t\t\t\t\n\t\t\t\t<div class=\"et_d4_element et_pb_row et_pb_row_0  et_pb_css_mix_blend_mode et_block_row\">\n\t\t\t\t<div class=\"et_d4_element et_pb_column_4_4 et_pb_column et_pb_column_0  et_pb_css_mix_blend_mode et-last-child et_block_column\">\n\t\t\t\t\n\t\t\t\t\n\t\t\t\t\n\t\t\t\t\n\t\t\t\t<div class=\"et_pb_module et_d4_element et_pb_text et_pb_text_0  et_pb_text_align_left et_pb_bg_layout_light\">\n\t\t\t\t\n\t\t\t\t\n\t\t\t\t\n\t\t\t\t\n\t\t\t\t<div class=\"et_pb_text_inner\"><h1 class=\"translation-block\">R\u00d6NTGENTILLBEH\u00d6R<\/h1><\/div>\n\t\t\t<\/div><div class=\"et_pb_module et_d4_element et_pb_shop et_pb_shop_0  et_pb_css_mix_blend_mode\"  data-shortcode_index=\"0\">\n\t\t\t\t\n\t\t\t\t\n\t\t\t\t\n\t\t\t\t\n\t\t\t\t<div class=\"woocommerce columns-3\"><ul class=\"products columns-3\">\n<li class=\"product type-product post-2747 status-publish first instock product_cat-x-ray-protection-accessories product_cat-protection-for-medical-personnel product_cat-x-ray-protection product_tag-protection-for-medical-personnel product_tag-sleeves has-post-thumbnail taxable shipping-taxable purchasable product-type-variable\">\n\t<a href=\"https:\/\/stralskyddsprodukter.com\/sv\/produkt\/ra-shoulder-protection-sleeves\/\" class=\"woocommerce-LoopProduct-link woocommerce-loop-product__link\"><span class=\"et_shop_image\"><img loading=\"lazy\" decoding=\"async\" width=\"300\" height=\"300\" src=\"https:\/\/stralskyddsprodukter.com\/wp-content\/uploads\/2025\/06\/Skarmbild-2025-06-11-123042-300x300.png\" class=\"attachment-woocommerce_thumbnail size-woocommerce_thumbnail\" alt=\"RA Sleeves for shoulder protection.\" srcset=\"https:\/\/stralskyddsprodukter.com\/wp-content\/uploads\/2025\/06\/Skarmbild-2025-06-11-123042-300x300.png 300w, https:\/\/stralskyddsprodukter.com\/wp-content\/uploads\/2025\/06\/Skarmbild-2025-06-11-123042-150x150.png 150w, https:\/\/stralskyddsprodukter.com\/wp-content\/uploads\/2025\/06\/Skarmbild-2025-06-11-123042-100x100.png 100w, https:\/\/stralskyddsprodukter.com\/wp-content\/uploads\/2025\/06\/Skarmbild-2025-06-11-123042.png 319w\" sizes=\"(max-width: 300px) 100vw, 300px\" \/><span class=\"et_overlay\"><\/span><\/span><h2 class=\"woocommerce-loop-product__title\">RA-\u00e4rm<\/h2>\n\t<span class=\"price\"><span class=\"woocommerce-Price-amount amount\" aria-hidden=\"true\"><bdi>97,75&nbsp;<span class=\"woocommerce-Price-currencySymbol\">&euro;<\/span><\/bdi><\/span> <span aria-hidden=\"true\">\u2013<\/span> <span class=\"woocommerce-Price-amount amount\" aria-hidden=\"true\"><bdi>216,00&nbsp;<span class=\"woocommerce-Price-currencySymbol\">&euro;<\/span><\/bdi><\/span><span class=\"screen-reader-text\" data-no-translation=\"\" data-trp-gettext=\"\">Prisintervall: 97,75&nbsp;&euro; till 216,00&nbsp;&euro;<\/span><\/span>\n<\/a><\/li>\n<li class=\"product type-product post-2998 status-publish instock product_cat-x-ray-protection-accessories product_cat-protection-for-the-patient product_cat-x-ray-protection product_tag-accessories product_tag-drapes product_tag-protection-for-the-patient has-post-thumbnail taxable shipping-taxable purchasable product-type-simple\">\n\t<a href=\"https:\/\/stralskyddsprodukter.com\/sv\/produkt\/femoral-protective-drape\/\" class=\"woocommerce-LoopProduct-link woocommerce-loop-product__link\"><span class=\"et_shop_image\"><img loading=\"lazy\" decoding=\"async\" width=\"300\" height=\"162\" src=\"https:\/\/stralskyddsprodukter.com\/wp-content\/uploads\/2025\/06\/Skarmbild-2025-06-17-125717-300x162.png\" class=\"attachment-woocommerce_thumbnail size-woocommerce_thumbnail\" alt=\"Femoral Protective Drape.\" \/><span class=\"et_overlay\"><\/span><\/span><h2 class=\"woocommerce-loop-product__title\">Femoral skyddsduk<\/h2>\n\t<span class=\"price\"><span class=\"woocommerce-Price-amount amount\"><bdi>483,00&nbsp;<span class=\"woocommerce-Price-currencySymbol\">\u20ac<\/span><\/bdi><\/span><\/span>\n<\/a><\/li>\n<li class=\"product type-product post-2999 status-publish last instock product_cat-x-ray-protection-accessories product_cat-protection-for-the-patient product_cat-x-ray-protection product_tag-accessories product_tag-drapes product_tag-protection-for-the-patient has-post-thumbnail taxable shipping-taxable purchasable product-type-simple\">\n\t<a href=\"https:\/\/stralskyddsprodukter.com\/sv\/produkt\/sterile-covers-for-femoral-drape\/\" class=\"woocommerce-LoopProduct-link woocommerce-loop-product__link\"><span class=\"et_shop_image\"><img loading=\"lazy\" decoding=\"async\" width=\"300\" height=\"162\" src=\"https:\/\/stralskyddsprodukter.com\/wp-content\/uploads\/2025\/06\/Skarmbild-2025-06-17-125717-300x162.png\" class=\"attachment-woocommerce_thumbnail size-woocommerce_thumbnail\" alt=\"Femoral Protective Drape.\" \/><span class=\"et_overlay\"><\/span><\/span><h2 class=\"woocommerce-loop-product__title\">Sterila \u00f6verdrag f\u00f6r femoralduk<\/h2>\n\t<span class=\"price\"><span class=\"woocommerce-Price-amount amount\"><bdi>178,25&nbsp;<span class=\"woocommerce-Price-currencySymbol\">\u20ac<\/span><\/bdi><\/span><\/span>\n<\/a><\/li>\n<li class=\"product type-product post-3000 status-publish first instock product_cat-x-ray-protection-accessories product_cat-protection-for-the-patient product_cat-x-ray-protection product_tag-accessories product_tag-drapes product_tag-protection-for-the-patient has-post-thumbnail taxable shipping-taxable purchasable product-type-simple\">\n\t<a href=\"https:\/\/stralskyddsprodukter.com\/sv\/produkt\/radial-protective-drape\/\" class=\"woocommerce-LoopProduct-link woocommerce-loop-product__link\"><span class=\"et_shop_image\"><img loading=\"lazy\" decoding=\"async\" width=\"300\" height=\"174\" src=\"https:\/\/stralskyddsprodukter.com\/wp-content\/uploads\/2025\/06\/Skarmbild-2025-06-17-125731-300x174.png\" class=\"attachment-woocommerce_thumbnail size-woocommerce_thumbnail\" alt=\"Radial Protective Drape.\" \/><span class=\"et_overlay\"><\/span><\/span><h2 class=\"woocommerce-loop-product__title\">Radiell skyddsduk<\/h2>\n\t<span class=\"price\"><span class=\"woocommerce-Price-amount amount\"><bdi>437,00&nbsp;<span class=\"woocommerce-Price-currencySymbol\">\u20ac<\/span><\/bdi><\/span><\/span>\n<\/a><\/li>\n<li class=\"product type-product post-3001 status-publish instock product_cat-x-ray-protection-accessories product_cat-protection-for-the-patient product_cat-x-ray-protection product_tag-accessories product_tag-drapes product_tag-protection-for-the-patient has-post-thumbnail taxable shipping-taxable purchasable product-type-simple\">\n\t<a href=\"https:\/\/stralskyddsprodukter.com\/sv\/produkt\/sterile-covers-for-radial-drape\/\" class=\"woocommerce-LoopProduct-link woocommerce-loop-product__link\"><span class=\"et_shop_image\"><img loading=\"lazy\" decoding=\"async\" width=\"300\" height=\"174\" src=\"https:\/\/stralskyddsprodukter.com\/wp-content\/uploads\/2025\/06\/Skarmbild-2025-06-17-125731-300x174.png\" class=\"attachment-woocommerce_thumbnail size-woocommerce_thumbnail\" alt=\"Radial Protective Drape.\" \/><span class=\"et_overlay\"><\/span><\/span><h2 class=\"woocommerce-loop-product__title\">Sterila \u00f6verdrag f\u00f6r radialduk<\/h2>\n\t<span class=\"price\"><span class=\"woocommerce-Price-amount amount\"><bdi>178,25&nbsp;<span class=\"woocommerce-Price-currencySymbol\">\u20ac<\/span><\/bdi><\/span><\/span>\n<\/a><\/li>\n<li class=\"product type-product post-3016 status-publish last instock product_cat-x-ray-protection-accessories product_cat-protection-for-the-patient product_cat-x-ray-protection product_tag-accessories product_tag-drapes product_tag-protection-for-the-patient has-post-thumbnail taxable shipping-taxable purchasable product-type-variable\">\n\t<a href=\"https:\/\/stralskyddsprodukter.com\/sv\/produkt\/reusable-x-ray-protective-cover-with-variable-cut-out\/\" class=\"woocommerce-LoopProduct-link woocommerce-loop-product__link\"><span class=\"et_shop_image\"><img loading=\"lazy\" decoding=\"async\" width=\"300\" height=\"300\" src=\"https:\/\/stralskyddsprodukter.com\/wp-content\/uploads\/2025\/06\/Skarmbild-2025-06-18-094154-300x300.png\" class=\"attachment-woocommerce_thumbnail size-woocommerce_thumbnail\" alt=\"Reusable X-Ray Protective Cover (drape) With Variable Cut-out.\" \/><span class=\"et_overlay\"><\/span><\/span><h2 class=\"woocommerce-loop-product__title\">\u00c5teranv\u00e4ndbart r\u00f6ntgenskyddsfodral med variabel utsk\u00e4rning<\/h2>\n\t<span class=\"price\"><span class=\"woocommerce-Price-amount amount\" aria-hidden=\"true\"><bdi>460,00&nbsp;<span class=\"woocommerce-Price-currencySymbol\">&euro;<\/span><\/bdi><\/span> <span aria-hidden=\"true\">\u2013<\/span> <span class=\"woocommerce-Price-amount amount\" aria-hidden=\"true\"><bdi>494,50&nbsp;<span class=\"woocommerce-Price-currencySymbol\">&euro;<\/span><\/bdi><\/span><span class=\"screen-reader-text\" data-no-translation=\"\" data-trp-gettext=\"\">Prisintervall: 460,00&nbsp;&euro; till 494,50&nbsp;&euro;<\/span><\/span>\n<\/a><\/li>\n<li class=\"product type-product post-3455 status-publish first instock product_cat-x-ray-protection-accessories product_cat-x-ray-protection product_tag-accessories has-post-thumbnail taxable shipping-taxable purchasable product-type-variable\">\n\t<a href=\"https:\/\/stralskyddsprodukter.com\/sv\/produkt\/az187-lead-rubber-single-layer-material\/\" class=\"woocommerce-LoopProduct-link woocommerce-loop-product__link\"><span class=\"et_shop_image\"><img loading=\"lazy\" decoding=\"async\" width=\"300\" height=\"300\" src=\"https:\/\/stralskyddsprodukter.com\/wp-content\/uploads\/2025\/06\/PI_AZ187_1-300x300.jpg\" class=\"attachment-woocommerce_thumbnail size-woocommerce_thumbnail\" alt=\"AZ187 Lead Rubber Single Layer Material.\" \/><span class=\"et_overlay\"><\/span><\/span><h2 class=\"woocommerce-loop-product__title\">AZ187 Blygummi, enskiktsmaterial<\/h2>\n\t<span class=\"price\"><span class=\"woocommerce-Price-amount amount\" aria-hidden=\"true\"><bdi>333,50&nbsp;<span class=\"woocommerce-Price-currencySymbol\">&euro;<\/span><\/bdi><\/span> <span aria-hidden=\"true\">\u2013<\/span> <span class=\"woocommerce-Price-amount amount\" aria-hidden=\"true\"><bdi>966,00&nbsp;<span class=\"woocommerce-Price-currencySymbol\">&euro;<\/span><\/bdi><\/span><span class=\"screen-reader-text\" data-no-translation=\"\" data-trp-gettext=\"\">Prisintervall: 333,50&nbsp;&euro; till 966,00&nbsp;&euro;<\/span><\/span>\n<\/a><\/li>\n<\/ul>\n<\/div>\n\t\t\t<\/div>\n\t\t\t<\/div>\n\t\t\t\t\n\t\t\t\t\n\t\t\t\t\n\t\t\t\t\n\t\t\t<\/div>\n\t\t\t\t\n\t\t\t\t\n\t\t\t<\/div>","protected":false},"excerpt":{"rendered":"","protected":false},"author":4,"featured_media":0,"parent":7,"menu_order":0,"comment_status":"closed","ping_status":"closed","template":"","meta":{"content-type":"","_et_pb_use_builder":"on","_et_pb_old_content":"","_et_gb_content_width":"","footnotes":""},"class_list":["post-454","page","type-page","status-publish","hentry"],"jetpack_sharing_enabled":true,"_links":{"self":[{"href":"https:\/\/stralskyddsprodukter.com\/sv\/wp-json\/wp\/v2\/pages\/454","targetHints":{"allow":["GET"]}}],"collection":[{"href":"https:\/\/stralskyddsprodukter.com\/sv\/wp-json\/wp\/v2\/pages"}],"about":[{"href":"https:\/\/stralskyddsprodukter.com\/sv\/wp-json\/wp\/v2\/types\/page"}],"author":[{"embeddable":true,"href":"https:\/\/stralskyddsprodukter.com\/sv\/wp-json\/wp\/v2\/users\/4"}],"replies":[{"embeddable":true,"href":"https:\/\/stralskyddsprodukter.com\/sv\/wp-json\/wp\/v2\/comments?post=454"}],"version-history":[{"count":8,"href":"https:\/\/stralskyddsprodukter.com\/sv\/wp-json\/wp\/v2\/pages\/454\/revisions"}],"predecessor-version":[{"id":21108,"href":"https:\/\/stralskyddsprodukter.com\/sv\/wp-json\/wp\/v2\/pages\/454\/revisions\/21108"}],"up":[{"embeddable":true,"href":"https:\/\/stralskyddsprodukter.com\/sv\/wp-json\/wp\/v2\/pages\/7"}],"wp:attachment":[{"href":"https:\/\/stralskyddsprodukter.com\/sv\/wp-json\/wp\/v2\/media?parent=454"}],"curies":[{"name":"wp","href":"https:\/\/api.w.org\/{rel}","templated":true}]}}