{"id":3001,"date":"2025-06-17T10:38:18","date_gmt":"2025-06-17T10:38:18","guid":{"rendered":"https:\/\/stralskyddsprodukter.com\/produkt\/sterile-covers-for-radial-drape\/"},"modified":"2026-04-07T21:20:13","modified_gmt":"2026-04-07T19:20:13","slug":"sterile-covers-for-radial-drape","status":"publish","type":"product","link":"https:\/\/stralskyddsprodukter.com\/sv\/produkt\/sterile-covers-for-radial-drape\/","title":{"rendered":"Sterila \u00f6verdrag f\u00f6r radialduk"},"content":{"rendered":"<p>V\u00e5ra \u00e5teranv\u00e4ndbara dukar \u00e4r ergonomiskt utformade f\u00f6r att ge ett utm\u00e4rkt skydd, samtidigt som de \u00e4r s\u00e5 kompakta som m\u00f6jligt f\u00f6r patientens komfort.<\/p>\n<p>S\u00e4rskild uppm\u00e4rksamhet har \u00e4ven \u00e4gnats \u00e5t anv\u00e4ndningen, s\u00e5som den s\u00e4rskilda utsk\u00e4rningen i femoral\u00f6verdraget f\u00f6r femoralporten samt den mjuka lutningen p\u00e5 h\u00f6gersidan av b\u00e5da dukarna f\u00f6r obehindrad bildtagning.<\/p>\n<p>Med de sterila \u00f6verdragen kan skyddsdukarna placeras ovanp\u00e5 patientduken, vilket m\u00f6jligg\u00f6r snabb placering eller borttagning samt positionsreferens.<\/p>","protected":false},"excerpt":{"rendered":"<h1>Sterila \u00f6verdrag f\u00f6r radialduk<\/h1>\n<blockquote>\n<h3><strong>OBSERVERA!<\/strong><\/h3>\n<p><strong>Endast sterilt \u00f6verdrag! Anv\u00e4nds med\u00a0<a href=\"https:\/\/stralskyddsprodukter.com\/sv\/produkt\/radial-protective-drape\/\">Radiell skyddsduk<\/a><\/strong><br \/>\n<strong>50 stycken.<\/strong><\/p><\/blockquote>","protected":false},"featured_media":3006,"template":"","meta":{"content-type":""},"product_brand":[33],"product_cat":[58,50,47],"product_tag":[49,74,52],"class_list":{"0":"post-3001","1":"product","2":"type-product","3":"status-publish","4":"has-post-thumbnail","6":"product_brand-mavig","7":"product_cat-x-ray-protection-accessories","8":"product_cat-protection-for-the-patient","9":"product_cat-x-ray-protection","10":"product_tag-accessories","11":"product_tag-drapes","12":"product_tag-protection-for-the-patient","13":"product_shipping_class-shipping-clothes","15":"first","16":"instock","17":"taxable","18":"shipping-taxable","19":"purchasable","20":"product-type-simple"},"jetpack_sharing_enabled":true,"_links":{"self":[{"href":"https:\/\/stralskyddsprodukter.com\/sv\/wp-json\/wp\/v2\/product\/3001","targetHints":{"allow":["GET"]}}],"collection":[{"href":"https:\/\/stralskyddsprodukter.com\/sv\/wp-json\/wp\/v2\/product"}],"about":[{"href":"https:\/\/stralskyddsprodukter.com\/sv\/wp-json\/wp\/v2\/types\/product"}],"wp:featuredmedia":[{"embeddable":true,"href":"https:\/\/stralskyddsprodukter.com\/sv\/wp-json\/wp\/v2\/media\/3006"}],"wp:attachment":[{"href":"https:\/\/stralskyddsprodukter.com\/sv\/wp-json\/wp\/v2\/media?parent=3001"}],"wp:term":[{"taxonomy":"product_brand","embeddable":true,"href":"https:\/\/stralskyddsprodukter.com\/sv\/wp-json\/wp\/v2\/product_brand?post=3001"},{"taxonomy":"product_cat","embeddable":true,"href":"https:\/\/stralskyddsprodukter.com\/sv\/wp-json\/wp\/v2\/product_cat?post=3001"},{"taxonomy":"product_tag","embeddable":true,"href":"https:\/\/stralskyddsprodukter.com\/sv\/wp-json\/wp\/v2\/product_tag?post=3001"}],"curies":[{"name":"wp","href":"https:\/\/api.w.org\/{rel}","templated":true}]}}