{"id":3016,"date":"2025-06-18T07:41:45","date_gmt":"2025-06-18T07:41:45","guid":{"rendered":"https:\/\/stralskyddsprodukter.com\/?post_type=product&#038;p=3016"},"modified":"2026-04-07T21:19:37","modified_gmt":"2026-04-07T19:19:37","slug":"reusable-x-ray-protective-cover-with-variable-cut-out","status":"publish","type":"product","link":"https:\/\/stralskyddsprodukter.com\/sv\/produkt\/reusable-x-ray-protective-cover-with-variable-cut-out\/","title":{"rendered":"\u00c5teranv\u00e4ndbart r\u00f6ntgenskyddsfodral med variabel utsk\u00e4rning"},"content":{"rendered":"<p><strong>Skyddsmaterial (inl\u00e4gg):<br \/>\n<\/strong>Standardbly<\/p>\n<p><strong>Blyekvivalent:<\/strong><br \/>\nStandard: 0,50 mm Pb<\/p>\n<p><strong>Tekniska data:<\/strong><br \/>\n105 x 103 cm (L x B, max. ytterm\u00e5tt)<br \/>\nca. 4,75 kg<\/p>\n<p><strong>Yttermaterial \u2013 \u00f6verdrag:<br \/>\n<\/strong>Till skillnad fr\u00e5n ComforTex HPMF Hybrid anv\u00e4nder ComforTex HPMF Duplex materialet med specialbel\u00e4ggning inte bara p\u00e5 den sida som vetter bort fr\u00e5n kroppen, utan p\u00e5 b\u00e5da sidor.<\/p>","protected":false},"excerpt":{"rendered":"<h1>\u00c5teranv\u00e4ndbart r\u00f6ntgenskydd ST-ER5U<\/h1>\n<p>MAVIG ST-ER-duken \u00e4r utformad f\u00f6r att minimera spridd str\u00e5lning fr\u00e5n patientens kropp och d\u00e4rmed skydda personalen.<\/p>\n<p>Dukens variabla \u00f6ppning, som kan placeras p\u00e5 patienten exakt i linje med det anv\u00e4ndbara str\u00e5lningsomr\u00e5det, minskar den spridda str\u00e5lningen avsev\u00e4rt.<\/p>\n<p>Ett klassiskt exempel p\u00e5 anv\u00e4ndning \u00e4r ERCP*, men i princip \u00e4r ett stort antal andra anv\u00e4ndningsomr\u00e5den m\u00f6jliga d\u00e4r arbete utf\u00f6rs med fast str\u00e5lriktning.<\/p>\n<p>\u2022 Kan anv\u00e4ndas i bukl\u00e4ge och sidol\u00e4ge<br \/>\n\u2022 S\u00e4ker positionering tack vare individuella justeringsm\u00f6jligheter<br \/>\n\u2022 Utsk\u00e4rningar f\u00f6r endoskop, samt valbart anv\u00e4ndbart skydd f\u00f6r att skydda axelleden<br \/>\n\u2022 H\u00e5llbar, eftersom den \u00e4r \u00e5teranv\u00e4ndbar<\/p>\n<p><strong>F\u00e4rg:<br \/>\n<\/strong>Mandarin (anv\u00e4ndarsida)<br \/>\nTitan (patientsida)<strong><br \/>\n<\/strong><\/p>","protected":false},"featured_media":3020,"template":"","meta":{"content-type":""},"product_brand":[33],"product_cat":[58,50,47],"product_tag":[49,74,52],"class_list":{"0":"post-3016","1":"product","2":"type-product","3":"status-publish","4":"has-post-thumbnail","6":"product_brand-mavig","7":"product_cat-x-ray-protection-accessories","8":"product_cat-protection-for-the-patient","9":"product_cat-x-ray-protection","10":"product_tag-accessories","11":"product_tag-drapes","12":"product_tag-protection-for-the-patient","13":"product_shipping_class-shipping-clothes","15":"first","16":"instock","17":"taxable","18":"shipping-taxable","19":"purchasable","20":"product-type-variable"},"jetpack_sharing_enabled":true,"_links":{"self":[{"href":"https:\/\/stralskyddsprodukter.com\/sv\/wp-json\/wp\/v2\/product\/3016","targetHints":{"allow":["GET"]}}],"collection":[{"href":"https:\/\/stralskyddsprodukter.com\/sv\/wp-json\/wp\/v2\/product"}],"about":[{"href":"https:\/\/stralskyddsprodukter.com\/sv\/wp-json\/wp\/v2\/types\/product"}],"wp:featuredmedia":[{"embeddable":true,"href":"https:\/\/stralskyddsprodukter.com\/sv\/wp-json\/wp\/v2\/media\/3020"}],"wp:attachment":[{"href":"https:\/\/stralskyddsprodukter.com\/sv\/wp-json\/wp\/v2\/media?parent=3016"}],"wp:term":[{"taxonomy":"product_brand","embeddable":true,"href":"https:\/\/stralskyddsprodukter.com\/sv\/wp-json\/wp\/v2\/product_brand?post=3016"},{"taxonomy":"product_cat","embeddable":true,"href":"https:\/\/stralskyddsprodukter.com\/sv\/wp-json\/wp\/v2\/product_cat?post=3016"},{"taxonomy":"product_tag","embeddable":true,"href":"https:\/\/stralskyddsprodukter.com\/sv\/wp-json\/wp\/v2\/product_tag?post=3016"}],"curies":[{"name":"wp","href":"https:\/\/api.w.org\/{rel}","templated":true}]}}