{"id":3103,"date":"2025-06-18T11:36:59","date_gmt":"2025-06-18T11:36:59","guid":{"rendered":"https:\/\/stralskyddsprodukter.com\/?post_type=product&#038;p=3103"},"modified":"2026-04-07T21:18:11","modified_gmt":"2026-04-07T19:18:11","slug":"rp643-tension-strap-spare-part","status":"publish","type":"product","link":"https:\/\/stralskyddsprodukter.com\/sv\/produkt\/rp643-tension-strap-spare-part\/","title":{"rendered":"RP643 Sp\u00e4nnband (reservdel)"},"content":{"rendered":"<h2 class=\"text__heading\">R\u00f6ntgenskydd f\u00f6r patienten<\/h2>\n<div class=\"text__text\">\n<p>En produkt f\u00f6r daglig anv\u00e4ndning har s\u00e4rskilda krav n\u00e4r det g\u00e4ller materialkvalitet och utf\u00f6rande, men \u00e4ven funktionaliteten f\u00f6r en anv\u00e4ndarv\u00e4nlig hantering m\u00e5ste vara given. Gonadf\u00f6rkl\u00e4den i MAVIG RP643-serien erbjuder detta och mer.<\/p>\n<p>Vid tillverkningen av v\u00e5ra gonadf\u00f6rkl\u00e4den anv\u00e4nder vi uteslutande h\u00f6gkvalitativt, flexibelt standardblymaterial. Mycket goda str\u00e5lskyddsegenskaper \u00e4r naturligtvis ett grundkrav.<\/p>\n<p>F\u00f6r skonsam och korrekt f\u00f6rvaring av dina gonadf\u00f6rkl\u00e4den rekommenderar vi anv\u00e4ndning av den specialutformade v\u00e4ggupph\u00e4ngningen AW417.<\/p>\n<p>Med allt tydligt organiserat kan du avg\u00f6ra r\u00e4tt storlek f\u00f6r din patient med en blick och enkelt ta ut r\u00e4tt f\u00f6rkl\u00e4de ur v\u00e4ggsystemet, utan att ha<br \/>\natt beh\u00f6va ta bort det som sitter framf\u00f6r eller bakom.<\/p>\n<p>&nbsp;<\/p>\n<p><strong>Material<\/strong><\/p>\n<ul>\n<li>Standardbly med blyekvivalent p\u00e5 0.50 mm Pb<\/li>\n<li>Ytterh\u00f6lje ComforTex<em>\u00ae<\/em>\u00a0HPMF, ComforTex<em>\u00ae<\/em>\u00a0HPMF Hybrid eller ComforTex<em>\u00ae<\/em>\u00a0HPMF Plus, runtomg\u00e5ende kantning med specialband<\/li>\n<\/ul>\n<p>&nbsp;<\/p>\n<p><strong>Storlekar<\/strong><\/p>\n<ul>\n<li>S \u2013 Sm\u00e5barn, storlek (bredd x l\u00e4ngd): 20 x 25 cm, midjem\u00e5tt ca 43\u201353 cm<\/li>\n<li>M \u2013 Barn, storlek (bredd x l\u00e4ngd): 30 x 30 cm, midjem\u00e5tt ca 54\u201379 cm<\/li>\n<li>L \u2013 Vuxna, storlek (bredd x l\u00e4ngd): 37 x 40 cm, midjem\u00e5tt ca 77\u2013104 cm<\/li>\n<li>XL \u2013 Vuxna, storlek (bredd x l\u00e4ngd): 45 x 50 cm, midjem\u00e5tt ca 101\u2013150 cm<\/li>\n<\/ul>\n<p>&nbsp;<\/p>\n<p>Finns \u00e4ven som komplett set i alla fyra storlekar.<\/p>\n<p>Anv\u00e4nd med <a href=\"https:\/\/stralskyddsprodukter.com\/sv\/produkt\/rp643-gonad-apron\/\">Gonadf\u00f6rkl\u00e4de RP643\u00a0<\/a><\/p>\n<p>&nbsp;<\/p>\n<p><em>Sj\u00e4lvklart uppfyller v\u00e5ra patientskyddsprodukter f\u00f6rordning (EU) 2016\/425 om personlig skyddsutrustning samt (EU) 2017\/745 om medicintekniska produkter.<\/em><\/p>\n<\/div>","protected":false},"excerpt":{"rendered":"<h1 class=\"product-page__heading\">Sp\u00e4nnrem (reservdel) RP643<\/h1>\n<blockquote>\n<h4><strong>OBSERVERA!<\/strong><\/h4>\n<p><strong>Detta \u00e4r en reservdel. Endast sp\u00e4nnrem! Anv\u00e4nds med\u00a0<a href=\"https:\/\/stralskyddsprodukter.com\/sv\/produkt\/rp643-gonad-apron\/\">RP643 Gonadf\u00f6rkl\u00e4de<\/a><\/strong><\/p><\/blockquote>\n<h1><\/h1>\n<h1 class=\"product-page__short-description\">Gonadf\u00f6rkl\u00e4de RP643<\/h1>\n<p>Antalet patienter som passerar dagens r\u00f6ntgenverksamheter \u00e4r mycket h\u00f6gt, vilket g\u00f6r det viktigt att r\u00f6ntgenskydden \u00e4r praktiska och enkla att snabbt ta p\u00e5 och ta av. Den flexibla sp\u00e4nnremmen i v\u00e5r serie RP643 erbjuder den enklaste l\u00f6sningen.<\/p>\n<ul>\n<li><strong>Enkel hantering<\/strong><\/li>\n<li><strong>Utm\u00e4rkt sk\u00e4rmning och skydd mot str\u00e5lning<\/strong><\/li>\n<li><strong>Specialutformat v\u00e4ggst\u00e4ll modell AW417 f\u00f6r korrekt f\u00f6rvaring finns tillg\u00e4ngligt<\/strong><\/li>\n<li><strong>NYHET:<\/strong><strong>F\u00f6r enklare reng\u00f6ring finns v\u00e5ra gonadf\u00f6rkl\u00e4den RP643 \u00e4ven valfritt i ComforTex<em>\u00ae<\/em>\u00a0HPMF Hybrid.<\/strong><\/li>\n<li><strong>PFC-fritt yttermaterial enligt Oeko-Tex\u00ae Standard 100<\/strong><\/li>\n<\/ul>","protected":false},"featured_media":3092,"template":"","meta":{"content-type":""},"product_brand":[33],"product_cat":[51,50,47],"product_tag":[49,48,73],"class_list":{"0":"post-3103","1":"product","2":"type-product","3":"status-publish","4":"has-post-thumbnail","6":"product_brand-mavig","7":"product_cat-children-sizes-x-ray-protection","8":"product_cat-protection-for-the-patient","9":"product_cat-x-ray-protection","10":"product_tag-accessories","11":"product_tag-children-sizes","12":"product_tag-spare-parts","13":"product_shipping_class-shipping-clothes","15":"first","16":"instock","17":"taxable","18":"shipping-taxable","19":"purchasable","20":"product-type-variable"},"jetpack_sharing_enabled":true,"_links":{"self":[{"href":"https:\/\/stralskyddsprodukter.com\/sv\/wp-json\/wp\/v2\/product\/3103","targetHints":{"allow":["GET"]}}],"collection":[{"href":"https:\/\/stralskyddsprodukter.com\/sv\/wp-json\/wp\/v2\/product"}],"about":[{"href":"https:\/\/stralskyddsprodukter.com\/sv\/wp-json\/wp\/v2\/types\/product"}],"wp:featuredmedia":[{"embeddable":true,"href":"https:\/\/stralskyddsprodukter.com\/sv\/wp-json\/wp\/v2\/media\/3092"}],"wp:attachment":[{"href":"https:\/\/stralskyddsprodukter.com\/sv\/wp-json\/wp\/v2\/media?parent=3103"}],"wp:term":[{"taxonomy":"product_brand","embeddable":true,"href":"https:\/\/stralskyddsprodukter.com\/sv\/wp-json\/wp\/v2\/product_brand?post=3103"},{"taxonomy":"product_cat","embeddable":true,"href":"https:\/\/stralskyddsprodukter.com\/sv\/wp-json\/wp\/v2\/product_cat?post=3103"},{"taxonomy":"product_tag","embeddable":true,"href":"https:\/\/stralskyddsprodukter.com\/sv\/wp-json\/wp\/v2\/product_tag?post=3103"}],"curies":[{"name":"wp","href":"https:\/\/api.w.org\/{rel}","templated":true}]}}