{"id":3198,"date":"2025-06-23T12:58:04","date_gmt":"2025-06-23T12:58:04","guid":{"rendered":"https:\/\/stralskyddsprodukter.com\/?post_type=product&#038;p=3198"},"modified":"2025-08-26T10:42:22","modified_gmt":"2025-08-26T08:42:22","slug":"rp276-testicle-shield-covers","status":"publish","type":"product","link":"https:\/\/stralskyddsprodukter.com\/sv\/produkt\/rp276-testicle-shield-covers\/","title":{"rendered":"RP276 Skydd f\u00f6r testikelsk\u00f6ld"},"content":{"rendered":"<h2 class=\"text__heading\">Optimerat skydd f\u00f6r patienten<\/h2>\n<div class=\"text__text\">\n<p>Sj\u00e4lvklart har MAVIG s\u00e4kerst\u00e4llt att det inte finns n\u00e5gon risk f\u00f6r skada p\u00e5 patienten vid anv\u00e4ndning av skyddet.<\/p>\n<p>Kardborref\u00e4stet ger ett bra grepp n\u00e4r det \u00e4r korrekt justerat. Vid reng\u00f6ring och desinfektion kan denna modellserie f\u00e4llas upp med hj\u00e4lp av tryckknapparna.<\/p>\n<p>&nbsp;<\/p>\n<p><strong>Material<\/strong><\/p>\n<ul>\n<li>Standardbly med en blyekvivalent p\u00e5 1,00 mm<\/li>\n<li>Mjukt PVC-\u00f6verdrag i ljusgr\u00e5 f\u00e4rg<\/li>\n<li>Kan f\u00e4llas upp via tryckknappar f\u00f6r reng\u00f6ring och desinfektion<\/li>\n<\/ul>\n<p>&nbsp;<\/p>\n<p><strong>Storlekar<\/strong><\/p>\n<ul>\n<li>Vuxna: M\u00e5tt ca 155 \u00d7 120 \u00d7 90 mm<\/li>\n<li>Pojkar: M\u00e5tt ca 110 \u00d7 90 \u00d7 65 mm<\/li>\n<li>Barn: 3-delat set f\u00f6r sp\u00e4dbarn, sm\u00e5barn och barn i \u00e5ldern 1 till cirka 10 \u00e5r<\/li>\n<\/ul>\n<\/div>\n<p>&nbsp;<\/p>\n<p>Det kompletta storlekssetet inneh\u00e5ller ett testikelskydd vardera f\u00f6r sp\u00e4dbarn, sm\u00e5barn och barn fr\u00e5n 1 till cirka 10 \u00e5rs \u00e5lder.<\/p>\n<p>&nbsp;<\/p>\n<div class=\"text__text\">\n<p>Vi erbjuder \u00e4ven l\u00e4mpliga hygienp\u00e5sar f\u00f6r eng\u00e5ngsbruk.<\/p>\n<p>&nbsp;<\/p>\n<p><em>Sj\u00e4lvklart uppfyller v\u00e5ra patientskyddsprodukter f\u00f6rordning (EU) 2016\/425 om personlig skyddsutrustning samt (EU) 2017\/745 om medicintekniska produkter.<\/em><\/p>\n<\/div>","protected":false},"excerpt":{"rendered":"<h2 class=\"product-page__heading\">Testikelskydds\u00f6verdrag RP276<\/h2>\n<blockquote>\n<h4><strong>OBSERVERA!<\/strong><\/h4>\n<p><strong>Endast \u00f6verdrag \u2013 skydd ing\u00e5r ej. Anv\u00e4nds tillsammans med\u00a0<a href=\"https:\/\/stralskyddsprodukter.com\/sv\/produkt\/rp276-testicle-shield\/\">RP276 Testikelsk\u00f6ld<\/a>\u00a0<\/strong><\/p><\/blockquote>\n<p><strong>Denna modell f\u00f6r str\u00e5lskydd av de manliga gonaderna<\/strong> t\u00e4cker \u00e4ven penis och pung helt.<\/p>\n<ul>\n<li><strong>S\u00e4ker fixering<\/strong><\/li>\n<li><strong>Enkel att reng\u00f6ra och sterilisera<\/strong><\/li>\n<li><strong>Utm\u00e4rkta str\u00e5lskyddsegenskaper<\/strong><\/li>\n<\/ul>\n<p><strong>F\u00e4rg:<\/strong><br \/>\nMjukt PVC-\u00f6verdrag f\u00f6r m\u00e4n och pojkar: ljusgr\u00e5<br \/>\nComforTex HPMF f\u00f6r barn: Happy<\/p>","protected":false},"featured_media":3193,"template":"","meta":{"_et_pb_use_builder":"","_et_pb_old_content":"","_et_gb_content_width":"","content-type":""},"product_brand":[33],"product_cat":[51,50,47],"product_tag":[48,72,52],"class_list":{"0":"post-3198","1":"product","2":"type-product","3":"status-publish","4":"has-post-thumbnail","6":"product_brand-mavig","7":"product_cat-children-sizes-x-ray-protection","8":"product_cat-protection-for-the-patient","9":"product_cat-x-ray-protection","10":"product_tag-children-sizes","11":"product_tag-gonadal-protection","12":"product_tag-protection-for-the-patient","13":"product_shipping_class-shipping-clothes","15":"first","16":"instock","17":"taxable","18":"shipping-taxable","19":"purchasable","20":"product-type-variable"},"jetpack_sharing_enabled":true,"_links":{"self":[{"href":"https:\/\/stralskyddsprodukter.com\/sv\/wp-json\/wp\/v2\/product\/3198","targetHints":{"allow":["GET"]}}],"collection":[{"href":"https:\/\/stralskyddsprodukter.com\/sv\/wp-json\/wp\/v2\/product"}],"about":[{"href":"https:\/\/stralskyddsprodukter.com\/sv\/wp-json\/wp\/v2\/types\/product"}],"wp:featuredmedia":[{"embeddable":true,"href":"https:\/\/stralskyddsprodukter.com\/sv\/wp-json\/wp\/v2\/media\/3193"}],"wp:attachment":[{"href":"https:\/\/stralskyddsprodukter.com\/sv\/wp-json\/wp\/v2\/media?parent=3198"}],"wp:term":[{"taxonomy":"product_brand","embeddable":true,"href":"https:\/\/stralskyddsprodukter.com\/sv\/wp-json\/wp\/v2\/product_brand?post=3198"},{"taxonomy":"product_cat","embeddable":true,"href":"https:\/\/stralskyddsprodukter.com\/sv\/wp-json\/wp\/v2\/product_cat?post=3198"},{"taxonomy":"product_tag","embeddable":true,"href":"https:\/\/stralskyddsprodukter.com\/sv\/wp-json\/wp\/v2\/product_tag?post=3198"}],"curies":[{"name":"wp","href":"https:\/\/api.w.org\/{rel}","templated":true}]}}