{"id":3211,"date":"2025-06-23T16:16:48","date_gmt":"2025-06-23T16:16:48","guid":{"rendered":"https:\/\/stralskyddsprodukter.com\/?post_type=product&#038;p=3211"},"modified":"2025-11-13T13:36:46","modified_gmt":"2025-11-13T11:36:46","slug":"rp280-testicle-shield-covers","status":"publish","type":"product","link":"https:\/\/stralskyddsprodukter.com\/sv\/produkt\/rp280-testicle-shield-covers\/","title":{"rendered":"RP280 Skydd f\u00f6r testikelsk\u00f6ld"},"content":{"rendered":"<h2 class=\"text__heading\">Testikelskydd<\/h2>\n<div class=\"text__text\">\n<p>Penis och pung skyddas helt med en blyekvivalent p\u00e5 1,00 mm.<\/p>\n<p>Det vadderade, elastiska fodralf\u00e4stet ger ett varsamt tryck f\u00f6r en s\u00e4ker och korrekt passform under hela unders\u00f6kningen. Den rundade utformningen inneb\u00e4r ingen skaderisk f\u00f6r patienten.<\/p>\n<p>Den \u00e4r enkel att ta p\u00e5 och den hudv\u00e4nliga bel\u00e4ggningen p\u00e5 MAVIG RP280-testikelkapslarna m\u00f6jligg\u00f6r s\u00f6ml\u00f6s hygien b\u00e5de inv\u00e4ndigt och utv\u00e4ndigt. Reng\u00f6ring och desinfektion \u00e4r enkel.<\/p>\n<p>Sj\u00e4lvklart st\u00e5r str\u00e5lskydd i fokus f\u00f6r v\u00e5r produktutveckling, och med anv\u00e4ndning av RP280-serien kan du f\u00f6rs\u00e4kra dina patienter om att ett fullst\u00e4ndigt skydd av underlivet s\u00e4kerst\u00e4lls i enlighet med alla g\u00e4llande lagkrav.<\/p>\n<p>&nbsp;<\/p>\n<p><strong>Mer information<\/strong><\/p>\n<ul>\n<li>Ingen risk f\u00f6r skada p\u00e5 patienten vid anv\u00e4ndning av skyddet<\/li>\n<li>Enkel och bekv\u00e4m att ta p\u00e5<\/li>\n<li>S\u00f6ml\u00f6s p\u00e5 b\u00e5de in- och utsida, hygien garanteras<\/li>\n<\/ul>\n<p>&nbsp;<\/p>\n<p><strong>Material<\/strong><\/p>\n<p>Standardbly med en blyekvivalent p\u00e5 1,00 mm, baserat p\u00e5 naturgummi med hudv\u00e4nlig bel\u00e4ggning i f\u00e4rgen medico-white<\/p>\n<p>&nbsp;<\/p>\n<p><strong>Storlekar<\/strong><\/p>\n<ul>\n<li>Vuxna: M\u00e5tt ca 135 \u00d7 105 \u00d7 60 mm<\/li>\n<li>Pojkar: M\u00e5tt ca 105 \u00d7 85 \u00d7 55 mm<\/li>\n<\/ul>\n<p>&nbsp;<\/p>\n<p>Vi erbjuder \u00e4ven matchande hygienp\u00e5sar f\u00f6r eng\u00e5ngsbruk.<\/p>\n<p>&nbsp;<\/p>\n<p><em>Sj\u00e4lvklart uppfyller v\u00e5ra patientskyddsprodukter f\u00f6rordning (EU) 2016\/425 om personlig skyddsutrustning samt (EU) 2017\/745 om medicintekniska produkter.<\/em><\/p>\n<\/div>","protected":false},"excerpt":{"rendered":"<h2 class=\"product-page__short-description\">Testikelskydd RP280<\/h2>\n<blockquote>\n<h4><strong>OBSERVERA!<\/strong><\/h4>\n<p><strong>Endast \u00f6verdrag \u2013 skydd ing\u00e5r ej. Anv\u00e4nds tillsammans med\u00a0<a href=\"https:\/\/stralskyddsprodukter.com\/sv\/produkt\/rp280-testicle-shield\/\">RP280 Testikelsk\u00f6ld<\/a><\/strong><\/p><\/blockquote>\n<p>&nbsp;<\/p>\n<p>Testikul\u00e4r r\u00f6ntgenskyddskapsel med vadderat, elastiskt fodralf\u00e4ste.<\/p>\n<ul>\n<li><strong>Enkel att anv\u00e4nda<\/strong><\/li>\n<li><strong>Utm\u00e4rkta str\u00e5lskyddsegenskaper<\/strong><\/li>\n<li><strong>S\u00e4ker fixering<\/strong><\/li>\n<\/ul>","protected":false},"featured_media":3209,"template":"","meta":{"_et_pb_use_builder":"","_et_pb_old_content":"","_et_gb_content_width":"","content-type":""},"product_brand":[33],"product_cat":[50,47],"product_tag":[72,52],"class_list":{"0":"post-3211","1":"product","2":"type-product","3":"status-publish","4":"has-post-thumbnail","6":"product_brand-mavig","7":"product_cat-protection-for-the-patient","8":"product_cat-x-ray-protection","9":"product_tag-gonadal-protection","10":"product_tag-protection-for-the-patient","11":"product_shipping_class-shipping-clothes","13":"first","14":"instock","15":"taxable","16":"shipping-taxable","17":"purchasable","18":"product-type-variable"},"jetpack_sharing_enabled":true,"_links":{"self":[{"href":"https:\/\/stralskyddsprodukter.com\/sv\/wp-json\/wp\/v2\/product\/3211","targetHints":{"allow":["GET"]}}],"collection":[{"href":"https:\/\/stralskyddsprodukter.com\/sv\/wp-json\/wp\/v2\/product"}],"about":[{"href":"https:\/\/stralskyddsprodukter.com\/sv\/wp-json\/wp\/v2\/types\/product"}],"wp:featuredmedia":[{"embeddable":true,"href":"https:\/\/stralskyddsprodukter.com\/sv\/wp-json\/wp\/v2\/media\/3209"}],"wp:attachment":[{"href":"https:\/\/stralskyddsprodukter.com\/sv\/wp-json\/wp\/v2\/media?parent=3211"}],"wp:term":[{"taxonomy":"product_brand","embeddable":true,"href":"https:\/\/stralskyddsprodukter.com\/sv\/wp-json\/wp\/v2\/product_brand?post=3211"},{"taxonomy":"product_cat","embeddable":true,"href":"https:\/\/stralskyddsprodukter.com\/sv\/wp-json\/wp\/v2\/product_cat?post=3211"},{"taxonomy":"product_tag","embeddable":true,"href":"https:\/\/stralskyddsprodukter.com\/sv\/wp-json\/wp\/v2\/product_tag?post=3211"}],"curies":[{"name":"wp","href":"https:\/\/api.w.org\/{rel}","templated":true}]}}