{"id":3432,"date":"2025-06-24T13:22:01","date_gmt":"2025-06-24T13:22:01","guid":{"rendered":"https:\/\/stralskyddsprodukter.com\/?post_type=product&#038;p=3432"},"modified":"2026-04-07T21:05:58","modified_gmt":"2026-04-07T19:05:58","slug":"aw106-clothing-hanger","status":"publish","type":"product","link":"https:\/\/stralskyddsprodukter.com\/sv\/produkt\/aw106-clothing-hanger\/","title":{"rendered":"AW106 Kl\u00e4dh\u00e4ngare"},"content":{"rendered":"<h2 class=\"text__heading\">F\u00f6rvaringssystem f\u00f6r r\u00f6ntgenskyddskl\u00e4der \u2013 en daglig assistent<\/h2>\n<div class=\"text__text\">\n<p>MAVIGs kl\u00e4dh\u00e4ngare har s\u00e4rskilt utformats f\u00f6r de h\u00f6gre viktbelastningar som str\u00e5lskyddsplagg inneb\u00e4r.<\/p>\n<\/div>","protected":false},"excerpt":{"rendered":"<h1 class=\"product-page__short-description\">Specialh\u00e4ngare<\/h1>\n<p>Denna kl\u00e4dh\u00e4ngare, tillverkad av h\u00f6gh\u00e5llfast material och med en specialutformad form, \u00e4r idealisk f\u00f6r f\u00f6rvaring av enskilda f\u00f6rkl\u00e4den, rockar eller dr\u00e4kter.<\/p>\n<ul>\n<li><strong>Korrekt och skonsam f\u00f6rvaring<\/strong><\/li>\n<li><strong>Mycket slitstark konstruktion<\/strong><\/li>\n<li><strong>F\u00f6rvaringskapacitet: 1 plagg<\/strong><\/li>\n<li><strong>Tillverkad av 100 % \u00e5tervunnet material (svart)<\/strong><\/li>\n<\/ul>","protected":false},"featured_media":3433,"template":"","meta":{"content-type":""},"product_brand":[33],"product_cat":[57,47],"product_tag":[62],"class_list":{"0":"post-3432","1":"product","2":"type-product","3":"status-publish","4":"has-post-thumbnail","6":"product_brand-mavig","7":"product_cat-storage-systems","8":"product_cat-x-ray-protection","9":"product_tag-storage-systems","10":"product_shipping_class-shipping-heavy-large","12":"first","13":"instock","14":"taxable","15":"shipping-taxable","16":"purchasable","17":"product-type-simple"},"jetpack_sharing_enabled":true,"_links":{"self":[{"href":"https:\/\/stralskyddsprodukter.com\/sv\/wp-json\/wp\/v2\/product\/3432","targetHints":{"allow":["GET"]}}],"collection":[{"href":"https:\/\/stralskyddsprodukter.com\/sv\/wp-json\/wp\/v2\/product"}],"about":[{"href":"https:\/\/stralskyddsprodukter.com\/sv\/wp-json\/wp\/v2\/types\/product"}],"wp:featuredmedia":[{"embeddable":true,"href":"https:\/\/stralskyddsprodukter.com\/sv\/wp-json\/wp\/v2\/media\/3433"}],"wp:attachment":[{"href":"https:\/\/stralskyddsprodukter.com\/sv\/wp-json\/wp\/v2\/media?parent=3432"}],"wp:term":[{"taxonomy":"product_brand","embeddable":true,"href":"https:\/\/stralskyddsprodukter.com\/sv\/wp-json\/wp\/v2\/product_brand?post=3432"},{"taxonomy":"product_cat","embeddable":true,"href":"https:\/\/stralskyddsprodukter.com\/sv\/wp-json\/wp\/v2\/product_cat?post=3432"},{"taxonomy":"product_tag","embeddable":true,"href":"https:\/\/stralskyddsprodukter.com\/sv\/wp-json\/wp\/v2\/product_tag?post=3432"}],"curies":[{"name":"wp","href":"https:\/\/api.w.org\/{rel}","templated":true}]}}