{"id":3455,"date":"2025-06-25T14:05:05","date_gmt":"2025-06-25T14:05:05","guid":{"rendered":"https:\/\/stralskyddsprodukter.com\/?post_type=product&#038;p=3455"},"modified":"2026-04-07T21:05:07","modified_gmt":"2026-04-07T19:05:07","slug":"az187-lead-rubber-single-layer-material","status":"publish","type":"product","link":"https:\/\/stralskyddsprodukter.com\/sv\/produkt\/az187-lead-rubber-single-layer-material\/","title":{"rendered":"AZ187 Blygummi, enskiktsmaterial"},"content":{"rendered":"<h2 class=\"text__heading\">Kassett\u00f6verdrag eller skyddande \u00f6verdrag<\/h2>\n<div class=\"text__text\">\n<p>Det h\u00f6gkvalitativa och robusta materialet AZ187 har en dubbelsidig, l\u00e4ttst\u00e4dad bel\u00e4ggning samt ett inv\u00e4ndigt tyginl\u00e4gg. Materialet \u00e4r okomplicerat att bearbeta och kan enkelt sk\u00e4ras till, limmas, spikas eller skruvas ihop.<\/p>\n<p>Finns som rullmaterial med en effektiv bredd p\u00e5 90 cm, okapade kanter samt i olika blyekvivalenter fr\u00e5n 0,50 mm Pb till 2,00 mm Pb, i steg om 0,50 mm.<\/p>\n<p>&nbsp;<\/p>\n<p><strong>Egenskaper<\/strong><\/p>\n<p>&nbsp;<\/p>\n<ul>\n<li>Polymer NR\/BR\/CSM<\/li>\n<li>H\u00e5rdhetsgrad min. 55 \u00b1 5 Shore A (DIN 53505)<\/li>\n<li>Uppbyggnad: k\u00e4rna av blygummi \u2013 inv\u00e4vt tyginl\u00e4gg \u2013 yttre gummilager, dubbelsidigt<\/li>\n<li>God ozonbest\u00e4ndighet<\/li>\n<li>J\u00e4mn f\u00f6rdelning av de str\u00e5lningsabsorberande tillsatserna<\/li>\n<li>Temperaturbest\u00e4ndighet fr\u00e5n \u201340 \u00b0C till +70 \u00b0C<\/li>\n<li>Ytterh\u00f6lje\/f\u00e4rg dubbelsidigt, ljus gummiyta i \u201dmedico white\u201d<\/li>\n<\/ul>\n<\/div>\n<p><strong>0,50 mm:<\/strong> Tjocklek 2,90\u20133,30 mm, vikt\/m\u00b2 7,5 kg\/m\u00b2<br \/>\n<strong>1,00 mm:<\/strong> Tjocklek 4,56\u20135,16 mm, vikt\/m\u00b2 13,5 kg\/m\u00b2<br \/>\n<strong>1,50 mm:<\/strong> Tjocklek 6,00\u20136,80 mm, vikt\/m\u00b2 19,5 kg\/m\u00b2<br \/>\n<strong>2,00 mm:<\/strong> Tjocklek 7,90\u20138,90 mm, vikt\/m\u00b2 27,0 kg\/m\u00b2<\/p>","protected":false},"excerpt":{"rendered":"<h1 class=\"product-page__short-description\">Blygummi i enkelskiktsmaterial<\/h1>\n<p>Inom radiografi \u00e4r detta enkelskiktade blygummi det huvudsakliga materialet som anv\u00e4nds exempelvis som kassett\u00f6verdrag eller som skyddande \u00f6verdrag f\u00f6r att maskera ett definierat r\u00f6ntgenf\u00e4lt.<\/p>\n<ul>\n<li><strong>God ozonbest\u00e4ndighet<\/strong><\/li>\n<li><strong>J\u00e4mn f\u00f6rdelning av de str\u00e5lningsabsorberande tillsatserna<\/strong><\/li>\n<li><strong>Temperaturbest\u00e4ndighet fr\u00e5n \u201340 \u00b0C till +70 \u00b0C<\/strong><\/li>\n<\/ul>","protected":false},"featured_media":3460,"template":"","meta":{"content-type":""},"product_brand":[33],"product_cat":[58,47],"product_tag":[49],"class_list":{"0":"post-3455","1":"product","2":"type-product","3":"status-publish","4":"has-post-thumbnail","6":"product_brand-mavig","7":"product_cat-x-ray-protection-accessories","8":"product_cat-x-ray-protection","9":"product_tag-accessories","10":"product_shipping_class-shipping-heavy-large","12":"first","13":"instock","14":"taxable","15":"shipping-taxable","16":"purchasable","17":"product-type-variable"},"jetpack_sharing_enabled":true,"_links":{"self":[{"href":"https:\/\/stralskyddsprodukter.com\/sv\/wp-json\/wp\/v2\/product\/3455","targetHints":{"allow":["GET"]}}],"collection":[{"href":"https:\/\/stralskyddsprodukter.com\/sv\/wp-json\/wp\/v2\/product"}],"about":[{"href":"https:\/\/stralskyddsprodukter.com\/sv\/wp-json\/wp\/v2\/types\/product"}],"wp:featuredmedia":[{"embeddable":true,"href":"https:\/\/stralskyddsprodukter.com\/sv\/wp-json\/wp\/v2\/media\/3460"}],"wp:attachment":[{"href":"https:\/\/stralskyddsprodukter.com\/sv\/wp-json\/wp\/v2\/media?parent=3455"}],"wp:term":[{"taxonomy":"product_brand","embeddable":true,"href":"https:\/\/stralskyddsprodukter.com\/sv\/wp-json\/wp\/v2\/product_brand?post=3455"},{"taxonomy":"product_cat","embeddable":true,"href":"https:\/\/stralskyddsprodukter.com\/sv\/wp-json\/wp\/v2\/product_cat?post=3455"},{"taxonomy":"product_tag","embeddable":true,"href":"https:\/\/stralskyddsprodukter.com\/sv\/wp-json\/wp\/v2\/product_tag?post=3455"}],"curies":[{"name":"wp","href":"https:\/\/api.w.org\/{rel}","templated":true}]}}